{"id":992,"date":"2025-01-28T19:51:16","date_gmt":"2025-01-28T18:51:16","guid":{"rendered":"https:\/\/robotisames.com\/pro\/?post_type=product&#038;p=992"},"modified":"2025-01-29T08:46:57","modified_gmt":"2025-01-29T07:46:57","slug":"m-duino-ethernet-plc-arduino-21","status":"publish","type":"product","link":"https:\/\/robotisames.com\/pro\/produit\/m-duino-ethernet-plc-arduino-21","title":{"rendered":"M-DUINO ETHERNET PLC ARDUINO 21"},"content":{"rendered":"<h2>Contr\u00f4leur modulaire<\/h2>\n<p>Il s&rsquo;agit du premier \u00e9quipement bas\u00e9 sur la technologie Arduino con\u00e7u pour un usage professionnel. Cet automate dispose de 21 E\/S. Il contient \u00e9galement plusieurs ports de communication, qui offrent plus de flexibilit\u00e9 et de contr\u00f4le. La famille M-DUINO offre la possibilit\u00e9 d&rsquo;\u00e9tendre jusqu&rsquo;\u00e0 127 modules via I2C, ce qui signifie que vous pouvez avoir jusqu&rsquo;\u00e0 7100 entr\u00e9es\/sorties en connexions ma\u00eetre-esclave, en plus des capteurs, etc\u2026<\/p>\n<h2>Logiciel de programmation<\/h2>\n<p>Ce contr\u00f4leur peut \u00eatre programm\u00e9 \u00e0 l&rsquo;aide de la plateforme Arduino IDE. Consultez le menu Documentation ci-dessous pour t\u00e9l\u00e9charger le logiciel gratuitement.<\/p>\n<h2>Connexion et codage instantan\u00e9s<\/h2>\n<p>Le PLC M-DUINO est programm\u00e9 via les ports USB. Ce contr\u00f4leur peut \u00e9galement \u00eatre programm\u00e9 \u00e0 distance via le port Ethernet. Cela offre un acc\u00e8s imm\u00e9diat \u00e0 la programmation, \u00e0 la maintenance et au contr\u00f4le. De plus, vous pouvez surveiller en permanence l&rsquo;\u00e9tat de toutes les variables, entr\u00e9es, sorties, etc. Il est compatible avec l&rsquo;Ardbox et le Touchberry Pi avec connexion instantan\u00e9e.<\/p>\n","protected":false},"excerpt":{"rendered":"<p>Contr\u00f4leur modulaire Il s&rsquo;agit du premier \u00e9quipement bas\u00e9 sur la technologie Arduino con\u00e7u pour un usage professionnel. Cet automate dispose de 21 E\/S. Il contient \u00e9galement plusieurs ports de communication, qui offrent plus de flexibilit\u00e9 et de contr\u00f4le. La famille M-DUINO offre la possibilit\u00e9 d&rsquo;\u00e9tendre jusqu&rsquo;\u00e0 127 modules via I2C, ce qui signifie que vous pouvez avoir jusqu&rsquo;\u00e0 7100 entr\u00e9es\/sorties en connexions ma\u00eetre-esclave, en plus des capteurs, etc\u2026 Logiciel de programmation Ce contr\u00f4leur peut \u00eatre programm\u00e9 \u00e0 l&rsquo;aide de la plateforme Arduino IDE. Consultez le menu Documentation ci-dessous pour t\u00e9l\u00e9charger le logiciel gratuitement. Connexion et codage instantan\u00e9s Le PLC M-DUINO est programm\u00e9 via les ports USB. Ce contr\u00f4leur peut \u00e9galement \u00eatre programm\u00e9 \u00e0 distance via le port Ethernet. Cela offre un acc\u00e8s imm\u00e9diat \u00e0 la programmation, \u00e0 la maintenance et au contr\u00f4le. De plus, vous pouvez surveiller en permanence l&rsquo;\u00e9tat de toutes les variables, entr\u00e9es, sorties, etc. Il est compatible avec l&rsquo;Ardbox et le Touchberry Pi avec connexion instantan\u00e9e.<\/p>\n","protected":false},"featured_media":993,"template":"","meta":{"site-sidebar-layout":"default","site-content-layout":"","ast-site-content-layout":"default","site-content-style":"default","site-sidebar-style":"default","ast-global-header-display":"","ast-banner-title-visibility":"","ast-main-header-display":"","ast-hfb-above-header-display":"","ast-hfb-below-header-display":"","ast-hfb-mobile-header-display":"","site-post-title":"","ast-breadcrumbs-content":"","ast-featured-img":"","footer-sml-layout":"","theme-transparent-header-meta":"default","adv-header-id-meta":"","stick-header-meta":"","header-above-stick-meta":"","header-main-stick-meta":"","header-below-stick-meta":"","astra-migrate-meta-layouts":"set","ast-page-background-enabled":"default","ast-page-background-meta":{"desktop":{"background-color":"var(--ast-global-color-4)","background-image":"","background-repeat":"repeat","background-position":"center center","background-size":"auto","background-attachment":"scroll","background-type":"","background-media":"","overlay-type":"","overlay-color":"","overlay-opacity":"","overlay-gradient":""},"tablet":{"background-color":"","background-image":"","background-repeat":"repeat","background-position":"center center","background-size":"auto","background-attachment":"scroll","background-type":"","background-media":"","overlay-type":"","overlay-color":"","overlay-opacity":"","overlay-gradient":""},"mobile":{"background-color":"","background-image":"","background-repeat":"repeat","background-position":"center center","background-size":"auto","background-attachment":"scroll","background-type":"","background-media":"","overlay-type":"","overlay-color":"","overlay-opacity":"","overlay-gradient":""}},"ast-content-background-meta":{"desktop":{"background-color":"var(--ast-global-color-5)","background-image":"","background-repeat":"repeat","background-position":"center center","background-size":"auto","background-attachment":"scroll","background-type":"","background-media":"","overlay-type":"","overlay-color":"","overlay-opacity":"","overlay-gradient":""},"tablet":{"background-color":"var(--ast-global-color-5)","background-image":"","background-repeat":"repeat","background-position":"center center","background-size":"auto","background-attachment":"scroll","background-type":"","background-media":"","overlay-type":"","overlay-color":"","overlay-opacity":"","overlay-gradient":""},"mobile":{"background-color":"var(--ast-global-color-5)","background-image":"","background-repeat":"repeat","background-position":"center center","background-size":"auto","background-attachment":"scroll","background-type":"","background-media":"","overlay-type":"","overlay-color":"","overlay-opacity":"","overlay-gradient":""}}},"product_brand":[],"product_cat":[37],"product_tag":[44],"class_list":{"0":"post-992","1":"product","2":"type-product","3":"status-publish","4":"has-post-thumbnail","6":"product_cat-arduino","7":"product_tag-industrial-shields","8":"desktop-align-left","9":"tablet-align-left","10":"mobile-align-left","12":"first","13":"instock","14":"taxable","15":"shipping-taxable","16":"product-type-simple"},"yoast_head":"<!-- This site is optimized with the Yoast SEO plugin v27.5 - https:\/\/yoast.com\/product\/yoast-seo-wordpress\/ -->\n<title>M-DUINO ETHERNET PLC ARDUINO 21 - Robotis\u00e2mes Pro<\/title>\n<meta name=\"robots\" content=\"index, follow, max-snippet:-1, max-image-preview:large, max-video-preview:-1\" \/>\n<link rel=\"canonical\" href=\"https:\/\/robotisames.com\/pro\/produit\/m-duino-ethernet-plc-arduino-21\" \/>\n<meta property=\"og:locale\" content=\"fr_FR\" \/>\n<meta property=\"og:type\" content=\"article\" \/>\n<meta property=\"og:title\" content=\"M-DUINO ETHERNET PLC ARDUINO 21 - Robotis\u00e2mes Pro\" \/>\n<meta property=\"og:description\" content=\"Contr\u00f4leur modulaire Il s&rsquo;agit du premier \u00e9quipement bas\u00e9 sur la technologie Arduino con\u00e7u pour un usage professionnel. Cet automate dispose de 21 E\/S. Il contient \u00e9galement plusieurs ports de communication, qui offrent plus de flexibilit\u00e9 et de contr\u00f4le. La famille M-DUINO offre la possibilit\u00e9 d&rsquo;\u00e9tendre jusqu&rsquo;\u00e0 127 modules via I2C, ce qui signifie que vous pouvez avoir jusqu&rsquo;\u00e0 7100 entr\u00e9es\/sorties en connexions ma\u00eetre-esclave, en plus des capteurs, etc\u2026 Logiciel de programmation Ce contr\u00f4leur peut \u00eatre programm\u00e9 \u00e0 l&rsquo;aide de la plateforme Arduino IDE. Consultez le menu Documentation ci-dessous pour t\u00e9l\u00e9charger le logiciel gratuitement. Connexion et codage instantan\u00e9s Le PLC M-DUINO est programm\u00e9 via les ports USB. Ce contr\u00f4leur peut \u00e9galement \u00eatre programm\u00e9 \u00e0 distance via le port Ethernet. Cela offre un acc\u00e8s imm\u00e9diat \u00e0 la programmation, \u00e0 la maintenance et au contr\u00f4le. De plus, vous pouvez surveiller en permanence l&rsquo;\u00e9tat de toutes les variables, entr\u00e9es, sorties, etc. Il est compatible avec l&rsquo;Ardbox et le Touchberry Pi avec connexion instantan\u00e9e.\" \/>\n<meta property=\"og:url\" content=\"https:\/\/robotisames.com\/pro\/produit\/m-duino-ethernet-plc-arduino-21\" \/>\n<meta property=\"og:site_name\" content=\"Robotis\u00e2mes Pro\" \/>\n<meta property=\"article:modified_time\" content=\"2025-01-29T07:46:57+00:00\" \/>\n<meta property=\"og:image\" content=\"https:\/\/robotisames.com\/pro\/wp-content\/uploads\/2025\/01\/IS.MDuino.21-M-DUINO-ETHERNET-PLC-ARDUINO-21-No-Additional-Com.-Board-1.jpg\" \/>\n\t<meta property=\"og:image:width\" content=\"1024\" \/>\n\t<meta property=\"og:image:height\" content=\"1024\" \/>\n\t<meta property=\"og:image:type\" content=\"image\/jpeg\" \/>\n<meta name=\"twitter:card\" content=\"summary_large_image\" \/>\n<meta name=\"twitter:label1\" content=\"Dur\u00e9e de lecture estim\u00e9e\" \/>\n\t<meta name=\"twitter:data1\" content=\"2 minutes\" \/>\n<script type=\"application\/ld+json\" class=\"yoast-schema-graph\">{\"@context\":\"https:\\\/\\\/schema.org\",\"@graph\":[{\"@type\":\"WebPage\",\"@id\":\"https:\\\/\\\/robotisames.com\\\/pro\\\/produit\\\/m-duino-ethernet-plc-arduino-21\",\"url\":\"https:\\\/\\\/robotisames.com\\\/pro\\\/produit\\\/m-duino-ethernet-plc-arduino-21\",\"name\":\"M-DUINO ETHERNET PLC ARDUINO 21 - Robotis\u00e2mes Pro\",\"isPartOf\":{\"@id\":\"https:\\\/\\\/robotisames.com\\\/pro\\\/#website\"},\"primaryImageOfPage\":{\"@id\":\"https:\\\/\\\/robotisames.com\\\/pro\\\/produit\\\/m-duino-ethernet-plc-arduino-21#primaryimage\"},\"image\":{\"@id\":\"https:\\\/\\\/robotisames.com\\\/pro\\\/produit\\\/m-duino-ethernet-plc-arduino-21#primaryimage\"},\"thumbnailUrl\":\"https:\\\/\\\/robotisames.com\\\/pro\\\/wp-content\\\/uploads\\\/2025\\\/01\\\/IS.MDuino.21-M-DUINO-ETHERNET-PLC-ARDUINO-21-No-Additional-Com.-Board-1.jpg\",\"datePublished\":\"2025-01-28T18:51:16+00:00\",\"dateModified\":\"2025-01-29T07:46:57+00:00\",\"breadcrumb\":{\"@id\":\"https:\\\/\\\/robotisames.com\\\/pro\\\/produit\\\/m-duino-ethernet-plc-arduino-21#breadcrumb\"},\"inLanguage\":\"fr-FR\",\"potentialAction\":[{\"@type\":\"ReadAction\",\"target\":[\"https:\\\/\\\/robotisames.com\\\/pro\\\/produit\\\/m-duino-ethernet-plc-arduino-21\"]}]},{\"@type\":\"ImageObject\",\"inLanguage\":\"fr-FR\",\"@id\":\"https:\\\/\\\/robotisames.com\\\/pro\\\/produit\\\/m-duino-ethernet-plc-arduino-21#primaryimage\",\"url\":\"https:\\\/\\\/robotisames.com\\\/pro\\\/wp-content\\\/uploads\\\/2025\\\/01\\\/IS.MDuino.21-M-DUINO-ETHERNET-PLC-ARDUINO-21-No-Additional-Com.-Board-1.jpg\",\"contentUrl\":\"https:\\\/\\\/robotisames.com\\\/pro\\\/wp-content\\\/uploads\\\/2025\\\/01\\\/IS.MDuino.21-M-DUINO-ETHERNET-PLC-ARDUINO-21-No-Additional-Com.-Board-1.jpg\",\"width\":1024,\"height\":1024},{\"@type\":\"BreadcrumbList\",\"@id\":\"https:\\\/\\\/robotisames.com\\\/pro\\\/produit\\\/m-duino-ethernet-plc-arduino-21#breadcrumb\",\"itemListElement\":[{\"@type\":\"ListItem\",\"position\":1,\"name\":\"Accueil\",\"item\":\"https:\\\/\\\/robotisames.com\\\/pro\\\/\"},{\"@type\":\"ListItem\",\"position\":2,\"name\":\"Automates programmables\",\"item\":\"https:\\\/\\\/robotisames.com\\\/pro\\\/automates-programmables\"},{\"@type\":\"ListItem\",\"position\":3,\"name\":\"M-DUINO ETHERNET PLC ARDUINO 21\"}]},{\"@type\":\"WebSite\",\"@id\":\"https:\\\/\\\/robotisames.com\\\/pro\\\/#website\",\"url\":\"https:\\\/\\\/robotisames.com\\\/pro\\\/\",\"name\":\"Robotis\u00e2mes Pro\",\"description\":\"Distributeur officiel Industrial Shields au Maroc\",\"publisher\":{\"@id\":\"https:\\\/\\\/robotisames.com\\\/pro\\\/#organization\"},\"potentialAction\":[{\"@type\":\"SearchAction\",\"target\":{\"@type\":\"EntryPoint\",\"urlTemplate\":\"https:\\\/\\\/robotisames.com\\\/pro\\\/?s={search_term_string}\"},\"query-input\":{\"@type\":\"PropertyValueSpecification\",\"valueRequired\":true,\"valueName\":\"search_term_string\"}}],\"inLanguage\":\"fr-FR\"},{\"@type\":\"Organization\",\"@id\":\"https:\\\/\\\/robotisames.com\\\/pro\\\/#organization\",\"name\":\"Robotis\u00e2mes Pro\",\"url\":\"https:\\\/\\\/robotisames.com\\\/pro\\\/\",\"logo\":{\"@type\":\"ImageObject\",\"inLanguage\":\"fr-FR\",\"@id\":\"https:\\\/\\\/robotisames.com\\\/pro\\\/#\\\/schema\\\/logo\\\/image\\\/\",\"url\":\"https:\\\/\\\/robotisames.com\\\/pro\\\/wp-content\\\/uploads\\\/2023\\\/02\\\/logo-robotisames-pro.png\",\"contentUrl\":\"https:\\\/\\\/robotisames.com\\\/pro\\\/wp-content\\\/uploads\\\/2023\\\/02\\\/logo-robotisames-pro.png\",\"width\":2172,\"height\":330,\"caption\":\"Robotis\u00e2mes Pro\"},\"image\":{\"@id\":\"https:\\\/\\\/robotisames.com\\\/pro\\\/#\\\/schema\\\/logo\\\/image\\\/\"}}]}<\/script>\n<!-- \/ Yoast SEO plugin. -->","yoast_head_json":{"title":"M-DUINO ETHERNET PLC ARDUINO 21 - Robotis\u00e2mes Pro","robots":{"index":"index","follow":"follow","max-snippet":"max-snippet:-1","max-image-preview":"max-image-preview:large","max-video-preview":"max-video-preview:-1"},"canonical":"https:\/\/robotisames.com\/pro\/produit\/m-duino-ethernet-plc-arduino-21","og_locale":"fr_FR","og_type":"article","og_title":"M-DUINO ETHERNET PLC ARDUINO 21 - Robotis\u00e2mes Pro","og_description":"Contr\u00f4leur modulaire Il s&rsquo;agit du premier \u00e9quipement bas\u00e9 sur la technologie Arduino con\u00e7u pour un usage professionnel. Cet automate dispose de 21 E\/S. Il contient \u00e9galement plusieurs ports de communication, qui offrent plus de flexibilit\u00e9 et de contr\u00f4le. La famille M-DUINO offre la possibilit\u00e9 d&rsquo;\u00e9tendre jusqu&rsquo;\u00e0 127 modules via I2C, ce qui signifie que vous pouvez avoir jusqu&rsquo;\u00e0 7100 entr\u00e9es\/sorties en connexions ma\u00eetre-esclave, en plus des capteurs, etc\u2026 Logiciel de programmation Ce contr\u00f4leur peut \u00eatre programm\u00e9 \u00e0 l&rsquo;aide de la plateforme Arduino IDE. Consultez le menu Documentation ci-dessous pour t\u00e9l\u00e9charger le logiciel gratuitement. Connexion et codage instantan\u00e9s Le PLC M-DUINO est programm\u00e9 via les ports USB. Ce contr\u00f4leur peut \u00e9galement \u00eatre programm\u00e9 \u00e0 distance via le port Ethernet. Cela offre un acc\u00e8s imm\u00e9diat \u00e0 la programmation, \u00e0 la maintenance et au contr\u00f4le. De plus, vous pouvez surveiller en permanence l&rsquo;\u00e9tat de toutes les variables, entr\u00e9es, sorties, etc. Il est compatible avec l&rsquo;Ardbox et le Touchberry Pi avec connexion instantan\u00e9e.","og_url":"https:\/\/robotisames.com\/pro\/produit\/m-duino-ethernet-plc-arduino-21","og_site_name":"Robotis\u00e2mes Pro","article_modified_time":"2025-01-29T07:46:57+00:00","og_image":[{"width":1024,"height":1024,"url":"https:\/\/robotisames.com\/pro\/wp-content\/uploads\/2025\/01\/IS.MDuino.21-M-DUINO-ETHERNET-PLC-ARDUINO-21-No-Additional-Com.-Board-1.jpg","type":"image\/jpeg"}],"twitter_card":"summary_large_image","twitter_misc":{"Dur\u00e9e de lecture estim\u00e9e":"2 minutes"},"schema":{"@context":"https:\/\/schema.org","@graph":[{"@type":"WebPage","@id":"https:\/\/robotisames.com\/pro\/produit\/m-duino-ethernet-plc-arduino-21","url":"https:\/\/robotisames.com\/pro\/produit\/m-duino-ethernet-plc-arduino-21","name":"M-DUINO ETHERNET PLC ARDUINO 21 - Robotis\u00e2mes Pro","isPartOf":{"@id":"https:\/\/robotisames.com\/pro\/#website"},"primaryImageOfPage":{"@id":"https:\/\/robotisames.com\/pro\/produit\/m-duino-ethernet-plc-arduino-21#primaryimage"},"image":{"@id":"https:\/\/robotisames.com\/pro\/produit\/m-duino-ethernet-plc-arduino-21#primaryimage"},"thumbnailUrl":"https:\/\/robotisames.com\/pro\/wp-content\/uploads\/2025\/01\/IS.MDuino.21-M-DUINO-ETHERNET-PLC-ARDUINO-21-No-Additional-Com.-Board-1.jpg","datePublished":"2025-01-28T18:51:16+00:00","dateModified":"2025-01-29T07:46:57+00:00","breadcrumb":{"@id":"https:\/\/robotisames.com\/pro\/produit\/m-duino-ethernet-plc-arduino-21#breadcrumb"},"inLanguage":"fr-FR","potentialAction":[{"@type":"ReadAction","target":["https:\/\/robotisames.com\/pro\/produit\/m-duino-ethernet-plc-arduino-21"]}]},{"@type":"ImageObject","inLanguage":"fr-FR","@id":"https:\/\/robotisames.com\/pro\/produit\/m-duino-ethernet-plc-arduino-21#primaryimage","url":"https:\/\/robotisames.com\/pro\/wp-content\/uploads\/2025\/01\/IS.MDuino.21-M-DUINO-ETHERNET-PLC-ARDUINO-21-No-Additional-Com.-Board-1.jpg","contentUrl":"https:\/\/robotisames.com\/pro\/wp-content\/uploads\/2025\/01\/IS.MDuino.21-M-DUINO-ETHERNET-PLC-ARDUINO-21-No-Additional-Com.-Board-1.jpg","width":1024,"height":1024},{"@type":"BreadcrumbList","@id":"https:\/\/robotisames.com\/pro\/produit\/m-duino-ethernet-plc-arduino-21#breadcrumb","itemListElement":[{"@type":"ListItem","position":1,"name":"Accueil","item":"https:\/\/robotisames.com\/pro\/"},{"@type":"ListItem","position":2,"name":"Automates programmables","item":"https:\/\/robotisames.com\/pro\/automates-programmables"},{"@type":"ListItem","position":3,"name":"M-DUINO ETHERNET PLC ARDUINO 21"}]},{"@type":"WebSite","@id":"https:\/\/robotisames.com\/pro\/#website","url":"https:\/\/robotisames.com\/pro\/","name":"Robotis\u00e2mes Pro","description":"Distributeur officiel Industrial Shields au Maroc","publisher":{"@id":"https:\/\/robotisames.com\/pro\/#organization"},"potentialAction":[{"@type":"SearchAction","target":{"@type":"EntryPoint","urlTemplate":"https:\/\/robotisames.com\/pro\/?s={search_term_string}"},"query-input":{"@type":"PropertyValueSpecification","valueRequired":true,"valueName":"search_term_string"}}],"inLanguage":"fr-FR"},{"@type":"Organization","@id":"https:\/\/robotisames.com\/pro\/#organization","name":"Robotis\u00e2mes Pro","url":"https:\/\/robotisames.com\/pro\/","logo":{"@type":"ImageObject","inLanguage":"fr-FR","@id":"https:\/\/robotisames.com\/pro\/#\/schema\/logo\/image\/","url":"https:\/\/robotisames.com\/pro\/wp-content\/uploads\/2023\/02\/logo-robotisames-pro.png","contentUrl":"https:\/\/robotisames.com\/pro\/wp-content\/uploads\/2023\/02\/logo-robotisames-pro.png","width":2172,"height":330,"caption":"Robotis\u00e2mes Pro"},"image":{"@id":"https:\/\/robotisames.com\/pro\/#\/schema\/logo\/image\/"}}]}},"_links":{"self":[{"href":"https:\/\/robotisames.com\/pro\/wp-json\/wp\/v2\/product\/992","targetHints":{"allow":["GET"]}}],"collection":[{"href":"https:\/\/robotisames.com\/pro\/wp-json\/wp\/v2\/product"}],"about":[{"href":"https:\/\/robotisames.com\/pro\/wp-json\/wp\/v2\/types\/product"}],"wp:featuredmedia":[{"embeddable":true,"href":"https:\/\/robotisames.com\/pro\/wp-json\/wp\/v2\/media\/993"}],"wp:attachment":[{"href":"https:\/\/robotisames.com\/pro\/wp-json\/wp\/v2\/media?parent=992"}],"wp:term":[{"taxonomy":"product_brand","embeddable":true,"href":"https:\/\/robotisames.com\/pro\/wp-json\/wp\/v2\/product_brand?post=992"},{"taxonomy":"product_cat","embeddable":true,"href":"https:\/\/robotisames.com\/pro\/wp-json\/wp\/v2\/product_cat?post=992"},{"taxonomy":"product_tag","embeddable":true,"href":"https:\/\/robotisames.com\/pro\/wp-json\/wp\/v2\/product_tag?post=992"}],"curies":[{"name":"wp","href":"https:\/\/api.w.org\/{rel}","templated":true}]}}