{"id":989,"date":"2025-01-28T19:46:40","date_gmt":"2025-01-28T18:46:40","guid":{"rendered":"https:\/\/robotisames.com\/pro\/?post_type=product&#038;p=989"},"modified":"2025-01-29T08:46:57","modified_gmt":"2025-01-29T07:46:57","slug":"arduino-based-kit-1-ardbox-plc-power-supply-5a-wire","status":"publish","type":"product","link":"https:\/\/robotisames.com\/pro\/produit\/arduino-based-kit-1-ardbox-plc-power-supply-5a-wire","title":{"rendered":"Arduino based Kit 1: ARDBOX PLC + Power Supply 5A + Wire"},"content":{"rendered":"<h2>API bas\u00e9 sur Arduino<\/h2>\n<p>Il dispose de 20 entr\u00e9es\/sorties num\u00e9riques. 10x entr\u00e9es analogiques ou num\u00e9riques (voir sp\u00e9cifications) et 10x sorties num\u00e9riques ou analogiques (voir sp\u00e9cifications).<\/p>\n<p>La famille Basic Controllers offre la possibilit\u00e9 de communication entre deux ordinateurs en utilisant I2C en obtenant une connexion ma\u00eetre-esclave.<\/p>\n<h2>Connexion et programmation instantan\u00e9es<\/h2>\n<p>La famille Basic Controllers, car elle utilise un Arduino LEONARDO, vous permet de le programmer via USB. Cette fonctionnalit\u00e9 permet un acc\u00e8s imm\u00e9diat afin de le programmer, de l&rsquo;entretenir et de pr\u00e9parer son installation. Il vous permet de contr\u00f4ler votre \u00e9quipement sans aucune limite.<\/p>\n<h2>Modules standardis\u00e9s<\/h2>\n<p>Les diff\u00e9rents appareils Basic Controllers sont programm\u00e9s exactement de la m\u00eame mani\u00e8re. Une fois que vous en avez utilis\u00e9 un, les autres peuvent \u00eatre configur\u00e9s en utilisant la m\u00eame m\u00e9thodologie.<\/p>\n<h2>Extensible<\/h2>\n<p>Gr\u00e2ce \u00e0 la connexion I2C dont dispose toute la famille des contr\u00f4leurs Basic, vous pouvez connecter jusqu&rsquo;\u00e0 127 modules, ce qui signifie que vous pouvez avoir jusqu&rsquo;\u00e0 2.540 entr\u00e9es\/sorties en connexion ma\u00eetre-esclave. REMARQUE\u00a0: pour I2C, vous devez nous indiquer cette exigence.<\/p>\n<h2>Flexible et dynamique<\/h2>\n<p>Tous les composants sont configurables, \u00e0 la fois pour configurer vos t\u00e2ches en tant que ma\u00eetre ou esclave lorsqu&rsquo;ils sont utilis\u00e9s sur une connexion ma\u00eetre-esclave via I2C.<\/p>\n","protected":false},"excerpt":{"rendered":"<p>API bas\u00e9 sur Arduino Il dispose de 20 entr\u00e9es\/sorties num\u00e9riques. 10x entr\u00e9es analogiques ou num\u00e9riques (voir sp\u00e9cifications) et 10x sorties num\u00e9riques ou analogiques (voir sp\u00e9cifications). La famille Basic Controllers offre la possibilit\u00e9 de communication entre deux ordinateurs en utilisant I2C en obtenant une connexion ma\u00eetre-esclave. Connexion et programmation instantan\u00e9es La famille Basic Controllers, car elle utilise un Arduino LEONARDO, vous permet de le programmer via USB. Cette fonctionnalit\u00e9 permet un acc\u00e8s imm\u00e9diat afin de le programmer, de l&rsquo;entretenir et de pr\u00e9parer son installation. Il vous permet de contr\u00f4ler votre \u00e9quipement sans aucune limite. Modules standardis\u00e9s Les diff\u00e9rents appareils Basic Controllers sont programm\u00e9s exactement de la m\u00eame mani\u00e8re. Une fois que vous en avez utilis\u00e9 un, les autres peuvent \u00eatre configur\u00e9s en utilisant la m\u00eame m\u00e9thodologie. Extensible Gr\u00e2ce \u00e0 la connexion I2C dont dispose toute la famille des contr\u00f4leurs Basic, vous pouvez connecter jusqu&rsquo;\u00e0 127 modules, ce qui signifie que vous pouvez avoir jusqu&rsquo;\u00e0 2.540 entr\u00e9es\/sorties en connexion ma\u00eetre-esclave. REMARQUE\u00a0: pour I2C, vous devez nous indiquer cette exigence. Flexible et dynamique Tous les composants sont configurables, \u00e0 la fois pour configurer vos t\u00e2ches en tant que ma\u00eetre ou esclave lorsqu&rsquo;ils sont utilis\u00e9s sur une connexion ma\u00eetre-esclave via I2C.<\/p>\n","protected":false},"featured_media":990,"template":"","meta":{"site-sidebar-layout":"default","site-content-layout":"","ast-site-content-layout":"default","site-content-style":"default","site-sidebar-style":"default","ast-global-header-display":"","ast-banner-title-visibility":"","ast-main-header-display":"","ast-hfb-above-header-display":"","ast-hfb-below-header-display":"","ast-hfb-mobile-header-display":"","site-post-title":"","ast-breadcrumbs-content":"","ast-featured-img":"","footer-sml-layout":"","theme-transparent-header-meta":"default","adv-header-id-meta":"","stick-header-meta":"","header-above-stick-meta":"","header-main-stick-meta":"","header-below-stick-meta":"","astra-migrate-meta-layouts":"set","ast-page-background-enabled":"default","ast-page-background-meta":{"desktop":{"background-color":"var(--ast-global-color-4)","background-image":"","background-repeat":"repeat","background-position":"center center","background-size":"auto","background-attachment":"scroll","background-type":"","background-media":"","overlay-type":"","overlay-color":"","overlay-opacity":"","overlay-gradient":""},"tablet":{"background-color":"","background-image":"","background-repeat":"repeat","background-position":"center center","background-size":"auto","background-attachment":"scroll","background-type":"","background-media":"","overlay-type":"","overlay-color":"","overlay-opacity":"","overlay-gradient":""},"mobile":{"background-color":"","background-image":"","background-repeat":"repeat","background-position":"center center","background-size":"auto","background-attachment":"scroll","background-type":"","background-media":"","overlay-type":"","overlay-color":"","overlay-opacity":"","overlay-gradient":""}},"ast-content-background-meta":{"desktop":{"background-color":"var(--ast-global-color-5)","background-image":"","background-repeat":"repeat","background-position":"center center","background-size":"auto","background-attachment":"scroll","background-type":"","background-media":"","overlay-type":"","overlay-color":"","overlay-opacity":"","overlay-gradient":""},"tablet":{"background-color":"var(--ast-global-color-5)","background-image":"","background-repeat":"repeat","background-position":"center center","background-size":"auto","background-attachment":"scroll","background-type":"","background-media":"","overlay-type":"","overlay-color":"","overlay-opacity":"","overlay-gradient":""},"mobile":{"background-color":"var(--ast-global-color-5)","background-image":"","background-repeat":"repeat","background-position":"center center","background-size":"auto","background-attachment":"scroll","background-type":"","background-media":"","overlay-type":"","overlay-color":"","overlay-opacity":"","overlay-gradient":""}}},"product_brand":[],"product_cat":[37],"product_tag":[44],"class_list":{"0":"post-989","1":"product","2":"type-product","3":"status-publish","4":"has-post-thumbnail","6":"product_cat-arduino","7":"product_tag-industrial-shields","8":"desktop-align-left","9":"tablet-align-left","10":"mobile-align-left","12":"first","13":"instock","14":"taxable","15":"shipping-taxable","16":"product-type-simple"},"yoast_head":"<!-- This site is optimized with the Yoast SEO plugin v27.6 - https:\/\/yoast.com\/product\/yoast-seo-wordpress\/ -->\n<title>Arduino based Kit 1: ARDBOX PLC + Power Supply 5A + Wire - Robotis\u00e2mes Pro<\/title>\n<meta name=\"robots\" content=\"index, follow, max-snippet:-1, max-image-preview:large, max-video-preview:-1\" \/>\n<link rel=\"canonical\" href=\"https:\/\/robotisames.com\/pro\/produit\/arduino-based-kit-1-ardbox-plc-power-supply-5a-wire\" \/>\n<meta property=\"og:locale\" content=\"fr_FR\" \/>\n<meta property=\"og:type\" content=\"article\" \/>\n<meta property=\"og:title\" content=\"Arduino based Kit 1: ARDBOX PLC + Power Supply 5A + Wire - Robotis\u00e2mes Pro\" \/>\n<meta property=\"og:description\" content=\"API bas\u00e9 sur Arduino Il dispose de 20 entr\u00e9es\/sorties num\u00e9riques. 10x entr\u00e9es analogiques ou num\u00e9riques (voir sp\u00e9cifications) et 10x sorties num\u00e9riques ou analogiques (voir sp\u00e9cifications). La famille Basic Controllers offre la possibilit\u00e9 de communication entre deux ordinateurs en utilisant I2C en obtenant une connexion ma\u00eetre-esclave. Connexion et programmation instantan\u00e9es La famille Basic Controllers, car elle utilise un Arduino LEONARDO, vous permet de le programmer via USB. Cette fonctionnalit\u00e9 permet un acc\u00e8s imm\u00e9diat afin de le programmer, de l&rsquo;entretenir et de pr\u00e9parer son installation. Il vous permet de contr\u00f4ler votre \u00e9quipement sans aucune limite. Modules standardis\u00e9s Les diff\u00e9rents appareils Basic Controllers sont programm\u00e9s exactement de la m\u00eame mani\u00e8re. Une fois que vous en avez utilis\u00e9 un, les autres peuvent \u00eatre configur\u00e9s en utilisant la m\u00eame m\u00e9thodologie. Extensible Gr\u00e2ce \u00e0 la connexion I2C dont dispose toute la famille des contr\u00f4leurs Basic, vous pouvez connecter jusqu&rsquo;\u00e0 127 modules, ce qui signifie que vous pouvez avoir jusqu&rsquo;\u00e0 2.540 entr\u00e9es\/sorties en connexion ma\u00eetre-esclave. REMARQUE\u00a0: pour I2C, vous devez nous indiquer cette exigence. Flexible et dynamique Tous les composants sont configurables, \u00e0 la fois pour configurer vos t\u00e2ches en tant que ma\u00eetre ou esclave lorsqu&rsquo;ils sont utilis\u00e9s sur une connexion ma\u00eetre-esclave via I2C.\" \/>\n<meta property=\"og:url\" content=\"https:\/\/robotisames.com\/pro\/produit\/arduino-based-kit-1-ardbox-plc-power-supply-5a-wire\" \/>\n<meta property=\"og:site_name\" content=\"Robotis\u00e2mes Pro\" \/>\n<meta property=\"article:modified_time\" content=\"2025-01-29T07:46:57+00:00\" \/>\n<meta property=\"og:image\" content=\"https:\/\/robotisames.com\/pro\/wp-content\/uploads\/2025\/01\/IS.AB20AN.HF24V120W-Arduino-based-Kit-1_-ARDBOX-PLC-Power-Supply-5A-Wire.jpg\" \/>\n\t<meta property=\"og:image:width\" content=\"1000\" \/>\n\t<meta property=\"og:image:height\" content=\"1000\" \/>\n\t<meta property=\"og:image:type\" content=\"image\/jpeg\" \/>\n<meta name=\"twitter:card\" content=\"summary_large_image\" \/>\n<meta name=\"twitter:label1\" content=\"Dur\u00e9e de lecture estim\u00e9e\" \/>\n\t<meta name=\"twitter:data1\" content=\"2 minutes\" \/>\n<script type=\"application\/ld+json\" class=\"yoast-schema-graph\">{\"@context\":\"https:\\\/\\\/schema.org\",\"@graph\":[{\"@type\":\"WebPage\",\"@id\":\"https:\\\/\\\/robotisames.com\\\/pro\\\/produit\\\/arduino-based-kit-1-ardbox-plc-power-supply-5a-wire\",\"url\":\"https:\\\/\\\/robotisames.com\\\/pro\\\/produit\\\/arduino-based-kit-1-ardbox-plc-power-supply-5a-wire\",\"name\":\"Arduino based Kit 1: ARDBOX PLC + Power Supply 5A + Wire - Robotis\u00e2mes Pro\",\"isPartOf\":{\"@id\":\"https:\\\/\\\/robotisames.com\\\/pro\\\/#website\"},\"primaryImageOfPage\":{\"@id\":\"https:\\\/\\\/robotisames.com\\\/pro\\\/produit\\\/arduino-based-kit-1-ardbox-plc-power-supply-5a-wire#primaryimage\"},\"image\":{\"@id\":\"https:\\\/\\\/robotisames.com\\\/pro\\\/produit\\\/arduino-based-kit-1-ardbox-plc-power-supply-5a-wire#primaryimage\"},\"thumbnailUrl\":\"https:\\\/\\\/robotisames.com\\\/pro\\\/wp-content\\\/uploads\\\/2025\\\/01\\\/IS.AB20AN.HF24V120W-Arduino-based-Kit-1_-ARDBOX-PLC-Power-Supply-5A-Wire.jpg\",\"datePublished\":\"2025-01-28T18:46:40+00:00\",\"dateModified\":\"2025-01-29T07:46:57+00:00\",\"breadcrumb\":{\"@id\":\"https:\\\/\\\/robotisames.com\\\/pro\\\/produit\\\/arduino-based-kit-1-ardbox-plc-power-supply-5a-wire#breadcrumb\"},\"inLanguage\":\"fr-FR\",\"potentialAction\":[{\"@type\":\"ReadAction\",\"target\":[\"https:\\\/\\\/robotisames.com\\\/pro\\\/produit\\\/arduino-based-kit-1-ardbox-plc-power-supply-5a-wire\"]}]},{\"@type\":\"ImageObject\",\"inLanguage\":\"fr-FR\",\"@id\":\"https:\\\/\\\/robotisames.com\\\/pro\\\/produit\\\/arduino-based-kit-1-ardbox-plc-power-supply-5a-wire#primaryimage\",\"url\":\"https:\\\/\\\/robotisames.com\\\/pro\\\/wp-content\\\/uploads\\\/2025\\\/01\\\/IS.AB20AN.HF24V120W-Arduino-based-Kit-1_-ARDBOX-PLC-Power-Supply-5A-Wire.jpg\",\"contentUrl\":\"https:\\\/\\\/robotisames.com\\\/pro\\\/wp-content\\\/uploads\\\/2025\\\/01\\\/IS.AB20AN.HF24V120W-Arduino-based-Kit-1_-ARDBOX-PLC-Power-Supply-5A-Wire.jpg\",\"width\":1000,\"height\":1000},{\"@type\":\"BreadcrumbList\",\"@id\":\"https:\\\/\\\/robotisames.com\\\/pro\\\/produit\\\/arduino-based-kit-1-ardbox-plc-power-supply-5a-wire#breadcrumb\",\"itemListElement\":[{\"@type\":\"ListItem\",\"position\":1,\"name\":\"Accueil\",\"item\":\"https:\\\/\\\/robotisames.com\\\/pro\\\/\"},{\"@type\":\"ListItem\",\"position\":2,\"name\":\"Automates programmables\",\"item\":\"https:\\\/\\\/robotisames.com\\\/pro\\\/automates-programmables\"},{\"@type\":\"ListItem\",\"position\":3,\"name\":\"Arduino based Kit 1: ARDBOX PLC + Power Supply 5A + Wire\"}]},{\"@type\":\"WebSite\",\"@id\":\"https:\\\/\\\/robotisames.com\\\/pro\\\/#website\",\"url\":\"https:\\\/\\\/robotisames.com\\\/pro\\\/\",\"name\":\"Robotis\u00e2mes Pro\",\"description\":\"Distributeur officiel Industrial Shields au Maroc\",\"publisher\":{\"@id\":\"https:\\\/\\\/robotisames.com\\\/pro\\\/#organization\"},\"potentialAction\":[{\"@type\":\"SearchAction\",\"target\":{\"@type\":\"EntryPoint\",\"urlTemplate\":\"https:\\\/\\\/robotisames.com\\\/pro\\\/?s={search_term_string}\"},\"query-input\":{\"@type\":\"PropertyValueSpecification\",\"valueRequired\":true,\"valueName\":\"search_term_string\"}}],\"inLanguage\":\"fr-FR\"},{\"@type\":\"Organization\",\"@id\":\"https:\\\/\\\/robotisames.com\\\/pro\\\/#organization\",\"name\":\"Robotis\u00e2mes Pro\",\"url\":\"https:\\\/\\\/robotisames.com\\\/pro\\\/\",\"logo\":{\"@type\":\"ImageObject\",\"inLanguage\":\"fr-FR\",\"@id\":\"https:\\\/\\\/robotisames.com\\\/pro\\\/#\\\/schema\\\/logo\\\/image\\\/\",\"url\":\"https:\\\/\\\/robotisames.com\\\/pro\\\/wp-content\\\/uploads\\\/2023\\\/02\\\/logo-robotisames-pro.png\",\"contentUrl\":\"https:\\\/\\\/robotisames.com\\\/pro\\\/wp-content\\\/uploads\\\/2023\\\/02\\\/logo-robotisames-pro.png\",\"width\":2172,\"height\":330,\"caption\":\"Robotis\u00e2mes Pro\"},\"image\":{\"@id\":\"https:\\\/\\\/robotisames.com\\\/pro\\\/#\\\/schema\\\/logo\\\/image\\\/\"}}]}<\/script>\n<!-- \/ Yoast SEO plugin. -->","yoast_head_json":{"title":"Arduino based Kit 1: ARDBOX PLC + Power Supply 5A + Wire - Robotis\u00e2mes Pro","robots":{"index":"index","follow":"follow","max-snippet":"max-snippet:-1","max-image-preview":"max-image-preview:large","max-video-preview":"max-video-preview:-1"},"canonical":"https:\/\/robotisames.com\/pro\/produit\/arduino-based-kit-1-ardbox-plc-power-supply-5a-wire","og_locale":"fr_FR","og_type":"article","og_title":"Arduino based Kit 1: ARDBOX PLC + Power Supply 5A + Wire - Robotis\u00e2mes Pro","og_description":"API bas\u00e9 sur Arduino Il dispose de 20 entr\u00e9es\/sorties num\u00e9riques. 10x entr\u00e9es analogiques ou num\u00e9riques (voir sp\u00e9cifications) et 10x sorties num\u00e9riques ou analogiques (voir sp\u00e9cifications). La famille Basic Controllers offre la possibilit\u00e9 de communication entre deux ordinateurs en utilisant I2C en obtenant une connexion ma\u00eetre-esclave. Connexion et programmation instantan\u00e9es La famille Basic Controllers, car elle utilise un Arduino LEONARDO, vous permet de le programmer via USB. Cette fonctionnalit\u00e9 permet un acc\u00e8s imm\u00e9diat afin de le programmer, de l&rsquo;entretenir et de pr\u00e9parer son installation. Il vous permet de contr\u00f4ler votre \u00e9quipement sans aucune limite. Modules standardis\u00e9s Les diff\u00e9rents appareils Basic Controllers sont programm\u00e9s exactement de la m\u00eame mani\u00e8re. Une fois que vous en avez utilis\u00e9 un, les autres peuvent \u00eatre configur\u00e9s en utilisant la m\u00eame m\u00e9thodologie. Extensible Gr\u00e2ce \u00e0 la connexion I2C dont dispose toute la famille des contr\u00f4leurs Basic, vous pouvez connecter jusqu&rsquo;\u00e0 127 modules, ce qui signifie que vous pouvez avoir jusqu&rsquo;\u00e0 2.540 entr\u00e9es\/sorties en connexion ma\u00eetre-esclave. REMARQUE\u00a0: pour I2C, vous devez nous indiquer cette exigence. Flexible et dynamique Tous les composants sont configurables, \u00e0 la fois pour configurer vos t\u00e2ches en tant que ma\u00eetre ou esclave lorsqu&rsquo;ils sont utilis\u00e9s sur une connexion ma\u00eetre-esclave via I2C.","og_url":"https:\/\/robotisames.com\/pro\/produit\/arduino-based-kit-1-ardbox-plc-power-supply-5a-wire","og_site_name":"Robotis\u00e2mes Pro","article_modified_time":"2025-01-29T07:46:57+00:00","og_image":[{"width":1000,"height":1000,"url":"https:\/\/robotisames.com\/pro\/wp-content\/uploads\/2025\/01\/IS.AB20AN.HF24V120W-Arduino-based-Kit-1_-ARDBOX-PLC-Power-Supply-5A-Wire.jpg","type":"image\/jpeg"}],"twitter_card":"summary_large_image","twitter_misc":{"Dur\u00e9e de lecture estim\u00e9e":"2 minutes"},"schema":{"@context":"https:\/\/schema.org","@graph":[{"@type":"WebPage","@id":"https:\/\/robotisames.com\/pro\/produit\/arduino-based-kit-1-ardbox-plc-power-supply-5a-wire","url":"https:\/\/robotisames.com\/pro\/produit\/arduino-based-kit-1-ardbox-plc-power-supply-5a-wire","name":"Arduino based Kit 1: ARDBOX PLC + Power Supply 5A + Wire - Robotis\u00e2mes Pro","isPartOf":{"@id":"https:\/\/robotisames.com\/pro\/#website"},"primaryImageOfPage":{"@id":"https:\/\/robotisames.com\/pro\/produit\/arduino-based-kit-1-ardbox-plc-power-supply-5a-wire#primaryimage"},"image":{"@id":"https:\/\/robotisames.com\/pro\/produit\/arduino-based-kit-1-ardbox-plc-power-supply-5a-wire#primaryimage"},"thumbnailUrl":"https:\/\/robotisames.com\/pro\/wp-content\/uploads\/2025\/01\/IS.AB20AN.HF24V120W-Arduino-based-Kit-1_-ARDBOX-PLC-Power-Supply-5A-Wire.jpg","datePublished":"2025-01-28T18:46:40+00:00","dateModified":"2025-01-29T07:46:57+00:00","breadcrumb":{"@id":"https:\/\/robotisames.com\/pro\/produit\/arduino-based-kit-1-ardbox-plc-power-supply-5a-wire#breadcrumb"},"inLanguage":"fr-FR","potentialAction":[{"@type":"ReadAction","target":["https:\/\/robotisames.com\/pro\/produit\/arduino-based-kit-1-ardbox-plc-power-supply-5a-wire"]}]},{"@type":"ImageObject","inLanguage":"fr-FR","@id":"https:\/\/robotisames.com\/pro\/produit\/arduino-based-kit-1-ardbox-plc-power-supply-5a-wire#primaryimage","url":"https:\/\/robotisames.com\/pro\/wp-content\/uploads\/2025\/01\/IS.AB20AN.HF24V120W-Arduino-based-Kit-1_-ARDBOX-PLC-Power-Supply-5A-Wire.jpg","contentUrl":"https:\/\/robotisames.com\/pro\/wp-content\/uploads\/2025\/01\/IS.AB20AN.HF24V120W-Arduino-based-Kit-1_-ARDBOX-PLC-Power-Supply-5A-Wire.jpg","width":1000,"height":1000},{"@type":"BreadcrumbList","@id":"https:\/\/robotisames.com\/pro\/produit\/arduino-based-kit-1-ardbox-plc-power-supply-5a-wire#breadcrumb","itemListElement":[{"@type":"ListItem","position":1,"name":"Accueil","item":"https:\/\/robotisames.com\/pro\/"},{"@type":"ListItem","position":2,"name":"Automates programmables","item":"https:\/\/robotisames.com\/pro\/automates-programmables"},{"@type":"ListItem","position":3,"name":"Arduino based Kit 1: ARDBOX PLC + Power Supply 5A + Wire"}]},{"@type":"WebSite","@id":"https:\/\/robotisames.com\/pro\/#website","url":"https:\/\/robotisames.com\/pro\/","name":"Robotis\u00e2mes Pro","description":"Distributeur officiel Industrial Shields au Maroc","publisher":{"@id":"https:\/\/robotisames.com\/pro\/#organization"},"potentialAction":[{"@type":"SearchAction","target":{"@type":"EntryPoint","urlTemplate":"https:\/\/robotisames.com\/pro\/?s={search_term_string}"},"query-input":{"@type":"PropertyValueSpecification","valueRequired":true,"valueName":"search_term_string"}}],"inLanguage":"fr-FR"},{"@type":"Organization","@id":"https:\/\/robotisames.com\/pro\/#organization","name":"Robotis\u00e2mes Pro","url":"https:\/\/robotisames.com\/pro\/","logo":{"@type":"ImageObject","inLanguage":"fr-FR","@id":"https:\/\/robotisames.com\/pro\/#\/schema\/logo\/image\/","url":"https:\/\/robotisames.com\/pro\/wp-content\/uploads\/2023\/02\/logo-robotisames-pro.png","contentUrl":"https:\/\/robotisames.com\/pro\/wp-content\/uploads\/2023\/02\/logo-robotisames-pro.png","width":2172,"height":330,"caption":"Robotis\u00e2mes Pro"},"image":{"@id":"https:\/\/robotisames.com\/pro\/#\/schema\/logo\/image\/"}}]}},"_links":{"self":[{"href":"https:\/\/robotisames.com\/pro\/wp-json\/wp\/v2\/product\/989","targetHints":{"allow":["GET"]}}],"collection":[{"href":"https:\/\/robotisames.com\/pro\/wp-json\/wp\/v2\/product"}],"about":[{"href":"https:\/\/robotisames.com\/pro\/wp-json\/wp\/v2\/types\/product"}],"wp:featuredmedia":[{"embeddable":true,"href":"https:\/\/robotisames.com\/pro\/wp-json\/wp\/v2\/media\/990"}],"wp:attachment":[{"href":"https:\/\/robotisames.com\/pro\/wp-json\/wp\/v2\/media?parent=989"}],"wp:term":[{"taxonomy":"product_brand","embeddable":true,"href":"https:\/\/robotisames.com\/pro\/wp-json\/wp\/v2\/product_brand?post=989"},{"taxonomy":"product_cat","embeddable":true,"href":"https:\/\/robotisames.com\/pro\/wp-json\/wp\/v2\/product_cat?post=989"},{"taxonomy":"product_tag","embeddable":true,"href":"https:\/\/robotisames.com\/pro\/wp-json\/wp\/v2\/product_tag?post=989"}],"curies":[{"name":"wp","href":"https:\/\/api.w.org\/{rel}","templated":true}]}}