{"id":978,"date":"2025-01-28T12:22:34","date_gmt":"2025-01-28T11:22:34","guid":{"rendered":"https:\/\/robotisames.com\/pro\/?post_type=product&#038;p=978"},"modified":"2025-01-29T08:46:57","modified_gmt":"2025-01-29T07:46:57","slug":"wis-plc","status":"publish","type":"product","link":"https:\/\/robotisames.com\/pro\/produit\/wis-plc","title":{"rendered":"WIS-PLC"},"content":{"rendered":"","protected":false},"excerpt":{"rendered":"<p>Le microcontr\u00f4leur open source WIS offre une polyvalence et une connectivit\u00e9 in\u00e9gal\u00e9es pour vos applications les plus exigeantes.<br \/>\nLe microcontr\u00f4leur WIS combine les avantages du mat\u00e9riel Open Source pour fournir une solution fiable et personnalisable pour votre industrie.<\/p>\n<p>Am\u00e9liorez vos op\u00e9rations industrielles avec la derni\u00e8re technologie IoT.<\/p>\n","protected":false},"featured_media":979,"template":"","meta":{"site-sidebar-layout":"default","site-content-layout":"","ast-site-content-layout":"default","site-content-style":"default","site-sidebar-style":"default","ast-global-header-display":"","ast-banner-title-visibility":"","ast-main-header-display":"","ast-hfb-above-header-display":"","ast-hfb-below-header-display":"","ast-hfb-mobile-header-display":"","site-post-title":"","ast-breadcrumbs-content":"","ast-featured-img":"","footer-sml-layout":"","theme-transparent-header-meta":"default","adv-header-id-meta":"","stick-header-meta":"","header-above-stick-meta":"","header-main-stick-meta":"","header-below-stick-meta":"","astra-migrate-meta-layouts":"set","ast-page-background-enabled":"default","ast-page-background-meta":{"desktop":{"background-color":"var(--ast-global-color-4)","background-image":"","background-repeat":"repeat","background-position":"center center","background-size":"auto","background-attachment":"scroll","background-type":"","background-media":"","overlay-type":"","overlay-color":"","overlay-opacity":"","overlay-gradient":""},"tablet":{"background-color":"","background-image":"","background-repeat":"repeat","background-position":"center center","background-size":"auto","background-attachment":"scroll","background-type":"","background-media":"","overlay-type":"","overlay-color":"","overlay-opacity":"","overlay-gradient":""},"mobile":{"background-color":"","background-image":"","background-repeat":"repeat","background-position":"center center","background-size":"auto","background-attachment":"scroll","background-type":"","background-media":"","overlay-type":"","overlay-color":"","overlay-opacity":"","overlay-gradient":""}},"ast-content-background-meta":{"desktop":{"background-color":"var(--ast-global-color-5)","background-image":"","background-repeat":"repeat","background-position":"center center","background-size":"auto","background-attachment":"scroll","background-type":"","background-media":"","overlay-type":"","overlay-color":"","overlay-opacity":"","overlay-gradient":""},"tablet":{"background-color":"var(--ast-global-color-5)","background-image":"","background-repeat":"repeat","background-position":"center center","background-size":"auto","background-attachment":"scroll","background-type":"","background-media":"","overlay-type":"","overlay-color":"","overlay-opacity":"","overlay-gradient":""},"mobile":{"background-color":"var(--ast-global-color-5)","background-image":"","background-repeat":"repeat","background-position":"center center","background-size":"auto","background-attachment":"scroll","background-type":"","background-media":"","overlay-type":"","overlay-color":"","overlay-opacity":"","overlay-gradient":""}}},"product_brand":[],"product_cat":[37],"product_tag":[44],"class_list":{"0":"post-978","1":"product","2":"type-product","3":"status-publish","4":"has-post-thumbnail","6":"product_cat-arduino","7":"product_tag-industrial-shields","8":"desktop-align-left","9":"tablet-align-left","10":"mobile-align-left","12":"first","13":"instock","14":"taxable","15":"shipping-taxable","16":"product-type-simple"},"yoast_head":"<!-- This site is optimized with the Yoast SEO plugin v27.4 - https:\/\/yoast.com\/product\/yoast-seo-wordpress\/ -->\n<title>WIS-PLC - Robotis\u00e2mes Pro<\/title>\n<meta name=\"robots\" content=\"index, follow, max-snippet:-1, max-image-preview:large, max-video-preview:-1\" \/>\n<link rel=\"canonical\" href=\"https:\/\/robotisames.com\/pro\/produit\/wis-plc\" \/>\n<meta property=\"og:locale\" content=\"fr_FR\" \/>\n<meta property=\"og:type\" content=\"article\" \/>\n<meta property=\"og:title\" content=\"WIS-PLC - Robotis\u00e2mes Pro\" \/>\n<meta property=\"og:description\" content=\"Le microcontr\u00f4leur open source WIS offre une polyvalence et une connectivit\u00e9 in\u00e9gal\u00e9es pour vos applications les plus exigeantes. Le microcontr\u00f4leur WIS combine les avantages du mat\u00e9riel Open Source pour fournir une solution fiable et personnalisable pour votre industrie.  Am\u00e9liorez vos op\u00e9rations industrielles avec la derni\u00e8re technologie IoT.\" \/>\n<meta property=\"og:url\" content=\"https:\/\/robotisames.com\/pro\/produit\/wis-plc\" \/>\n<meta property=\"og:site_name\" content=\"Robotis\u00e2mes Pro\" \/>\n<meta property=\"article:modified_time\" content=\"2025-01-29T07:46:57+00:00\" \/>\n<meta property=\"og:image\" content=\"https:\/\/robotisames.com\/pro\/wp-content\/uploads\/2025\/01\/040000100100-WIS-PLC-Arduino-MKR1010-No-Additional-Com.-Board-1.jpg\" \/>\n\t<meta property=\"og:image:width\" content=\"1024\" \/>\n\t<meta property=\"og:image:height\" content=\"1024\" \/>\n\t<meta property=\"og:image:type\" content=\"image\/jpeg\" \/>\n<meta name=\"twitter:card\" content=\"summary_large_image\" \/>\n<meta name=\"twitter:label1\" content=\"Dur\u00e9e de lecture estim\u00e9e\" \/>\n\t<meta name=\"twitter:data1\" content=\"1 minute\" \/>\n<script type=\"application\/ld+json\" class=\"yoast-schema-graph\">{\"@context\":\"https:\\\/\\\/schema.org\",\"@graph\":[{\"@type\":\"WebPage\",\"@id\":\"https:\\\/\\\/robotisames.com\\\/pro\\\/produit\\\/wis-plc\",\"url\":\"https:\\\/\\\/robotisames.com\\\/pro\\\/produit\\\/wis-plc\",\"name\":\"WIS-PLC - Robotis\u00e2mes Pro\",\"isPartOf\":{\"@id\":\"https:\\\/\\\/robotisames.com\\\/pro\\\/#website\"},\"primaryImageOfPage\":{\"@id\":\"https:\\\/\\\/robotisames.com\\\/pro\\\/produit\\\/wis-plc#primaryimage\"},\"image\":{\"@id\":\"https:\\\/\\\/robotisames.com\\\/pro\\\/produit\\\/wis-plc#primaryimage\"},\"thumbnailUrl\":\"https:\\\/\\\/robotisames.com\\\/pro\\\/wp-content\\\/uploads\\\/2025\\\/01\\\/040000100100-WIS-PLC-Arduino-MKR1010-No-Additional-Com.-Board-1.jpg\",\"datePublished\":\"2025-01-28T11:22:34+00:00\",\"dateModified\":\"2025-01-29T07:46:57+00:00\",\"breadcrumb\":{\"@id\":\"https:\\\/\\\/robotisames.com\\\/pro\\\/produit\\\/wis-plc#breadcrumb\"},\"inLanguage\":\"fr-FR\",\"potentialAction\":[{\"@type\":\"ReadAction\",\"target\":[\"https:\\\/\\\/robotisames.com\\\/pro\\\/produit\\\/wis-plc\"]}]},{\"@type\":\"ImageObject\",\"inLanguage\":\"fr-FR\",\"@id\":\"https:\\\/\\\/robotisames.com\\\/pro\\\/produit\\\/wis-plc#primaryimage\",\"url\":\"https:\\\/\\\/robotisames.com\\\/pro\\\/wp-content\\\/uploads\\\/2025\\\/01\\\/040000100100-WIS-PLC-Arduino-MKR1010-No-Additional-Com.-Board-1.jpg\",\"contentUrl\":\"https:\\\/\\\/robotisames.com\\\/pro\\\/wp-content\\\/uploads\\\/2025\\\/01\\\/040000100100-WIS-PLC-Arduino-MKR1010-No-Additional-Com.-Board-1.jpg\",\"width\":1024,\"height\":1024},{\"@type\":\"BreadcrumbList\",\"@id\":\"https:\\\/\\\/robotisames.com\\\/pro\\\/produit\\\/wis-plc#breadcrumb\",\"itemListElement\":[{\"@type\":\"ListItem\",\"position\":1,\"name\":\"Accueil\",\"item\":\"https:\\\/\\\/robotisames.com\\\/pro\\\/\"},{\"@type\":\"ListItem\",\"position\":2,\"name\":\"Automates programmables\",\"item\":\"https:\\\/\\\/robotisames.com\\\/pro\\\/automates-programmables\"},{\"@type\":\"ListItem\",\"position\":3,\"name\":\"WIS-PLC\"}]},{\"@type\":\"WebSite\",\"@id\":\"https:\\\/\\\/robotisames.com\\\/pro\\\/#website\",\"url\":\"https:\\\/\\\/robotisames.com\\\/pro\\\/\",\"name\":\"Robotis\u00e2mes Pro\",\"description\":\"Distributeur officiel Industrial Shields au Maroc\",\"publisher\":{\"@id\":\"https:\\\/\\\/robotisames.com\\\/pro\\\/#organization\"},\"potentialAction\":[{\"@type\":\"SearchAction\",\"target\":{\"@type\":\"EntryPoint\",\"urlTemplate\":\"https:\\\/\\\/robotisames.com\\\/pro\\\/?s={search_term_string}\"},\"query-input\":{\"@type\":\"PropertyValueSpecification\",\"valueRequired\":true,\"valueName\":\"search_term_string\"}}],\"inLanguage\":\"fr-FR\"},{\"@type\":\"Organization\",\"@id\":\"https:\\\/\\\/robotisames.com\\\/pro\\\/#organization\",\"name\":\"Robotis\u00e2mes Pro\",\"url\":\"https:\\\/\\\/robotisames.com\\\/pro\\\/\",\"logo\":{\"@type\":\"ImageObject\",\"inLanguage\":\"fr-FR\",\"@id\":\"https:\\\/\\\/robotisames.com\\\/pro\\\/#\\\/schema\\\/logo\\\/image\\\/\",\"url\":\"https:\\\/\\\/robotisames.com\\\/pro\\\/wp-content\\\/uploads\\\/2023\\\/02\\\/logo-robotisames-pro.png\",\"contentUrl\":\"https:\\\/\\\/robotisames.com\\\/pro\\\/wp-content\\\/uploads\\\/2023\\\/02\\\/logo-robotisames-pro.png\",\"width\":2172,\"height\":330,\"caption\":\"Robotis\u00e2mes Pro\"},\"image\":{\"@id\":\"https:\\\/\\\/robotisames.com\\\/pro\\\/#\\\/schema\\\/logo\\\/image\\\/\"}}]}<\/script>\n<!-- \/ Yoast SEO plugin. -->","yoast_head_json":{"title":"WIS-PLC - Robotis\u00e2mes Pro","robots":{"index":"index","follow":"follow","max-snippet":"max-snippet:-1","max-image-preview":"max-image-preview:large","max-video-preview":"max-video-preview:-1"},"canonical":"https:\/\/robotisames.com\/pro\/produit\/wis-plc","og_locale":"fr_FR","og_type":"article","og_title":"WIS-PLC - Robotis\u00e2mes Pro","og_description":"Le microcontr\u00f4leur open source WIS offre une polyvalence et une connectivit\u00e9 in\u00e9gal\u00e9es pour vos applications les plus exigeantes. Le microcontr\u00f4leur WIS combine les avantages du mat\u00e9riel Open Source pour fournir une solution fiable et personnalisable pour votre industrie.  Am\u00e9liorez vos op\u00e9rations industrielles avec la derni\u00e8re technologie IoT.","og_url":"https:\/\/robotisames.com\/pro\/produit\/wis-plc","og_site_name":"Robotis\u00e2mes Pro","article_modified_time":"2025-01-29T07:46:57+00:00","og_image":[{"width":1024,"height":1024,"url":"https:\/\/robotisames.com\/pro\/wp-content\/uploads\/2025\/01\/040000100100-WIS-PLC-Arduino-MKR1010-No-Additional-Com.-Board-1.jpg","type":"image\/jpeg"}],"twitter_card":"summary_large_image","twitter_misc":{"Dur\u00e9e de lecture estim\u00e9e":"1 minute"},"schema":{"@context":"https:\/\/schema.org","@graph":[{"@type":"WebPage","@id":"https:\/\/robotisames.com\/pro\/produit\/wis-plc","url":"https:\/\/robotisames.com\/pro\/produit\/wis-plc","name":"WIS-PLC - Robotis\u00e2mes Pro","isPartOf":{"@id":"https:\/\/robotisames.com\/pro\/#website"},"primaryImageOfPage":{"@id":"https:\/\/robotisames.com\/pro\/produit\/wis-plc#primaryimage"},"image":{"@id":"https:\/\/robotisames.com\/pro\/produit\/wis-plc#primaryimage"},"thumbnailUrl":"https:\/\/robotisames.com\/pro\/wp-content\/uploads\/2025\/01\/040000100100-WIS-PLC-Arduino-MKR1010-No-Additional-Com.-Board-1.jpg","datePublished":"2025-01-28T11:22:34+00:00","dateModified":"2025-01-29T07:46:57+00:00","breadcrumb":{"@id":"https:\/\/robotisames.com\/pro\/produit\/wis-plc#breadcrumb"},"inLanguage":"fr-FR","potentialAction":[{"@type":"ReadAction","target":["https:\/\/robotisames.com\/pro\/produit\/wis-plc"]}]},{"@type":"ImageObject","inLanguage":"fr-FR","@id":"https:\/\/robotisames.com\/pro\/produit\/wis-plc#primaryimage","url":"https:\/\/robotisames.com\/pro\/wp-content\/uploads\/2025\/01\/040000100100-WIS-PLC-Arduino-MKR1010-No-Additional-Com.-Board-1.jpg","contentUrl":"https:\/\/robotisames.com\/pro\/wp-content\/uploads\/2025\/01\/040000100100-WIS-PLC-Arduino-MKR1010-No-Additional-Com.-Board-1.jpg","width":1024,"height":1024},{"@type":"BreadcrumbList","@id":"https:\/\/robotisames.com\/pro\/produit\/wis-plc#breadcrumb","itemListElement":[{"@type":"ListItem","position":1,"name":"Accueil","item":"https:\/\/robotisames.com\/pro\/"},{"@type":"ListItem","position":2,"name":"Automates programmables","item":"https:\/\/robotisames.com\/pro\/automates-programmables"},{"@type":"ListItem","position":3,"name":"WIS-PLC"}]},{"@type":"WebSite","@id":"https:\/\/robotisames.com\/pro\/#website","url":"https:\/\/robotisames.com\/pro\/","name":"Robotis\u00e2mes Pro","description":"Distributeur officiel Industrial Shields au Maroc","publisher":{"@id":"https:\/\/robotisames.com\/pro\/#organization"},"potentialAction":[{"@type":"SearchAction","target":{"@type":"EntryPoint","urlTemplate":"https:\/\/robotisames.com\/pro\/?s={search_term_string}"},"query-input":{"@type":"PropertyValueSpecification","valueRequired":true,"valueName":"search_term_string"}}],"inLanguage":"fr-FR"},{"@type":"Organization","@id":"https:\/\/robotisames.com\/pro\/#organization","name":"Robotis\u00e2mes Pro","url":"https:\/\/robotisames.com\/pro\/","logo":{"@type":"ImageObject","inLanguage":"fr-FR","@id":"https:\/\/robotisames.com\/pro\/#\/schema\/logo\/image\/","url":"https:\/\/robotisames.com\/pro\/wp-content\/uploads\/2023\/02\/logo-robotisames-pro.png","contentUrl":"https:\/\/robotisames.com\/pro\/wp-content\/uploads\/2023\/02\/logo-robotisames-pro.png","width":2172,"height":330,"caption":"Robotis\u00e2mes Pro"},"image":{"@id":"https:\/\/robotisames.com\/pro\/#\/schema\/logo\/image\/"}}]}},"_links":{"self":[{"href":"https:\/\/robotisames.com\/pro\/wp-json\/wp\/v2\/product\/978","targetHints":{"allow":["GET"]}}],"collection":[{"href":"https:\/\/robotisames.com\/pro\/wp-json\/wp\/v2\/product"}],"about":[{"href":"https:\/\/robotisames.com\/pro\/wp-json\/wp\/v2\/types\/product"}],"wp:featuredmedia":[{"embeddable":true,"href":"https:\/\/robotisames.com\/pro\/wp-json\/wp\/v2\/media\/979"}],"wp:attachment":[{"href":"https:\/\/robotisames.com\/pro\/wp-json\/wp\/v2\/media?parent=978"}],"wp:term":[{"taxonomy":"product_brand","embeddable":true,"href":"https:\/\/robotisames.com\/pro\/wp-json\/wp\/v2\/product_brand?post=978"},{"taxonomy":"product_cat","embeddable":true,"href":"https:\/\/robotisames.com\/pro\/wp-json\/wp\/v2\/product_cat?post=978"},{"taxonomy":"product_tag","embeddable":true,"href":"https:\/\/robotisames.com\/pro\/wp-json\/wp\/v2\/product_tag?post=978"}],"curies":[{"name":"wp","href":"https:\/\/api.w.org\/{rel}","templated":true}]}}