{"id":47,"date":"2023-02-22T18:17:57","date_gmt":"2023-02-22T17:17:57","guid":{"rendered":"https:\/\/robotisames.com\/pro\/?post_type=product&#038;p=47"},"modified":"2024-03-23T15:30:28","modified_gmt":"2024-03-23T14:30:28","slug":"controllino-training-kit","status":"publish","type":"product","link":"https:\/\/robotisames.com\/pro\/produit\/controllino-training-kit","title":{"rendered":"Controllino Training Kit"},"content":{"rendered":"<p>Le Controllino Training Kit de Controllino est un kit d&rsquo;entra\u00eenement pour la programmation d&rsquo;automates programmables. Il est facile \u00e0 utiliser et convient aux d\u00e9butants ainsi qu&rsquo;aux utilisateurs plus avanc\u00e9s. Le kit est compatible avec les automates programmables Controllino. Il est id\u00e9al pour les \u00e9coles, les universit\u00e9s, les entreprises et les particuliers qui souhaitent apprendre la programmation d&rsquo;automates programmables.<\/p>\n","protected":false},"excerpt":{"rendered":"<p>Le Controllino Training Kit de Controllino est un kit d&rsquo;entra\u00eenement pour la programmation d&rsquo;automates programmables. Il est facile \u00e0 utiliser et convient aux d\u00e9butants ainsi qu&rsquo;aux utilisateurs plus avanc\u00e9s. Le kit est compatible avec les automates programmables Controllino. Il est id\u00e9al pour les \u00e9coles, les universit\u00e9s, les entreprises et les particuliers qui souhaitent apprendre la programmation d&rsquo;automates programmables.<\/p>\n","protected":false},"featured_media":50,"template":"","meta":{"site-sidebar-layout":"default","site-content-layout":"default","ast-site-content-layout":"","site-content-style":"default","site-sidebar-style":"default","ast-global-header-display":"","ast-banner-title-visibility":"","ast-main-header-display":"","ast-hfb-above-header-display":"","ast-hfb-below-header-display":"","ast-hfb-mobile-header-display":"","site-post-title":"","ast-breadcrumbs-content":"","ast-featured-img":"","footer-sml-layout":"","theme-transparent-header-meta":"default","adv-header-id-meta":"","stick-header-meta":"","header-above-stick-meta":"","header-main-stick-meta":"","header-below-stick-meta":"","astra-migrate-meta-layouts":"default","ast-page-background-enabled":"default","ast-page-background-meta":{"desktop":{"background-color":"var(--ast-global-color-4)","background-image":"","background-repeat":"repeat","background-position":"center center","background-size":"auto","background-attachment":"scroll","background-type":"","background-media":"","overlay-type":"","overlay-color":"","overlay-opacity":"","overlay-gradient":""},"tablet":{"background-color":"","background-image":"","background-repeat":"repeat","background-position":"center center","background-size":"auto","background-attachment":"scroll","background-type":"","background-media":"","overlay-type":"","overlay-color":"","overlay-opacity":"","overlay-gradient":""},"mobile":{"background-color":"","background-image":"","background-repeat":"repeat","background-position":"center center","background-size":"auto","background-attachment":"scroll","background-type":"","background-media":"","overlay-type":"","overlay-color":"","overlay-opacity":"","overlay-gradient":""}},"ast-content-background-meta":{"desktop":{"background-color":"var(--ast-global-color-5)","background-image":"","background-repeat":"repeat","background-position":"center center","background-size":"auto","background-attachment":"scroll","background-type":"","background-media":"","overlay-type":"","overlay-color":"","overlay-opacity":"","overlay-gradient":""},"tablet":{"background-color":"var(--ast-global-color-5)","background-image":"","background-repeat":"repeat","background-position":"center center","background-size":"auto","background-attachment":"scroll","background-type":"","background-media":"","overlay-type":"","overlay-color":"","overlay-opacity":"","overlay-gradient":""},"mobile":{"background-color":"var(--ast-global-color-5)","background-image":"","background-repeat":"repeat","background-position":"center center","background-size":"auto","background-attachment":"scroll","background-type":"","background-media":"","overlay-type":"","overlay-color":"","overlay-opacity":"","overlay-gradient":""}}},"product_brand":[],"product_cat":[19],"product_tag":[26],"class_list":{"0":"post-47","1":"product","2":"type-product","3":"status-publish","4":"has-post-thumbnail","6":"product_cat-controllino","7":"product_tag-controllino-maroc","8":"product_shipping_class-amana","9":"desktop-align-left","10":"tablet-align-left","11":"mobile-align-left","13":"first","14":"instock","15":"taxable","16":"shipping-taxable","17":"purchasable","18":"product-type-simple"},"yoast_head":"<!-- This site is optimized with the Yoast SEO plugin v27.5 - https:\/\/yoast.com\/product\/yoast-seo-wordpress\/ -->\n<title>Controllino Training Kit<\/title>\n<meta name=\"description\" content=\"Le Controllino Training Kit est un kit d&#039;entra\u00eenement pour la programmation d&#039;automates programmables. Il est facile \u00e0 utiliser et convient aux d\u00e9butants ainsi qu&#039;aux utilisateurs plus avanc\u00e9s. Le kit est compatible avec les automates programmables Controllino. Il est id\u00e9al pour les \u00e9coles, les universit\u00e9s, les entreprises et les particuliers qui souhaitent apprendre la programmation d&#039;automates programmables.\" \/>\n<meta name=\"robots\" content=\"index, follow, max-snippet:-1, max-image-preview:large, max-video-preview:-1\" \/>\n<link rel=\"canonical\" href=\"https:\/\/robotisames.com\/pro\/produit\/controllino-training-kit\" \/>\n<meta property=\"og:locale\" content=\"fr_FR\" \/>\n<meta property=\"og:type\" content=\"article\" \/>\n<meta property=\"og:title\" content=\"Controllino Training Kit\" \/>\n<meta property=\"og:description\" content=\"Le Controllino Training Kit est un kit d&#039;entra\u00eenement pour la programmation d&#039;automates programmables. Il est facile \u00e0 utiliser et convient aux d\u00e9butants ainsi qu&#039;aux utilisateurs plus avanc\u00e9s. Le kit est compatible avec les automates programmables Controllino. Il est id\u00e9al pour les \u00e9coles, les universit\u00e9s, les entreprises et les particuliers qui souhaitent apprendre la programmation d&#039;automates programmables.\" \/>\n<meta property=\"og:url\" content=\"https:\/\/robotisames.com\/pro\/produit\/controllino-training-kit\" \/>\n<meta property=\"og:site_name\" content=\"Robotis\u00e2mes Pro\" \/>\n<meta property=\"article:modified_time\" content=\"2024-03-23T14:30:28+00:00\" \/>\n<meta property=\"og:image\" content=\"https:\/\/robotisames.com\/pro\/wp-content\/uploads\/2023\/02\/PLC4T1.jpg\" \/>\n\t<meta property=\"og:image:width\" content=\"600\" \/>\n\t<meta property=\"og:image:height\" content=\"477\" \/>\n\t<meta property=\"og:image:type\" content=\"image\/jpeg\" \/>\n<meta name=\"twitter:card\" content=\"summary_large_image\" \/>\n<meta name=\"twitter:label1\" content=\"Dur\u00e9e de lecture estim\u00e9e\" \/>\n\t<meta name=\"twitter:data1\" content=\"1 minute\" \/>\n<script type=\"application\/ld+json\" class=\"yoast-schema-graph\">{\"@context\":\"https:\\\/\\\/schema.org\",\"@graph\":[{\"@type\":\"WebPage\",\"@id\":\"https:\\\/\\\/robotisames.com\\\/pro\\\/produit\\\/controllino-training-kit\",\"url\":\"https:\\\/\\\/robotisames.com\\\/pro\\\/produit\\\/controllino-training-kit\",\"name\":\"Controllino Training Kit\",\"isPartOf\":{\"@id\":\"https:\\\/\\\/robotisames.com\\\/pro\\\/#website\"},\"primaryImageOfPage\":{\"@id\":\"https:\\\/\\\/robotisames.com\\\/pro\\\/produit\\\/controllino-training-kit#primaryimage\"},\"image\":{\"@id\":\"https:\\\/\\\/robotisames.com\\\/pro\\\/produit\\\/controllino-training-kit#primaryimage\"},\"thumbnailUrl\":\"https:\\\/\\\/robotisames.com\\\/pro\\\/wp-content\\\/uploads\\\/2023\\\/02\\\/PLC4T1.jpg\",\"datePublished\":\"2023-02-22T17:17:57+00:00\",\"dateModified\":\"2024-03-23T14:30:28+00:00\",\"description\":\"Le Controllino Training Kit est un kit d'entra\u00eenement pour la programmation d'automates programmables. Il est facile \u00e0 utiliser et convient aux d\u00e9butants ainsi qu'aux utilisateurs plus avanc\u00e9s. Le kit est compatible avec les automates programmables Controllino. Il est id\u00e9al pour les \u00e9coles, les universit\u00e9s, les entreprises et les particuliers qui souhaitent apprendre la programmation d'automates programmables.\",\"breadcrumb\":{\"@id\":\"https:\\\/\\\/robotisames.com\\\/pro\\\/produit\\\/controllino-training-kit#breadcrumb\"},\"inLanguage\":\"fr-FR\",\"potentialAction\":[{\"@type\":\"ReadAction\",\"target\":[\"https:\\\/\\\/robotisames.com\\\/pro\\\/produit\\\/controllino-training-kit\"]}]},{\"@type\":\"ImageObject\",\"inLanguage\":\"fr-FR\",\"@id\":\"https:\\\/\\\/robotisames.com\\\/pro\\\/produit\\\/controllino-training-kit#primaryimage\",\"url\":\"https:\\\/\\\/robotisames.com\\\/pro\\\/wp-content\\\/uploads\\\/2023\\\/02\\\/PLC4T1.jpg\",\"contentUrl\":\"https:\\\/\\\/robotisames.com\\\/pro\\\/wp-content\\\/uploads\\\/2023\\\/02\\\/PLC4T1.jpg\",\"width\":600,\"height\":477},{\"@type\":\"BreadcrumbList\",\"@id\":\"https:\\\/\\\/robotisames.com\\\/pro\\\/produit\\\/controllino-training-kit#breadcrumb\",\"itemListElement\":[{\"@type\":\"ListItem\",\"position\":1,\"name\":\"Accueil\",\"item\":\"https:\\\/\\\/robotisames.com\\\/pro\\\/\"},{\"@type\":\"ListItem\",\"position\":2,\"name\":\"Automates programmables\",\"item\":\"https:\\\/\\\/robotisames.com\\\/pro\\\/automates-programmables\"},{\"@type\":\"ListItem\",\"position\":3,\"name\":\"Controllino Training Kit\"}]},{\"@type\":\"WebSite\",\"@id\":\"https:\\\/\\\/robotisames.com\\\/pro\\\/#website\",\"url\":\"https:\\\/\\\/robotisames.com\\\/pro\\\/\",\"name\":\"Robotis\u00e2mes Pro\",\"description\":\"Distributeur officiel Industrial Shields au Maroc\",\"publisher\":{\"@id\":\"https:\\\/\\\/robotisames.com\\\/pro\\\/#organization\"},\"potentialAction\":[{\"@type\":\"SearchAction\",\"target\":{\"@type\":\"EntryPoint\",\"urlTemplate\":\"https:\\\/\\\/robotisames.com\\\/pro\\\/?s={search_term_string}\"},\"query-input\":{\"@type\":\"PropertyValueSpecification\",\"valueRequired\":true,\"valueName\":\"search_term_string\"}}],\"inLanguage\":\"fr-FR\"},{\"@type\":\"Organization\",\"@id\":\"https:\\\/\\\/robotisames.com\\\/pro\\\/#organization\",\"name\":\"Robotis\u00e2mes Pro\",\"url\":\"https:\\\/\\\/robotisames.com\\\/pro\\\/\",\"logo\":{\"@type\":\"ImageObject\",\"inLanguage\":\"fr-FR\",\"@id\":\"https:\\\/\\\/robotisames.com\\\/pro\\\/#\\\/schema\\\/logo\\\/image\\\/\",\"url\":\"https:\\\/\\\/robotisames.com\\\/pro\\\/wp-content\\\/uploads\\\/2023\\\/02\\\/logo-robotisames-pro.png\",\"contentUrl\":\"https:\\\/\\\/robotisames.com\\\/pro\\\/wp-content\\\/uploads\\\/2023\\\/02\\\/logo-robotisames-pro.png\",\"width\":2172,\"height\":330,\"caption\":\"Robotis\u00e2mes Pro\"},\"image\":{\"@id\":\"https:\\\/\\\/robotisames.com\\\/pro\\\/#\\\/schema\\\/logo\\\/image\\\/\"}}]}<\/script>\n<!-- \/ Yoast SEO plugin. -->","yoast_head_json":{"title":"Controllino Training Kit","description":"Le Controllino Training Kit est un kit d'entra\u00eenement pour la programmation d'automates programmables. Il est facile \u00e0 utiliser et convient aux d\u00e9butants ainsi qu'aux utilisateurs plus avanc\u00e9s. Le kit est compatible avec les automates programmables Controllino. Il est id\u00e9al pour les \u00e9coles, les universit\u00e9s, les entreprises et les particuliers qui souhaitent apprendre la programmation d'automates programmables.","robots":{"index":"index","follow":"follow","max-snippet":"max-snippet:-1","max-image-preview":"max-image-preview:large","max-video-preview":"max-video-preview:-1"},"canonical":"https:\/\/robotisames.com\/pro\/produit\/controllino-training-kit","og_locale":"fr_FR","og_type":"article","og_title":"Controllino Training Kit","og_description":"Le Controllino Training Kit est un kit d'entra\u00eenement pour la programmation d'automates programmables. Il est facile \u00e0 utiliser et convient aux d\u00e9butants ainsi qu'aux utilisateurs plus avanc\u00e9s. Le kit est compatible avec les automates programmables Controllino. Il est id\u00e9al pour les \u00e9coles, les universit\u00e9s, les entreprises et les particuliers qui souhaitent apprendre la programmation d'automates programmables.","og_url":"https:\/\/robotisames.com\/pro\/produit\/controllino-training-kit","og_site_name":"Robotis\u00e2mes Pro","article_modified_time":"2024-03-23T14:30:28+00:00","og_image":[{"width":600,"height":477,"url":"https:\/\/robotisames.com\/pro\/wp-content\/uploads\/2023\/02\/PLC4T1.jpg","type":"image\/jpeg"}],"twitter_card":"summary_large_image","twitter_misc":{"Dur\u00e9e de lecture estim\u00e9e":"1 minute"},"schema":{"@context":"https:\/\/schema.org","@graph":[{"@type":"WebPage","@id":"https:\/\/robotisames.com\/pro\/produit\/controllino-training-kit","url":"https:\/\/robotisames.com\/pro\/produit\/controllino-training-kit","name":"Controllino Training Kit","isPartOf":{"@id":"https:\/\/robotisames.com\/pro\/#website"},"primaryImageOfPage":{"@id":"https:\/\/robotisames.com\/pro\/produit\/controllino-training-kit#primaryimage"},"image":{"@id":"https:\/\/robotisames.com\/pro\/produit\/controllino-training-kit#primaryimage"},"thumbnailUrl":"https:\/\/robotisames.com\/pro\/wp-content\/uploads\/2023\/02\/PLC4T1.jpg","datePublished":"2023-02-22T17:17:57+00:00","dateModified":"2024-03-23T14:30:28+00:00","description":"Le Controllino Training Kit est un kit d'entra\u00eenement pour la programmation d'automates programmables. Il est facile \u00e0 utiliser et convient aux d\u00e9butants ainsi qu'aux utilisateurs plus avanc\u00e9s. Le kit est compatible avec les automates programmables Controllino. Il est id\u00e9al pour les \u00e9coles, les universit\u00e9s, les entreprises et les particuliers qui souhaitent apprendre la programmation d'automates programmables.","breadcrumb":{"@id":"https:\/\/robotisames.com\/pro\/produit\/controllino-training-kit#breadcrumb"},"inLanguage":"fr-FR","potentialAction":[{"@type":"ReadAction","target":["https:\/\/robotisames.com\/pro\/produit\/controllino-training-kit"]}]},{"@type":"ImageObject","inLanguage":"fr-FR","@id":"https:\/\/robotisames.com\/pro\/produit\/controllino-training-kit#primaryimage","url":"https:\/\/robotisames.com\/pro\/wp-content\/uploads\/2023\/02\/PLC4T1.jpg","contentUrl":"https:\/\/robotisames.com\/pro\/wp-content\/uploads\/2023\/02\/PLC4T1.jpg","width":600,"height":477},{"@type":"BreadcrumbList","@id":"https:\/\/robotisames.com\/pro\/produit\/controllino-training-kit#breadcrumb","itemListElement":[{"@type":"ListItem","position":1,"name":"Accueil","item":"https:\/\/robotisames.com\/pro\/"},{"@type":"ListItem","position":2,"name":"Automates programmables","item":"https:\/\/robotisames.com\/pro\/automates-programmables"},{"@type":"ListItem","position":3,"name":"Controllino Training Kit"}]},{"@type":"WebSite","@id":"https:\/\/robotisames.com\/pro\/#website","url":"https:\/\/robotisames.com\/pro\/","name":"Robotis\u00e2mes Pro","description":"Distributeur officiel Industrial Shields au Maroc","publisher":{"@id":"https:\/\/robotisames.com\/pro\/#organization"},"potentialAction":[{"@type":"SearchAction","target":{"@type":"EntryPoint","urlTemplate":"https:\/\/robotisames.com\/pro\/?s={search_term_string}"},"query-input":{"@type":"PropertyValueSpecification","valueRequired":true,"valueName":"search_term_string"}}],"inLanguage":"fr-FR"},{"@type":"Organization","@id":"https:\/\/robotisames.com\/pro\/#organization","name":"Robotis\u00e2mes Pro","url":"https:\/\/robotisames.com\/pro\/","logo":{"@type":"ImageObject","inLanguage":"fr-FR","@id":"https:\/\/robotisames.com\/pro\/#\/schema\/logo\/image\/","url":"https:\/\/robotisames.com\/pro\/wp-content\/uploads\/2023\/02\/logo-robotisames-pro.png","contentUrl":"https:\/\/robotisames.com\/pro\/wp-content\/uploads\/2023\/02\/logo-robotisames-pro.png","width":2172,"height":330,"caption":"Robotis\u00e2mes Pro"},"image":{"@id":"https:\/\/robotisames.com\/pro\/#\/schema\/logo\/image\/"}}]}},"_links":{"self":[{"href":"https:\/\/robotisames.com\/pro\/wp-json\/wp\/v2\/product\/47","targetHints":{"allow":["GET"]}}],"collection":[{"href":"https:\/\/robotisames.com\/pro\/wp-json\/wp\/v2\/product"}],"about":[{"href":"https:\/\/robotisames.com\/pro\/wp-json\/wp\/v2\/types\/product"}],"wp:featuredmedia":[{"embeddable":true,"href":"https:\/\/robotisames.com\/pro\/wp-json\/wp\/v2\/media\/50"}],"wp:attachment":[{"href":"https:\/\/robotisames.com\/pro\/wp-json\/wp\/v2\/media?parent=47"}],"wp:term":[{"taxonomy":"product_brand","embeddable":true,"href":"https:\/\/robotisames.com\/pro\/wp-json\/wp\/v2\/product_brand?post=47"},{"taxonomy":"product_cat","embeddable":true,"href":"https:\/\/robotisames.com\/pro\/wp-json\/wp\/v2\/product_cat?post=47"},{"taxonomy":"product_tag","embeddable":true,"href":"https:\/\/robotisames.com\/pro\/wp-json\/wp\/v2\/product_tag?post=47"}],"curies":[{"name":"wp","href":"https:\/\/api.w.org\/{rel}","templated":true}]}}