{"id":218,"date":"2023-09-08T19:24:55","date_gmt":"2023-09-08T17:24:55","guid":{"rendered":"https:\/\/robotisames.com\/pro\/?post_type=product&#038;p=218"},"modified":"2023-09-20T16:53:10","modified_gmt":"2023-09-20T14:53:10","slug":"controllino-mini-pure","status":"publish","type":"product","link":"https:\/\/robotisames.com\/pro\/produit\/controllino-mini-pure","title":{"rendered":"Controllino Mini Pure"},"content":{"rendered":"<p>Voici le CONTROLLINO MINI, le membre le plus petit de notre famille CONTROLLINO, mais ne vous laissez pas tromper par sa taille. Malgr\u00e9 son encombrement compact, la MINI abrite de mani\u00e8re impressionnante 8 entr\u00e9es et 8 sorties. Son remarquable rapport taille\/E\/S en fait l&rsquo;un des automates les plus efficaces et les plus adaptables du secteur.<\/p>\n","protected":false},"excerpt":{"rendered":"<p>Voici le CONTROLLINO MINI, le membre le plus petit de notre famille CONTROLLINO, mais ne vous laissez pas tromper par sa taille. Malgr\u00e9 son encombrement compact, la MINI abrite de mani\u00e8re impressionnante 8 entr\u00e9es et 8 sorties. Son remarquable rapport taille\/E\/S en fait l&rsquo;un des automates les plus efficaces et les plus adaptables du secteur.<\/p>\n","protected":false},"featured_media":317,"template":"","meta":{"site-sidebar-layout":"default","site-content-layout":"","ast-site-content-layout":"default","site-content-style":"default","site-sidebar-style":"default","ast-global-header-display":"","ast-banner-title-visibility":"","ast-main-header-display":"","ast-hfb-above-header-display":"","ast-hfb-below-header-display":"","ast-hfb-mobile-header-display":"","site-post-title":"","ast-breadcrumbs-content":"","ast-featured-img":"","footer-sml-layout":"","theme-transparent-header-meta":"default","adv-header-id-meta":"","stick-header-meta":"","header-above-stick-meta":"","header-main-stick-meta":"","header-below-stick-meta":"","astra-migrate-meta-layouts":"set","ast-page-background-enabled":"default","ast-page-background-meta":{"desktop":{"background-color":"var(--ast-global-color-4)","background-image":"","background-repeat":"repeat","background-position":"center center","background-size":"auto","background-attachment":"scroll","background-type":"","background-media":"","overlay-type":"","overlay-color":"","overlay-opacity":"","overlay-gradient":""},"tablet":{"background-color":"","background-image":"","background-repeat":"repeat","background-position":"center center","background-size":"auto","background-attachment":"scroll","background-type":"","background-media":"","overlay-type":"","overlay-color":"","overlay-opacity":"","overlay-gradient":""},"mobile":{"background-color":"","background-image":"","background-repeat":"repeat","background-position":"center center","background-size":"auto","background-attachment":"scroll","background-type":"","background-media":"","overlay-type":"","overlay-color":"","overlay-opacity":"","overlay-gradient":""}},"ast-content-background-meta":{"desktop":{"background-color":"var(--ast-global-color-5)","background-image":"","background-repeat":"repeat","background-position":"center center","background-size":"auto","background-attachment":"scroll","background-type":"","background-media":"","overlay-type":"","overlay-color":"","overlay-opacity":"","overlay-gradient":""},"tablet":{"background-color":"var(--ast-global-color-5)","background-image":"","background-repeat":"repeat","background-position":"center center","background-size":"auto","background-attachment":"scroll","background-type":"","background-media":"","overlay-type":"","overlay-color":"","overlay-opacity":"","overlay-gradient":""},"mobile":{"background-color":"var(--ast-global-color-5)","background-image":"","background-repeat":"repeat","background-position":"center center","background-size":"auto","background-attachment":"scroll","background-type":"","background-media":"","overlay-type":"","overlay-color":"","overlay-opacity":"","overlay-gradient":""}}},"product_brand":[],"product_cat":[19],"product_tag":[],"class_list":{"0":"post-218","1":"product","2":"type-product","3":"status-publish","4":"has-post-thumbnail","6":"product_cat-controllino","7":"desktop-align-left","8":"tablet-align-left","9":"mobile-align-left","11":"first","12":"instock","13":"taxable","14":"shipping-taxable","15":"purchasable","16":"product-type-simple"},"yoast_head":"<!-- This site is optimized with the Yoast SEO plugin v27.6 - https:\/\/yoast.com\/product\/yoast-seo-wordpress\/ -->\n<title>Controllino Mini Pure - Robotis\u00e2mes Pro<\/title>\n<meta name=\"robots\" content=\"index, follow, max-snippet:-1, max-image-preview:large, max-video-preview:-1\" \/>\n<link rel=\"canonical\" href=\"https:\/\/robotisames.com\/pro\/produit\/controllino-mini-pure\/\" \/>\n<meta property=\"og:locale\" content=\"fr_FR\" \/>\n<meta property=\"og:type\" content=\"article\" \/>\n<meta property=\"og:title\" content=\"Controllino Mini Pure - Robotis\u00e2mes Pro\" \/>\n<meta property=\"og:description\" content=\"Voici le CONTROLLINO MINI, le membre le plus petit de notre famille CONTROLLINO, mais ne vous laissez pas tromper par sa taille. Malgr\u00e9 son encombrement compact, la MINI abrite de mani\u00e8re impressionnante 8 entr\u00e9es et 8 sorties. Son remarquable rapport taille\/E\/S en fait l&rsquo;un des automates les plus efficaces et les plus adaptables du secteur.\" \/>\n<meta property=\"og:url\" content=\"https:\/\/robotisames.com\/pro\/produit\/controllino-mini-pure\/\" \/>\n<meta property=\"og:site_name\" content=\"Robotis\u00e2mes Pro\" \/>\n<meta property=\"article:modified_time\" content=\"2023-09-20T14:53:10+00:00\" \/>\n<meta property=\"og:image\" content=\"https:\/\/robotisames.com\/pro\/wp-content\/uploads\/2023\/09\/controllino_mini_pure_arduino_sps_plc_speicherprogrammierbare_steuerung_programmable_logic_controller_side_white.jpg\" \/>\n\t<meta property=\"og:image:width\" content=\"1200\" \/>\n\t<meta property=\"og:image:height\" content=\"1200\" \/>\n\t<meta property=\"og:image:type\" content=\"image\/jpeg\" \/>\n<meta name=\"twitter:card\" content=\"summary_large_image\" \/>\n<meta name=\"twitter:label1\" content=\"Dur\u00e9e de lecture estim\u00e9e\" \/>\n\t<meta name=\"twitter:data1\" content=\"1 minute\" \/>\n<script type=\"application\/ld+json\" class=\"yoast-schema-graph\">{\"@context\":\"https:\\\/\\\/schema.org\",\"@graph\":[{\"@type\":\"WebPage\",\"@id\":\"https:\\\/\\\/robotisames.com\\\/pro\\\/produit\\\/controllino-mini-pure\\\/\",\"url\":\"https:\\\/\\\/robotisames.com\\\/pro\\\/produit\\\/controllino-mini-pure\\\/\",\"name\":\"Controllino Mini Pure - Robotis\u00e2mes Pro\",\"isPartOf\":{\"@id\":\"https:\\\/\\\/robotisames.com\\\/pro\\\/#website\"},\"primaryImageOfPage\":{\"@id\":\"https:\\\/\\\/robotisames.com\\\/pro\\\/produit\\\/controllino-mini-pure\\\/#primaryimage\"},\"image\":{\"@id\":\"https:\\\/\\\/robotisames.com\\\/pro\\\/produit\\\/controllino-mini-pure\\\/#primaryimage\"},\"thumbnailUrl\":\"https:\\\/\\\/robotisames.com\\\/pro\\\/wp-content\\\/uploads\\\/2023\\\/09\\\/controllino_mini_pure_arduino_sps_plc_speicherprogrammierbare_steuerung_programmable_logic_controller_side_white.jpg\",\"datePublished\":\"2023-09-08T17:24:55+00:00\",\"dateModified\":\"2023-09-20T14:53:10+00:00\",\"breadcrumb\":{\"@id\":\"https:\\\/\\\/robotisames.com\\\/pro\\\/produit\\\/controllino-mini-pure\\\/#breadcrumb\"},\"inLanguage\":\"fr-FR\",\"potentialAction\":[{\"@type\":\"ReadAction\",\"target\":[\"https:\\\/\\\/robotisames.com\\\/pro\\\/produit\\\/controllino-mini-pure\\\/\"]}]},{\"@type\":\"ImageObject\",\"inLanguage\":\"fr-FR\",\"@id\":\"https:\\\/\\\/robotisames.com\\\/pro\\\/produit\\\/controllino-mini-pure\\\/#primaryimage\",\"url\":\"https:\\\/\\\/robotisames.com\\\/pro\\\/wp-content\\\/uploads\\\/2023\\\/09\\\/controllino_mini_pure_arduino_sps_plc_speicherprogrammierbare_steuerung_programmable_logic_controller_side_white.jpg\",\"contentUrl\":\"https:\\\/\\\/robotisames.com\\\/pro\\\/wp-content\\\/uploads\\\/2023\\\/09\\\/controllino_mini_pure_arduino_sps_plc_speicherprogrammierbare_steuerung_programmable_logic_controller_side_white.jpg\",\"width\":1200,\"height\":1200},{\"@type\":\"BreadcrumbList\",\"@id\":\"https:\\\/\\\/robotisames.com\\\/pro\\\/produit\\\/controllino-mini-pure\\\/#breadcrumb\",\"itemListElement\":[{\"@type\":\"ListItem\",\"position\":1,\"name\":\"Accueil\",\"item\":\"https:\\\/\\\/robotisames.com\\\/pro\\\/\"},{\"@type\":\"ListItem\",\"position\":2,\"name\":\"Automates programmables\",\"item\":\"https:\\\/\\\/robotisames.com\\\/pro\\\/automates-programmables\"},{\"@type\":\"ListItem\",\"position\":3,\"name\":\"Controllino Mini Pure\"}]},{\"@type\":\"WebSite\",\"@id\":\"https:\\\/\\\/robotisames.com\\\/pro\\\/#website\",\"url\":\"https:\\\/\\\/robotisames.com\\\/pro\\\/\",\"name\":\"Robotis\u00e2mes Pro\",\"description\":\"Distributeur officiel Industrial Shields au Maroc\",\"publisher\":{\"@id\":\"https:\\\/\\\/robotisames.com\\\/pro\\\/#organization\"},\"potentialAction\":[{\"@type\":\"SearchAction\",\"target\":{\"@type\":\"EntryPoint\",\"urlTemplate\":\"https:\\\/\\\/robotisames.com\\\/pro\\\/?s={search_term_string}\"},\"query-input\":{\"@type\":\"PropertyValueSpecification\",\"valueRequired\":true,\"valueName\":\"search_term_string\"}}],\"inLanguage\":\"fr-FR\"},{\"@type\":\"Organization\",\"@id\":\"https:\\\/\\\/robotisames.com\\\/pro\\\/#organization\",\"name\":\"Robotis\u00e2mes Pro\",\"url\":\"https:\\\/\\\/robotisames.com\\\/pro\\\/\",\"logo\":{\"@type\":\"ImageObject\",\"inLanguage\":\"fr-FR\",\"@id\":\"https:\\\/\\\/robotisames.com\\\/pro\\\/#\\\/schema\\\/logo\\\/image\\\/\",\"url\":\"https:\\\/\\\/robotisames.com\\\/pro\\\/wp-content\\\/uploads\\\/2023\\\/02\\\/logo-robotisames-pro.png\",\"contentUrl\":\"https:\\\/\\\/robotisames.com\\\/pro\\\/wp-content\\\/uploads\\\/2023\\\/02\\\/logo-robotisames-pro.png\",\"width\":2172,\"height\":330,\"caption\":\"Robotis\u00e2mes Pro\"},\"image\":{\"@id\":\"https:\\\/\\\/robotisames.com\\\/pro\\\/#\\\/schema\\\/logo\\\/image\\\/\"}}]}<\/script>\n<!-- \/ Yoast SEO plugin. -->","yoast_head_json":{"title":"Controllino Mini Pure - Robotis\u00e2mes Pro","robots":{"index":"index","follow":"follow","max-snippet":"max-snippet:-1","max-image-preview":"max-image-preview:large","max-video-preview":"max-video-preview:-1"},"canonical":"https:\/\/robotisames.com\/pro\/produit\/controllino-mini-pure\/","og_locale":"fr_FR","og_type":"article","og_title":"Controllino Mini Pure - Robotis\u00e2mes Pro","og_description":"Voici le CONTROLLINO MINI, le membre le plus petit de notre famille CONTROLLINO, mais ne vous laissez pas tromper par sa taille. Malgr\u00e9 son encombrement compact, la MINI abrite de mani\u00e8re impressionnante 8 entr\u00e9es et 8 sorties. Son remarquable rapport taille\/E\/S en fait l&rsquo;un des automates les plus efficaces et les plus adaptables du secteur.","og_url":"https:\/\/robotisames.com\/pro\/produit\/controllino-mini-pure\/","og_site_name":"Robotis\u00e2mes Pro","article_modified_time":"2023-09-20T14:53:10+00:00","og_image":[{"width":1200,"height":1200,"url":"https:\/\/robotisames.com\/pro\/wp-content\/uploads\/2023\/09\/controllino_mini_pure_arduino_sps_plc_speicherprogrammierbare_steuerung_programmable_logic_controller_side_white.jpg","type":"image\/jpeg"}],"twitter_card":"summary_large_image","twitter_misc":{"Dur\u00e9e de lecture estim\u00e9e":"1 minute"},"schema":{"@context":"https:\/\/schema.org","@graph":[{"@type":"WebPage","@id":"https:\/\/robotisames.com\/pro\/produit\/controllino-mini-pure\/","url":"https:\/\/robotisames.com\/pro\/produit\/controllino-mini-pure\/","name":"Controllino Mini Pure - Robotis\u00e2mes Pro","isPartOf":{"@id":"https:\/\/robotisames.com\/pro\/#website"},"primaryImageOfPage":{"@id":"https:\/\/robotisames.com\/pro\/produit\/controllino-mini-pure\/#primaryimage"},"image":{"@id":"https:\/\/robotisames.com\/pro\/produit\/controllino-mini-pure\/#primaryimage"},"thumbnailUrl":"https:\/\/robotisames.com\/pro\/wp-content\/uploads\/2023\/09\/controllino_mini_pure_arduino_sps_plc_speicherprogrammierbare_steuerung_programmable_logic_controller_side_white.jpg","datePublished":"2023-09-08T17:24:55+00:00","dateModified":"2023-09-20T14:53:10+00:00","breadcrumb":{"@id":"https:\/\/robotisames.com\/pro\/produit\/controllino-mini-pure\/#breadcrumb"},"inLanguage":"fr-FR","potentialAction":[{"@type":"ReadAction","target":["https:\/\/robotisames.com\/pro\/produit\/controllino-mini-pure\/"]}]},{"@type":"ImageObject","inLanguage":"fr-FR","@id":"https:\/\/robotisames.com\/pro\/produit\/controllino-mini-pure\/#primaryimage","url":"https:\/\/robotisames.com\/pro\/wp-content\/uploads\/2023\/09\/controllino_mini_pure_arduino_sps_plc_speicherprogrammierbare_steuerung_programmable_logic_controller_side_white.jpg","contentUrl":"https:\/\/robotisames.com\/pro\/wp-content\/uploads\/2023\/09\/controllino_mini_pure_arduino_sps_plc_speicherprogrammierbare_steuerung_programmable_logic_controller_side_white.jpg","width":1200,"height":1200},{"@type":"BreadcrumbList","@id":"https:\/\/robotisames.com\/pro\/produit\/controllino-mini-pure\/#breadcrumb","itemListElement":[{"@type":"ListItem","position":1,"name":"Accueil","item":"https:\/\/robotisames.com\/pro\/"},{"@type":"ListItem","position":2,"name":"Automates programmables","item":"https:\/\/robotisames.com\/pro\/automates-programmables"},{"@type":"ListItem","position":3,"name":"Controllino Mini Pure"}]},{"@type":"WebSite","@id":"https:\/\/robotisames.com\/pro\/#website","url":"https:\/\/robotisames.com\/pro\/","name":"Robotis\u00e2mes Pro","description":"Distributeur officiel Industrial Shields au Maroc","publisher":{"@id":"https:\/\/robotisames.com\/pro\/#organization"},"potentialAction":[{"@type":"SearchAction","target":{"@type":"EntryPoint","urlTemplate":"https:\/\/robotisames.com\/pro\/?s={search_term_string}"},"query-input":{"@type":"PropertyValueSpecification","valueRequired":true,"valueName":"search_term_string"}}],"inLanguage":"fr-FR"},{"@type":"Organization","@id":"https:\/\/robotisames.com\/pro\/#organization","name":"Robotis\u00e2mes Pro","url":"https:\/\/robotisames.com\/pro\/","logo":{"@type":"ImageObject","inLanguage":"fr-FR","@id":"https:\/\/robotisames.com\/pro\/#\/schema\/logo\/image\/","url":"https:\/\/robotisames.com\/pro\/wp-content\/uploads\/2023\/02\/logo-robotisames-pro.png","contentUrl":"https:\/\/robotisames.com\/pro\/wp-content\/uploads\/2023\/02\/logo-robotisames-pro.png","width":2172,"height":330,"caption":"Robotis\u00e2mes Pro"},"image":{"@id":"https:\/\/robotisames.com\/pro\/#\/schema\/logo\/image\/"}}]}},"_links":{"self":[{"href":"https:\/\/robotisames.com\/pro\/wp-json\/wp\/v2\/product\/218","targetHints":{"allow":["GET"]}}],"collection":[{"href":"https:\/\/robotisames.com\/pro\/wp-json\/wp\/v2\/product"}],"about":[{"href":"https:\/\/robotisames.com\/pro\/wp-json\/wp\/v2\/types\/product"}],"wp:featuredmedia":[{"embeddable":true,"href":"https:\/\/robotisames.com\/pro\/wp-json\/wp\/v2\/media\/317"}],"wp:attachment":[{"href":"https:\/\/robotisames.com\/pro\/wp-json\/wp\/v2\/media?parent=218"}],"wp:term":[{"taxonomy":"product_brand","embeddable":true,"href":"https:\/\/robotisames.com\/pro\/wp-json\/wp\/v2\/product_brand?post=218"},{"taxonomy":"product_cat","embeddable":true,"href":"https:\/\/robotisames.com\/pro\/wp-json\/wp\/v2\/product_cat?post=218"},{"taxonomy":"product_tag","embeddable":true,"href":"https:\/\/robotisames.com\/pro\/wp-json\/wp\/v2\/product_tag?post=218"}],"curies":[{"name":"wp","href":"https:\/\/api.w.org\/{rel}","templated":true}]}}