{"id":16,"date":"2023-02-22T14:45:38","date_gmt":"2023-02-22T13:45:38","guid":{"rendered":"https:\/\/robotisames.com\/pro\/index.php\/produit\/hoodie-with-logo-3\/"},"modified":"2023-08-03T17:50:56","modified_gmt":"2023-08-03T15:50:56","slug":"controllino-mini","status":"publish","type":"product","link":"https:\/\/robotisames.com\/pro\/produit\/controllino-mini","title":{"rendered":"Controllino Mini"},"content":{"rendered":"<p>Nous sommes heureux de vous pr\u00e9senter le CONTROLLINO MINI, le plus petit membre de notre famille CONTROLLINO, mais ne vous laissez pas tromper par sa taille. Malgr\u00e9 son empreinte compacte, le MINI abrite de mani\u00e8re impressionnante 8 entr\u00e9es et 8 sorties. Son rapport taille\/E\/S remarquable en fait l&rsquo;un des PLC les plus efficaces et adaptables de l&rsquo;industrie.<\/p>\n","protected":false},"excerpt":{"rendered":"<p>Nous sommes heureux de vous pr\u00e9senter le CONTROLLINO MINI, le plus petit membre de notre famille CONTROLLINO, mais ne vous laissez pas tromper par sa taille. Malgr\u00e9 son empreinte compacte, le MINI abrite de mani\u00e8re impressionnante 8 entr\u00e9es et 8 sorties. Son rapport taille\/E\/S remarquable en fait l&rsquo;un des PLC les plus efficaces et adaptables de l&rsquo;industrie.<\/p>\n","protected":false},"featured_media":21,"template":"","meta":{"site-sidebar-layout":"default","site-content-layout":"default","ast-site-content-layout":"","site-content-style":"default","site-sidebar-style":"default","ast-global-header-display":"","ast-banner-title-visibility":"","ast-main-header-display":"","ast-hfb-above-header-display":"","ast-hfb-below-header-display":"","ast-hfb-mobile-header-display":"","site-post-title":"","ast-breadcrumbs-content":"","ast-featured-img":"","footer-sml-layout":"","theme-transparent-header-meta":"default","adv-header-id-meta":"","stick-header-meta":"","header-above-stick-meta":"","header-main-stick-meta":"","header-below-stick-meta":"","astra-migrate-meta-layouts":"default","ast-page-background-enabled":"default","ast-page-background-meta":{"desktop":{"background-color":"var(--ast-global-color-4)","background-image":"","background-repeat":"repeat","background-position":"center center","background-size":"auto","background-attachment":"scroll","background-type":"","background-media":"","overlay-type":"","overlay-color":"","overlay-opacity":"","overlay-gradient":""},"tablet":{"background-color":"","background-image":"","background-repeat":"repeat","background-position":"center center","background-size":"auto","background-attachment":"scroll","background-type":"","background-media":"","overlay-type":"","overlay-color":"","overlay-opacity":"","overlay-gradient":""},"mobile":{"background-color":"","background-image":"","background-repeat":"repeat","background-position":"center center","background-size":"auto","background-attachment":"scroll","background-type":"","background-media":"","overlay-type":"","overlay-color":"","overlay-opacity":"","overlay-gradient":""}},"ast-content-background-meta":{"desktop":{"background-color":"var(--ast-global-color-5)","background-image":"","background-repeat":"repeat","background-position":"center center","background-size":"auto","background-attachment":"scroll","background-type":"","background-media":"","overlay-type":"","overlay-color":"","overlay-opacity":"","overlay-gradient":""},"tablet":{"background-color":"var(--ast-global-color-5)","background-image":"","background-repeat":"repeat","background-position":"center center","background-size":"auto","background-attachment":"scroll","background-type":"","background-media":"","overlay-type":"","overlay-color":"","overlay-opacity":"","overlay-gradient":""},"mobile":{"background-color":"var(--ast-global-color-5)","background-image":"","background-repeat":"repeat","background-position":"center center","background-size":"auto","background-attachment":"scroll","background-type":"","background-media":"","overlay-type":"","overlay-color":"","overlay-opacity":"","overlay-gradient":""}}},"product_brand":[],"product_cat":[19],"product_tag":[26],"class_list":{"0":"post-16","1":"product","2":"type-product","3":"status-publish","4":"has-post-thumbnail","6":"product_cat-controllino","7":"product_tag-controllino-maroc","8":"product_shipping_class-amana","9":"desktop-align-left","10":"tablet-align-left","11":"mobile-align-left","13":"first","14":"onbackorder","15":"taxable","16":"shipping-taxable","17":"purchasable","18":"product-type-simple"},"yoast_head":"<!-- This site is optimized with the Yoast SEO plugin v27.5 - https:\/\/yoast.com\/product\/yoast-seo-wordpress\/ -->\n<title>Controllino Mini<\/title>\n<meta name=\"description\" content=\"Nous sommes heureux de vous pr\u00e9senter le CONTROLLINO MINI, le plus petit membre de notre famille CONTROLLINO, mais ne vous laissez pas tromper par sa taille. Malgr\u00e9 son empreinte compacte, le MINI abrite de mani\u00e8re impressionnante 8 entr\u00e9es et 8 sorties. Son rapport taille\/E\/S remarquable en fait l&#039;un des PLC les plus efficaces et adaptables de l&#039;industrie.\" \/>\n<meta name=\"robots\" content=\"index, follow, max-snippet:-1, max-image-preview:large, max-video-preview:-1\" \/>\n<link rel=\"canonical\" href=\"https:\/\/robotisames.com\/pro\/produit\/controllino-mini\/\" \/>\n<meta property=\"og:locale\" content=\"fr_FR\" \/>\n<meta property=\"og:type\" content=\"article\" \/>\n<meta property=\"og:title\" content=\"Controllino Mini\" \/>\n<meta property=\"og:description\" content=\"Nous sommes heureux de vous pr\u00e9senter le CONTROLLINO MINI, le plus petit membre de notre famille CONTROLLINO, mais ne vous laissez pas tromper par sa taille. Malgr\u00e9 son empreinte compacte, le MINI abrite de mani\u00e8re impressionnante 8 entr\u00e9es et 8 sorties. Son rapport taille\/E\/S remarquable en fait l&#039;un des PLC les plus efficaces et adaptables de l&#039;industrie.\" \/>\n<meta property=\"og:url\" content=\"https:\/\/robotisames.com\/pro\/produit\/controllino-mini\/\" \/>\n<meta property=\"og:site_name\" content=\"Robotis\u00e2mes Pro\" \/>\n<meta property=\"article:modified_time\" content=\"2023-08-03T15:50:56+00:00\" \/>\n<meta property=\"og:image\" content=\"https:\/\/robotisames.com\/pro\/wp-content\/uploads\/2023\/02\/controllino_mini_arduino_sps_plc_speicherprogrammierbare_steuerung_programmable_logic_controller_top_white.jpg\" \/>\n\t<meta property=\"og:image:width\" content=\"1200\" \/>\n\t<meta property=\"og:image:height\" content=\"1200\" \/>\n\t<meta property=\"og:image:type\" content=\"image\/jpeg\" \/>\n<meta name=\"twitter:card\" content=\"summary_large_image\" \/>\n<meta name=\"twitter:label1\" content=\"Dur\u00e9e de lecture estim\u00e9e\" \/>\n\t<meta name=\"twitter:data1\" content=\"1 minute\" \/>\n<script type=\"application\/ld+json\" class=\"yoast-schema-graph\">{\"@context\":\"https:\\\/\\\/schema.org\",\"@graph\":[{\"@type\":\"WebPage\",\"@id\":\"https:\\\/\\\/robotisames.com\\\/pro\\\/produit\\\/controllino-mini\\\/\",\"url\":\"https:\\\/\\\/robotisames.com\\\/pro\\\/produit\\\/controllino-mini\\\/\",\"name\":\"Controllino Mini\",\"isPartOf\":{\"@id\":\"https:\\\/\\\/robotisames.com\\\/pro\\\/#website\"},\"primaryImageOfPage\":{\"@id\":\"https:\\\/\\\/robotisames.com\\\/pro\\\/produit\\\/controllino-mini\\\/#primaryimage\"},\"image\":{\"@id\":\"https:\\\/\\\/robotisames.com\\\/pro\\\/produit\\\/controllino-mini\\\/#primaryimage\"},\"thumbnailUrl\":\"https:\\\/\\\/robotisames.com\\\/pro\\\/wp-content\\\/uploads\\\/2023\\\/02\\\/controllino_mini_arduino_sps_plc_speicherprogrammierbare_steuerung_programmable_logic_controller_top_white.jpg\",\"datePublished\":\"2023-02-22T13:45:38+00:00\",\"dateModified\":\"2023-08-03T15:50:56+00:00\",\"description\":\"Nous sommes heureux de vous pr\u00e9senter le CONTROLLINO MINI, le plus petit membre de notre famille CONTROLLINO, mais ne vous laissez pas tromper par sa taille. Malgr\u00e9 son empreinte compacte, le MINI abrite de mani\u00e8re impressionnante 8 entr\u00e9es et 8 sorties. Son rapport taille\\\/E\\\/S remarquable en fait l'un des PLC les plus efficaces et adaptables de l'industrie.\",\"breadcrumb\":{\"@id\":\"https:\\\/\\\/robotisames.com\\\/pro\\\/produit\\\/controllino-mini\\\/#breadcrumb\"},\"inLanguage\":\"fr-FR\",\"potentialAction\":[{\"@type\":\"ReadAction\",\"target\":[\"https:\\\/\\\/robotisames.com\\\/pro\\\/produit\\\/controllino-mini\\\/\"]}]},{\"@type\":\"ImageObject\",\"inLanguage\":\"fr-FR\",\"@id\":\"https:\\\/\\\/robotisames.com\\\/pro\\\/produit\\\/controllino-mini\\\/#primaryimage\",\"url\":\"https:\\\/\\\/robotisames.com\\\/pro\\\/wp-content\\\/uploads\\\/2023\\\/02\\\/controllino_mini_arduino_sps_plc_speicherprogrammierbare_steuerung_programmable_logic_controller_top_white.jpg\",\"contentUrl\":\"https:\\\/\\\/robotisames.com\\\/pro\\\/wp-content\\\/uploads\\\/2023\\\/02\\\/controllino_mini_arduino_sps_plc_speicherprogrammierbare_steuerung_programmable_logic_controller_top_white.jpg\",\"width\":1200,\"height\":1200},{\"@type\":\"BreadcrumbList\",\"@id\":\"https:\\\/\\\/robotisames.com\\\/pro\\\/produit\\\/controllino-mini\\\/#breadcrumb\",\"itemListElement\":[{\"@type\":\"ListItem\",\"position\":1,\"name\":\"Accueil\",\"item\":\"https:\\\/\\\/robotisames.com\\\/pro\\\/\"},{\"@type\":\"ListItem\",\"position\":2,\"name\":\"Automates programmables\",\"item\":\"https:\\\/\\\/robotisames.com\\\/pro\\\/automates-programmables\"},{\"@type\":\"ListItem\",\"position\":3,\"name\":\"Controllino Mini\"}]},{\"@type\":\"WebSite\",\"@id\":\"https:\\\/\\\/robotisames.com\\\/pro\\\/#website\",\"url\":\"https:\\\/\\\/robotisames.com\\\/pro\\\/\",\"name\":\"Robotis\u00e2mes Pro\",\"description\":\"Distributeur officiel Industrial Shields au Maroc\",\"publisher\":{\"@id\":\"https:\\\/\\\/robotisames.com\\\/pro\\\/#organization\"},\"potentialAction\":[{\"@type\":\"SearchAction\",\"target\":{\"@type\":\"EntryPoint\",\"urlTemplate\":\"https:\\\/\\\/robotisames.com\\\/pro\\\/?s={search_term_string}\"},\"query-input\":{\"@type\":\"PropertyValueSpecification\",\"valueRequired\":true,\"valueName\":\"search_term_string\"}}],\"inLanguage\":\"fr-FR\"},{\"@type\":\"Organization\",\"@id\":\"https:\\\/\\\/robotisames.com\\\/pro\\\/#organization\",\"name\":\"Robotis\u00e2mes Pro\",\"url\":\"https:\\\/\\\/robotisames.com\\\/pro\\\/\",\"logo\":{\"@type\":\"ImageObject\",\"inLanguage\":\"fr-FR\",\"@id\":\"https:\\\/\\\/robotisames.com\\\/pro\\\/#\\\/schema\\\/logo\\\/image\\\/\",\"url\":\"https:\\\/\\\/robotisames.com\\\/pro\\\/wp-content\\\/uploads\\\/2023\\\/02\\\/logo-robotisames-pro.png\",\"contentUrl\":\"https:\\\/\\\/robotisames.com\\\/pro\\\/wp-content\\\/uploads\\\/2023\\\/02\\\/logo-robotisames-pro.png\",\"width\":2172,\"height\":330,\"caption\":\"Robotis\u00e2mes Pro\"},\"image\":{\"@id\":\"https:\\\/\\\/robotisames.com\\\/pro\\\/#\\\/schema\\\/logo\\\/image\\\/\"}}]}<\/script>\n<!-- \/ Yoast SEO plugin. -->","yoast_head_json":{"title":"Controllino Mini","description":"Nous sommes heureux de vous pr\u00e9senter le CONTROLLINO MINI, le plus petit membre de notre famille CONTROLLINO, mais ne vous laissez pas tromper par sa taille. Malgr\u00e9 son empreinte compacte, le MINI abrite de mani\u00e8re impressionnante 8 entr\u00e9es et 8 sorties. Son rapport taille\/E\/S remarquable en fait l'un des PLC les plus efficaces et adaptables de l'industrie.","robots":{"index":"index","follow":"follow","max-snippet":"max-snippet:-1","max-image-preview":"max-image-preview:large","max-video-preview":"max-video-preview:-1"},"canonical":"https:\/\/robotisames.com\/pro\/produit\/controllino-mini\/","og_locale":"fr_FR","og_type":"article","og_title":"Controllino Mini","og_description":"Nous sommes heureux de vous pr\u00e9senter le CONTROLLINO MINI, le plus petit membre de notre famille CONTROLLINO, mais ne vous laissez pas tromper par sa taille. Malgr\u00e9 son empreinte compacte, le MINI abrite de mani\u00e8re impressionnante 8 entr\u00e9es et 8 sorties. Son rapport taille\/E\/S remarquable en fait l'un des PLC les plus efficaces et adaptables de l'industrie.","og_url":"https:\/\/robotisames.com\/pro\/produit\/controllino-mini\/","og_site_name":"Robotis\u00e2mes Pro","article_modified_time":"2023-08-03T15:50:56+00:00","og_image":[{"width":1200,"height":1200,"url":"https:\/\/robotisames.com\/pro\/wp-content\/uploads\/2023\/02\/controllino_mini_arduino_sps_plc_speicherprogrammierbare_steuerung_programmable_logic_controller_top_white.jpg","type":"image\/jpeg"}],"twitter_card":"summary_large_image","twitter_misc":{"Dur\u00e9e de lecture estim\u00e9e":"1 minute"},"schema":{"@context":"https:\/\/schema.org","@graph":[{"@type":"WebPage","@id":"https:\/\/robotisames.com\/pro\/produit\/controllino-mini\/","url":"https:\/\/robotisames.com\/pro\/produit\/controllino-mini\/","name":"Controllino Mini","isPartOf":{"@id":"https:\/\/robotisames.com\/pro\/#website"},"primaryImageOfPage":{"@id":"https:\/\/robotisames.com\/pro\/produit\/controllino-mini\/#primaryimage"},"image":{"@id":"https:\/\/robotisames.com\/pro\/produit\/controllino-mini\/#primaryimage"},"thumbnailUrl":"https:\/\/robotisames.com\/pro\/wp-content\/uploads\/2023\/02\/controllino_mini_arduino_sps_plc_speicherprogrammierbare_steuerung_programmable_logic_controller_top_white.jpg","datePublished":"2023-02-22T13:45:38+00:00","dateModified":"2023-08-03T15:50:56+00:00","description":"Nous sommes heureux de vous pr\u00e9senter le CONTROLLINO MINI, le plus petit membre de notre famille CONTROLLINO, mais ne vous laissez pas tromper par sa taille. Malgr\u00e9 son empreinte compacte, le MINI abrite de mani\u00e8re impressionnante 8 entr\u00e9es et 8 sorties. Son rapport taille\/E\/S remarquable en fait l'un des PLC les plus efficaces et adaptables de l'industrie.","breadcrumb":{"@id":"https:\/\/robotisames.com\/pro\/produit\/controllino-mini\/#breadcrumb"},"inLanguage":"fr-FR","potentialAction":[{"@type":"ReadAction","target":["https:\/\/robotisames.com\/pro\/produit\/controllino-mini\/"]}]},{"@type":"ImageObject","inLanguage":"fr-FR","@id":"https:\/\/robotisames.com\/pro\/produit\/controllino-mini\/#primaryimage","url":"https:\/\/robotisames.com\/pro\/wp-content\/uploads\/2023\/02\/controllino_mini_arduino_sps_plc_speicherprogrammierbare_steuerung_programmable_logic_controller_top_white.jpg","contentUrl":"https:\/\/robotisames.com\/pro\/wp-content\/uploads\/2023\/02\/controllino_mini_arduino_sps_plc_speicherprogrammierbare_steuerung_programmable_logic_controller_top_white.jpg","width":1200,"height":1200},{"@type":"BreadcrumbList","@id":"https:\/\/robotisames.com\/pro\/produit\/controllino-mini\/#breadcrumb","itemListElement":[{"@type":"ListItem","position":1,"name":"Accueil","item":"https:\/\/robotisames.com\/pro\/"},{"@type":"ListItem","position":2,"name":"Automates programmables","item":"https:\/\/robotisames.com\/pro\/automates-programmables"},{"@type":"ListItem","position":3,"name":"Controllino Mini"}]},{"@type":"WebSite","@id":"https:\/\/robotisames.com\/pro\/#website","url":"https:\/\/robotisames.com\/pro\/","name":"Robotis\u00e2mes Pro","description":"Distributeur officiel Industrial Shields au Maroc","publisher":{"@id":"https:\/\/robotisames.com\/pro\/#organization"},"potentialAction":[{"@type":"SearchAction","target":{"@type":"EntryPoint","urlTemplate":"https:\/\/robotisames.com\/pro\/?s={search_term_string}"},"query-input":{"@type":"PropertyValueSpecification","valueRequired":true,"valueName":"search_term_string"}}],"inLanguage":"fr-FR"},{"@type":"Organization","@id":"https:\/\/robotisames.com\/pro\/#organization","name":"Robotis\u00e2mes Pro","url":"https:\/\/robotisames.com\/pro\/","logo":{"@type":"ImageObject","inLanguage":"fr-FR","@id":"https:\/\/robotisames.com\/pro\/#\/schema\/logo\/image\/","url":"https:\/\/robotisames.com\/pro\/wp-content\/uploads\/2023\/02\/logo-robotisames-pro.png","contentUrl":"https:\/\/robotisames.com\/pro\/wp-content\/uploads\/2023\/02\/logo-robotisames-pro.png","width":2172,"height":330,"caption":"Robotis\u00e2mes Pro"},"image":{"@id":"https:\/\/robotisames.com\/pro\/#\/schema\/logo\/image\/"}}]}},"_links":{"self":[{"href":"https:\/\/robotisames.com\/pro\/wp-json\/wp\/v2\/product\/16","targetHints":{"allow":["GET"]}}],"collection":[{"href":"https:\/\/robotisames.com\/pro\/wp-json\/wp\/v2\/product"}],"about":[{"href":"https:\/\/robotisames.com\/pro\/wp-json\/wp\/v2\/types\/product"}],"wp:featuredmedia":[{"embeddable":true,"href":"https:\/\/robotisames.com\/pro\/wp-json\/wp\/v2\/media\/21"}],"wp:attachment":[{"href":"https:\/\/robotisames.com\/pro\/wp-json\/wp\/v2\/media?parent=16"}],"wp:term":[{"taxonomy":"product_brand","embeddable":true,"href":"https:\/\/robotisames.com\/pro\/wp-json\/wp\/v2\/product_brand?post=16"},{"taxonomy":"product_cat","embeddable":true,"href":"https:\/\/robotisames.com\/pro\/wp-json\/wp\/v2\/product_cat?post=16"},{"taxonomy":"product_tag","embeddable":true,"href":"https:\/\/robotisames.com\/pro\/wp-json\/wp\/v2\/product_tag?post=16"}],"curies":[{"name":"wp","href":"https:\/\/api.w.org\/{rel}","templated":true}]}}