{"id":1041,"date":"2025-01-29T08:38:04","date_gmt":"2025-01-29T07:38:04","guid":{"rendered":"https:\/\/robotisames.com\/pro\/?post_type=product&#038;p=1041"},"modified":"2025-01-29T08:46:05","modified_gmt":"2025-01-29T07:46:05","slug":"esp32-plc-57r","status":"publish","type":"product","link":"https:\/\/robotisames.com\/pro\/produit\/esp32-plc-57r","title":{"rendered":"ESP32 PLC 57R"},"content":{"rendered":"","protected":false},"excerpt":{"rendered":"<p><strong>18x entr\u00e9es<\/strong><br \/>\n12x Convertible<br \/>\n6x Digital isol\u00e9 avec interruptions<\/p>\n<p><strong>33x sorties <\/strong><br \/>\n9x Num\u00e9rique isol\u00e9\/PWM\/Analogique<br \/>\n24x relais<\/p>\n<p><strong>Communications<\/strong>\u00a0: Ethernet, Wifi et BLE, RS485(HD), RS232, x2Serial TTL, SPI, I2C<\/p>\n","protected":false},"featured_media":1042,"template":"","meta":{"site-sidebar-layout":"default","site-content-layout":"","ast-site-content-layout":"default","site-content-style":"default","site-sidebar-style":"default","ast-global-header-display":"","ast-banner-title-visibility":"","ast-main-header-display":"","ast-hfb-above-header-display":"","ast-hfb-below-header-display":"","ast-hfb-mobile-header-display":"","site-post-title":"","ast-breadcrumbs-content":"","ast-featured-img":"","footer-sml-layout":"","theme-transparent-header-meta":"default","adv-header-id-meta":"","stick-header-meta":"","header-above-stick-meta":"","header-main-stick-meta":"","header-below-stick-meta":"","astra-migrate-meta-layouts":"set","ast-page-background-enabled":"default","ast-page-background-meta":{"desktop":{"background-color":"var(--ast-global-color-4)","background-image":"","background-repeat":"repeat","background-position":"center center","background-size":"auto","background-attachment":"scroll","background-type":"","background-media":"","overlay-type":"","overlay-color":"","overlay-opacity":"","overlay-gradient":""},"tablet":{"background-color":"","background-image":"","background-repeat":"repeat","background-position":"center center","background-size":"auto","background-attachment":"scroll","background-type":"","background-media":"","overlay-type":"","overlay-color":"","overlay-opacity":"","overlay-gradient":""},"mobile":{"background-color":"","background-image":"","background-repeat":"repeat","background-position":"center center","background-size":"auto","background-attachment":"scroll","background-type":"","background-media":"","overlay-type":"","overlay-color":"","overlay-opacity":"","overlay-gradient":""}},"ast-content-background-meta":{"desktop":{"background-color":"var(--ast-global-color-5)","background-image":"","background-repeat":"repeat","background-position":"center center","background-size":"auto","background-attachment":"scroll","background-type":"","background-media":"","overlay-type":"","overlay-color":"","overlay-opacity":"","overlay-gradient":""},"tablet":{"background-color":"var(--ast-global-color-5)","background-image":"","background-repeat":"repeat","background-position":"center center","background-size":"auto","background-attachment":"scroll","background-type":"","background-media":"","overlay-type":"","overlay-color":"","overlay-opacity":"","overlay-gradient":""},"mobile":{"background-color":"var(--ast-global-color-5)","background-image":"","background-repeat":"repeat","background-position":"center center","background-size":"auto","background-attachment":"scroll","background-type":"","background-media":"","overlay-type":"","overlay-color":"","overlay-opacity":"","overlay-gradient":""}}},"product_brand":[],"product_cat":[43],"product_tag":[44],"class_list":{"0":"post-1041","1":"product","2":"type-product","3":"status-publish","4":"has-post-thumbnail","6":"product_cat-esp32","7":"product_tag-industrial-shields","8":"desktop-align-left","9":"tablet-align-left","10":"mobile-align-left","12":"first","13":"instock","14":"taxable","15":"shipping-taxable","16":"product-type-simple"},"yoast_head":"<!-- This site is optimized with the Yoast SEO plugin v27.4 - https:\/\/yoast.com\/product\/yoast-seo-wordpress\/ -->\n<title>ESP32 PLC 57R - Robotis\u00e2mes Pro<\/title>\n<meta name=\"robots\" content=\"index, follow, max-snippet:-1, max-image-preview:large, max-video-preview:-1\" \/>\n<link rel=\"canonical\" href=\"https:\/\/robotisames.com\/pro\/produit\/esp32-plc-57r\" \/>\n<meta property=\"og:locale\" content=\"fr_FR\" \/>\n<meta property=\"og:type\" content=\"article\" \/>\n<meta property=\"og:title\" content=\"ESP32 PLC 57R - Robotis\u00e2mes Pro\" \/>\n<meta property=\"og:description\" content=\"18x entr\u00e9es 12x Convertible 6x Digital isol\u00e9 avec interruptions  33x sorties  9x Num\u00e9rique isol\u00e9\/PWM\/Analogique 24x relais  Communications\u00a0: Ethernet, Wifi et BLE, RS485(HD), RS232, x2Serial TTL, SPI, I2C\" \/>\n<meta property=\"og:url\" content=\"https:\/\/robotisames.com\/pro\/produit\/esp32-plc-57r\" \/>\n<meta property=\"og:site_name\" content=\"Robotis\u00e2mes Pro\" \/>\n<meta property=\"article:modified_time\" content=\"2025-01-29T07:46:05+00:00\" \/>\n<meta property=\"og:image\" content=\"https:\/\/robotisames.com\/pro\/wp-content\/uploads\/2025\/01\/ESP32-PLC-57R-.jpg\" \/>\n\t<meta property=\"og:image:width\" content=\"1024\" \/>\n\t<meta property=\"og:image:height\" content=\"1024\" \/>\n\t<meta property=\"og:image:type\" content=\"image\/jpeg\" \/>\n<meta name=\"twitter:card\" content=\"summary_large_image\" \/>\n<meta name=\"twitter:label1\" content=\"Dur\u00e9e de lecture estim\u00e9e\" \/>\n\t<meta name=\"twitter:data1\" content=\"1 minute\" \/>\n<script type=\"application\/ld+json\" class=\"yoast-schema-graph\">{\"@context\":\"https:\\\/\\\/schema.org\",\"@graph\":[{\"@type\":\"WebPage\",\"@id\":\"https:\\\/\\\/robotisames.com\\\/pro\\\/produit\\\/esp32-plc-57r\",\"url\":\"https:\\\/\\\/robotisames.com\\\/pro\\\/produit\\\/esp32-plc-57r\",\"name\":\"ESP32 PLC 57R - Robotis\u00e2mes Pro\",\"isPartOf\":{\"@id\":\"https:\\\/\\\/robotisames.com\\\/pro\\\/#website\"},\"primaryImageOfPage\":{\"@id\":\"https:\\\/\\\/robotisames.com\\\/pro\\\/produit\\\/esp32-plc-57r#primaryimage\"},\"image\":{\"@id\":\"https:\\\/\\\/robotisames.com\\\/pro\\\/produit\\\/esp32-plc-57r#primaryimage\"},\"thumbnailUrl\":\"https:\\\/\\\/robotisames.com\\\/pro\\\/wp-content\\\/uploads\\\/2025\\\/01\\\/ESP32-PLC-57R-.jpg\",\"datePublished\":\"2025-01-29T07:38:04+00:00\",\"dateModified\":\"2025-01-29T07:46:05+00:00\",\"breadcrumb\":{\"@id\":\"https:\\\/\\\/robotisames.com\\\/pro\\\/produit\\\/esp32-plc-57r#breadcrumb\"},\"inLanguage\":\"fr-FR\",\"potentialAction\":[{\"@type\":\"ReadAction\",\"target\":[\"https:\\\/\\\/robotisames.com\\\/pro\\\/produit\\\/esp32-plc-57r\"]}]},{\"@type\":\"ImageObject\",\"inLanguage\":\"fr-FR\",\"@id\":\"https:\\\/\\\/robotisames.com\\\/pro\\\/produit\\\/esp32-plc-57r#primaryimage\",\"url\":\"https:\\\/\\\/robotisames.com\\\/pro\\\/wp-content\\\/uploads\\\/2025\\\/01\\\/ESP32-PLC-57R-.jpg\",\"contentUrl\":\"https:\\\/\\\/robotisames.com\\\/pro\\\/wp-content\\\/uploads\\\/2025\\\/01\\\/ESP32-PLC-57R-.jpg\",\"width\":1024,\"height\":1024},{\"@type\":\"BreadcrumbList\",\"@id\":\"https:\\\/\\\/robotisames.com\\\/pro\\\/produit\\\/esp32-plc-57r#breadcrumb\",\"itemListElement\":[{\"@type\":\"ListItem\",\"position\":1,\"name\":\"Accueil\",\"item\":\"https:\\\/\\\/robotisames.com\\\/pro\\\/\"},{\"@type\":\"ListItem\",\"position\":2,\"name\":\"Automates programmables\",\"item\":\"https:\\\/\\\/robotisames.com\\\/pro\\\/automates-programmables\"},{\"@type\":\"ListItem\",\"position\":3,\"name\":\"ESP32 PLC 57R\"}]},{\"@type\":\"WebSite\",\"@id\":\"https:\\\/\\\/robotisames.com\\\/pro\\\/#website\",\"url\":\"https:\\\/\\\/robotisames.com\\\/pro\\\/\",\"name\":\"Robotis\u00e2mes Pro\",\"description\":\"Distributeur officiel Industrial Shields au Maroc\",\"publisher\":{\"@id\":\"https:\\\/\\\/robotisames.com\\\/pro\\\/#organization\"},\"potentialAction\":[{\"@type\":\"SearchAction\",\"target\":{\"@type\":\"EntryPoint\",\"urlTemplate\":\"https:\\\/\\\/robotisames.com\\\/pro\\\/?s={search_term_string}\"},\"query-input\":{\"@type\":\"PropertyValueSpecification\",\"valueRequired\":true,\"valueName\":\"search_term_string\"}}],\"inLanguage\":\"fr-FR\"},{\"@type\":\"Organization\",\"@id\":\"https:\\\/\\\/robotisames.com\\\/pro\\\/#organization\",\"name\":\"Robotis\u00e2mes Pro\",\"url\":\"https:\\\/\\\/robotisames.com\\\/pro\\\/\",\"logo\":{\"@type\":\"ImageObject\",\"inLanguage\":\"fr-FR\",\"@id\":\"https:\\\/\\\/robotisames.com\\\/pro\\\/#\\\/schema\\\/logo\\\/image\\\/\",\"url\":\"https:\\\/\\\/robotisames.com\\\/pro\\\/wp-content\\\/uploads\\\/2023\\\/02\\\/logo-robotisames-pro.png\",\"contentUrl\":\"https:\\\/\\\/robotisames.com\\\/pro\\\/wp-content\\\/uploads\\\/2023\\\/02\\\/logo-robotisames-pro.png\",\"width\":2172,\"height\":330,\"caption\":\"Robotis\u00e2mes Pro\"},\"image\":{\"@id\":\"https:\\\/\\\/robotisames.com\\\/pro\\\/#\\\/schema\\\/logo\\\/image\\\/\"}}]}<\/script>\n<!-- \/ Yoast SEO plugin. -->","yoast_head_json":{"title":"ESP32 PLC 57R - Robotis\u00e2mes Pro","robots":{"index":"index","follow":"follow","max-snippet":"max-snippet:-1","max-image-preview":"max-image-preview:large","max-video-preview":"max-video-preview:-1"},"canonical":"https:\/\/robotisames.com\/pro\/produit\/esp32-plc-57r","og_locale":"fr_FR","og_type":"article","og_title":"ESP32 PLC 57R - Robotis\u00e2mes Pro","og_description":"18x entr\u00e9es 12x Convertible 6x Digital isol\u00e9 avec interruptions  33x sorties  9x Num\u00e9rique isol\u00e9\/PWM\/Analogique 24x relais  Communications\u00a0: Ethernet, Wifi et BLE, RS485(HD), RS232, x2Serial TTL, SPI, I2C","og_url":"https:\/\/robotisames.com\/pro\/produit\/esp32-plc-57r","og_site_name":"Robotis\u00e2mes Pro","article_modified_time":"2025-01-29T07:46:05+00:00","og_image":[{"width":1024,"height":1024,"url":"https:\/\/robotisames.com\/pro\/wp-content\/uploads\/2025\/01\/ESP32-PLC-57R-.jpg","type":"image\/jpeg"}],"twitter_card":"summary_large_image","twitter_misc":{"Dur\u00e9e de lecture estim\u00e9e":"1 minute"},"schema":{"@context":"https:\/\/schema.org","@graph":[{"@type":"WebPage","@id":"https:\/\/robotisames.com\/pro\/produit\/esp32-plc-57r","url":"https:\/\/robotisames.com\/pro\/produit\/esp32-plc-57r","name":"ESP32 PLC 57R - Robotis\u00e2mes Pro","isPartOf":{"@id":"https:\/\/robotisames.com\/pro\/#website"},"primaryImageOfPage":{"@id":"https:\/\/robotisames.com\/pro\/produit\/esp32-plc-57r#primaryimage"},"image":{"@id":"https:\/\/robotisames.com\/pro\/produit\/esp32-plc-57r#primaryimage"},"thumbnailUrl":"https:\/\/robotisames.com\/pro\/wp-content\/uploads\/2025\/01\/ESP32-PLC-57R-.jpg","datePublished":"2025-01-29T07:38:04+00:00","dateModified":"2025-01-29T07:46:05+00:00","breadcrumb":{"@id":"https:\/\/robotisames.com\/pro\/produit\/esp32-plc-57r#breadcrumb"},"inLanguage":"fr-FR","potentialAction":[{"@type":"ReadAction","target":["https:\/\/robotisames.com\/pro\/produit\/esp32-plc-57r"]}]},{"@type":"ImageObject","inLanguage":"fr-FR","@id":"https:\/\/robotisames.com\/pro\/produit\/esp32-plc-57r#primaryimage","url":"https:\/\/robotisames.com\/pro\/wp-content\/uploads\/2025\/01\/ESP32-PLC-57R-.jpg","contentUrl":"https:\/\/robotisames.com\/pro\/wp-content\/uploads\/2025\/01\/ESP32-PLC-57R-.jpg","width":1024,"height":1024},{"@type":"BreadcrumbList","@id":"https:\/\/robotisames.com\/pro\/produit\/esp32-plc-57r#breadcrumb","itemListElement":[{"@type":"ListItem","position":1,"name":"Accueil","item":"https:\/\/robotisames.com\/pro\/"},{"@type":"ListItem","position":2,"name":"Automates programmables","item":"https:\/\/robotisames.com\/pro\/automates-programmables"},{"@type":"ListItem","position":3,"name":"ESP32 PLC 57R"}]},{"@type":"WebSite","@id":"https:\/\/robotisames.com\/pro\/#website","url":"https:\/\/robotisames.com\/pro\/","name":"Robotis\u00e2mes Pro","description":"Distributeur officiel Industrial Shields au Maroc","publisher":{"@id":"https:\/\/robotisames.com\/pro\/#organization"},"potentialAction":[{"@type":"SearchAction","target":{"@type":"EntryPoint","urlTemplate":"https:\/\/robotisames.com\/pro\/?s={search_term_string}"},"query-input":{"@type":"PropertyValueSpecification","valueRequired":true,"valueName":"search_term_string"}}],"inLanguage":"fr-FR"},{"@type":"Organization","@id":"https:\/\/robotisames.com\/pro\/#organization","name":"Robotis\u00e2mes Pro","url":"https:\/\/robotisames.com\/pro\/","logo":{"@type":"ImageObject","inLanguage":"fr-FR","@id":"https:\/\/robotisames.com\/pro\/#\/schema\/logo\/image\/","url":"https:\/\/robotisames.com\/pro\/wp-content\/uploads\/2023\/02\/logo-robotisames-pro.png","contentUrl":"https:\/\/robotisames.com\/pro\/wp-content\/uploads\/2023\/02\/logo-robotisames-pro.png","width":2172,"height":330,"caption":"Robotis\u00e2mes Pro"},"image":{"@id":"https:\/\/robotisames.com\/pro\/#\/schema\/logo\/image\/"}}]}},"_links":{"self":[{"href":"https:\/\/robotisames.com\/pro\/wp-json\/wp\/v2\/product\/1041","targetHints":{"allow":["GET"]}}],"collection":[{"href":"https:\/\/robotisames.com\/pro\/wp-json\/wp\/v2\/product"}],"about":[{"href":"https:\/\/robotisames.com\/pro\/wp-json\/wp\/v2\/types\/product"}],"wp:featuredmedia":[{"embeddable":true,"href":"https:\/\/robotisames.com\/pro\/wp-json\/wp\/v2\/media\/1042"}],"wp:attachment":[{"href":"https:\/\/robotisames.com\/pro\/wp-json\/wp\/v2\/media?parent=1041"}],"wp:term":[{"taxonomy":"product_brand","embeddable":true,"href":"https:\/\/robotisames.com\/pro\/wp-json\/wp\/v2\/product_brand?post=1041"},{"taxonomy":"product_cat","embeddable":true,"href":"https:\/\/robotisames.com\/pro\/wp-json\/wp\/v2\/product_cat?post=1041"},{"taxonomy":"product_tag","embeddable":true,"href":"https:\/\/robotisames.com\/pro\/wp-json\/wp\/v2\/product_tag?post=1041"}],"curies":[{"name":"wp","href":"https:\/\/api.w.org\/{rel}","templated":true}]}}