{"id":958,"date":"2024-01-03T22:00:01","date_gmt":"2024-01-03T21:00:01","guid":{"rendered":"https:\/\/robotisames.com\/pro\/?page_id=958"},"modified":"2024-01-03T22:00:49","modified_gmt":"2024-01-03T21:00:49","slug":"formulaire-de-renseignements","status":"publish","type":"page","link":"https:\/\/robotisames.com\/pro\/formulaire-de-renseignements","title":{"rendered":"Formulaire de renseignements"},"content":{"rendered":"\t\t<div data-elementor-type=\"wp-page\" data-elementor-id=\"958\" class=\"elementor elementor-958\">\n\t\t\t\t\t\t<section class=\"elementor-section elementor-top-section elementor-element elementor-element-6a6401e elementor-section-boxed elementor-section-height-default elementor-section-height-default wpr-particle-no wpr-jarallax-no wpr-parallax-no wpr-sticky-section-no wpr-column-slider-no wpr-equal-height-no\" data-id=\"6a6401e\" data-element_type=\"section\" data-e-type=\"section\" data-settings=\"{&quot;background_background&quot;:&quot;classic&quot;}\">\n\t\t\t\t\t\t<div class=\"elementor-container elementor-column-gap-default\">\n\t\t\t\t\t<div class=\"elementor-column elementor-col-100 elementor-top-column elementor-element elementor-element-3ccb1ebe\" data-id=\"3ccb1ebe\" data-element_type=\"column\" data-e-type=\"column\">\n\t\t\t<div class=\"elementor-widget-wrap elementor-element-populated\">\n\t\t\t\t\t\t<div class=\"elementor-element elementor-element-4e0a59b7 elementor-widget elementor-widget-text-editor\" data-id=\"4e0a59b7\" data-element_type=\"widget\" data-e-type=\"widget\" data-widget_type=\"text-editor.default\">\n\t\t\t\t<div class=\"elementor-widget-container\">\n\t\t\t\t\t\t\t\t\t<div class=\"frm_forms  with_frm_style frm_style_style-formidable\" id=\"frm_form_2_container\" data-token=\"33386cfebc97b96dbf45b54f0639c9a9\" data-token=\"33386cfebc97b96dbf45b54f0639c9a9\" data-token=\"33386cfebc97b96dbf45b54f0639c9a9\">\n<form enctype=\"multipart\/form-data\" method=\"post\" class=\"frm-show-form \" id=\"form_prospection\" data-token=\"33386cfebc97b96dbf45b54f0639c9a9\" data-token=\"33386cfebc97b96dbf45b54f0639c9a9\" data-token=\"33386cfebc97b96dbf45b54f0639c9a9\">\n<div class=\"frm_form_fields \">\n<fieldset>\n<legend class=\"frm_screen_reader\">prospection<\/legend>\n\n<div class=\"frm_fields_container\">\n<input type=\"hidden\" name=\"frm_action\" value=\"create\" \/>\n<input type=\"hidden\" name=\"form_id\" value=\"2\" \/>\n<input type=\"hidden\" name=\"frm_hide_fields_2\" id=\"frm_hide_fields_2\" value=\"\" \/>\n<input type=\"hidden\" name=\"form_key\" value=\"prospection\" \/>\n<input type=\"hidden\" name=\"item_meta[0]\" value=\"\" \/>\n<input type=\"hidden\" id=\"frm_submit_entry_2\" name=\"frm_submit_entry_2\" value=\"349467eeec\" \/><input type=\"hidden\" name=\"_wp_http_referer\" value=\"\/pro\/wp-json\/wp\/v2\/pages\/958\" \/><div id=\"frm_field_19_container\" class=\"frm_form_field  frm_html_container form-field\">\n<h2>Informations personnelles<\/h2>\n<\/div>\n<div id=\"frm_field_9_container\" class=\"frm_form_field form-field  frm_top_container\">\n    <div  id=\"field_fdk69_label\" class=\"frm_primary_label\">Nom\n        <span class=\"frm_required\" aria-hidden=\"true\"><\/span>\n    <\/div>\n    <fieldset aria-labelledby=\"field_fdk69_label\">\n\t<legend class=\"frm_screen_reader frm_hidden\">\n\t\tNom\t<\/legend>\n\n\t<div  class=\"frm_combo_inputs_container\" id=\"frm_combo_inputs_container_9\" data-name-layout=\"first_last\">\n\t\t\t\t\t<div\n\t\t\t\tid=\"frm_field_9-first_container\"\n\t\t\t\tclass=\"frm_form_field form-field frm_form_subfield-first  frm6\"\n\t\t\t\tdata-sub-field-name=\"first\"\n\t\t\t>\n\t\t\t\t<label for=\"field_fdk69_first\" class=\"frm_screen_reader frm_hidden\">\n\t\t\t\t\tPr\u00e9nom\t\t\t\t<\/label>\n\n\t\t\t\t<input  type=\"text\" id=\"field_fdk69_first\" value=\"\" name=\"item_meta[9][first]\" autocomplete=\"given-name\" data-invmsg=\"Nom est non valide\" aria-invalid=\"false\"  \/><div class=\"frm_description\" id=\"frm_field_9_first_desc\">Pr\u00e9nom<\/div>\t\t\t<\/div>\n\t\t\t\t\t\t<div\n\t\t\t\tid=\"frm_field_9-last_container\"\n\t\t\t\tclass=\"frm_form_field form-field frm_form_subfield-last  frm6\"\n\t\t\t\tdata-sub-field-name=\"last\"\n\t\t\t>\n\t\t\t\t<label for=\"field_fdk69_last\" class=\"frm_screen_reader frm_hidden\">\n\t\t\t\t\tNom\t\t\t\t<\/label>\n\n\t\t\t\t<input  type=\"text\" id=\"field_fdk69_last\" value=\"\" name=\"item_meta[9][last]\" autocomplete=\"family-name\" data-invmsg=\"Nom est non valide\" aria-invalid=\"false\"  \/><div class=\"frm_description\" id=\"frm_field_9_last_desc\">Nom<\/div>\t\t\t<\/div>\n\t\t\t\t<\/div>\n<\/fieldset>\n\n    \n    \n<\/div>\n<div id=\"frm_field_8_container\" class=\"frm_form_field form-field  frm_top_container\">\n    <label for=\"field_oxnye\" id=\"field_oxnye_label\" class=\"frm_primary_label\">Profession\n        <span class=\"frm_required\" aria-hidden=\"true\"><\/span>\n    <\/label>\n    <input type=\"text\" id=\"field_oxnye\" name=\"item_meta[8]\" value=\"\"  data-invmsg=\"texte est non valide\" aria-invalid=\"false\"  \/>\n    \n    \n<\/div>\n<div id=\"frm_field_10_container\" class=\"frm_form_field form-field  frm_top_container frm6 frm_first\">\n    <label for=\"field_z7tpx\" id=\"field_z7tpx_label\" class=\"frm_primary_label\">T\u00e9l\u00e9phone\n        <span class=\"frm_required\" aria-hidden=\"true\"><\/span>\n    <\/label>\n    <input type=\"tel\" id=\"field_z7tpx\" name=\"item_meta[10]\" value=\"\"  data-invmsg=\"T\u00e9l\u00e9phone est non valide\" aria-invalid=\"false\" pattern=\"((\\+\\d{1,3}(-|.| )?\\(?\\d\\)?(-| |.)?\\d{1,5})|(\\(?\\d{2,6}\\)?))(-|.| )?(\\d{3,4})(-|.| )?(\\d{4})(( x| ext)\\d{1,5}){0,1}$\"  \/>\n    \n    \n<\/div>\n<div id=\"frm_field_11_container\" class=\"frm_form_field form-field  frm_top_container frm6\">\n    <label for=\"field_fbqwk\" id=\"field_fbqwk_label\" class=\"frm_primary_label\">E-mail\n        <span class=\"frm_required\" aria-hidden=\"true\"><\/span>\n    <\/label>\n    <input type=\"email\" id=\"field_fbqwk\" name=\"item_meta[11]\" value=\"\"  data-invmsg=\"Email est non valide\" aria-invalid=\"false\"  \/>\n    \n    \n<\/div>\n<div id=\"frm_field_20_container\" class=\"frm_form_field  frm_html_container form-field\">\n<h2>Votre entreprise<\/h2>\n<\/div>\n<div id=\"frm_field_12_container\" class=\"frm_form_field form-field  frm_top_container frm6 frm_first\">\n    <label for=\"field_xm1e1\" id=\"field_xm1e1_label\" class=\"frm_primary_label\">Entreprise\n        <span class=\"frm_required\" aria-hidden=\"true\"><\/span>\n    <\/label>\n    <input type=\"text\" id=\"field_xm1e1\" name=\"item_meta[12]\" value=\"\"  data-invmsg=\"texte est non valide\" aria-invalid=\"false\"  \/>\n    \n    \n<\/div>\n<div id=\"frm_field_13_container\" class=\"frm_form_field form-field  frm_top_container frm6\">\n    <label for=\"field_k7cul\" id=\"field_k7cul_label\" class=\"frm_primary_label\">Secteur d'activit\u00e9 de l'entreprise\n        <span class=\"frm_required\" aria-hidden=\"true\"><\/span>\n    <\/label>\n    <input type=\"text\" id=\"field_k7cul\" name=\"item_meta[13]\" value=\"\"  data-invmsg=\"texte est non valide\" aria-invalid=\"false\"  \/>\n    \n    \n<\/div>\n<div id=\"frm_field_14_container\" class=\"frm_form_field form-field  frm_top_container\">\n    <label for=\"field_rrb2k\" id=\"field_rrb2k_label\" class=\"frm_primary_label\">Adresse de l'entreprise\n        <span class=\"frm_required\" aria-hidden=\"true\"><\/span>\n    <\/label>\n    <textarea name=\"item_meta[14]\" id=\"field_rrb2k\"  data-invmsg=\"Adresse de l&#039;entreprise est non valide\" aria-invalid=\"false\"  ><\/textarea>\n    \n    \n<\/div>\n<div id=\"frm_field_15_container\" class=\"frm_form_field form-field  frm_top_container frm6 frm_first\">\n    <label for=\"field_gvifd\" id=\"field_gvifd_label\" class=\"frm_primary_label\">T\u00e9l\u00e9phone de l'entreprise\n        <span class=\"frm_required\" aria-hidden=\"true\"><\/span>\n    <\/label>\n    <input type=\"tel\" id=\"field_gvifd\" name=\"item_meta[15]\" value=\"\"  data-invmsg=\"T\u00e9l\u00e9phone est non valide\" aria-invalid=\"false\" pattern=\"((\\+\\d{1,3}(-|.| )?\\(?\\d\\)?(-| |.)?\\d{1,5})|(\\(?\\d{2,6}\\)?))(-|.| )?(\\d{3,4})(-|.| )?(\\d{4})(( x| ext)\\d{1,5}){0,1}$\"  \/>\n    \n    \n<\/div>\n<div id=\"frm_field_16_container\" class=\"frm_form_field form-field  frm_top_container frm6\">\n    <label for=\"field_szoq4\" id=\"field_szoq4_label\" class=\"frm_primary_label\">E-mail de l'entreprise\n        <span class=\"frm_required\" aria-hidden=\"true\"><\/span>\n    <\/label>\n    <input type=\"email\" id=\"field_szoq4\" name=\"item_meta[16]\" value=\"\"  data-invmsg=\"Email est non valide\" aria-invalid=\"false\"  \/>\n    \n    \n<\/div>\n<div id=\"frm_field_17_container\" class=\"frm_form_field form-field  frm_top_container\">\n    <label for=\"field_tt5rf\" id=\"field_tt5rf_label\" class=\"frm_primary_label\">Site Web de l'entreprise\n        <span class=\"frm_required\" aria-hidden=\"true\"><\/span>\n    <\/label>\n    <input type=\"url\" id=\"field_tt5rf\" name=\"item_meta[17]\" value=\"\"  data-invmsg=\"Site Web\/URL est non valide\" aria-invalid=\"false\"  \/>\n    \n    \n<\/div>\n<div id=\"frm_field_18_container\" class=\"frm_form_field  frm_html_container form-field\">\n<h1>Sp\u00e9cifications du projet<\/h1>\n<\/div>\n<div id=\"frm_field_21_container\" class=\"frm_form_field form-field  frm_top_container frm6 frm_first\">\n    <label for=\"field_9pcmv\" id=\"field_9pcmv_label\" class=\"frm_primary_label\">Quantit\u00e9 souhait\u00e9e de Controllino Mega\n        <span class=\"frm_required\" aria-hidden=\"true\"><\/span>\n    <\/label>\n    <input type=\"number\" id=\"field_9pcmv\" name=\"item_meta[21]\" value=\"\"  data-invmsg=\"Nombre est non valide\" aria-invalid=\"false\"   min=\"0\" max=\"500\" step=\"any\"\/>\n    \n    \n<\/div>\n<div id=\"frm_field_22_container\" class=\"frm_form_field form-field  frm_top_container frm6 vertical_radio\">\n    <div  id=\"field_fkji4_label\" class=\"frm_primary_label\">Utilisation pr\u00e9vue\n        <span class=\"frm_required\" aria-hidden=\"true\"><\/span>\n    <\/div>\n    <div class=\"frm_opt_container\" aria-labelledby=\"field_fkji4_label\" role=\"group\">\t\t<div class=\"frm_checkbox\" id=\"frm_checkbox_22-0\">\t\t\t<label  for=\"field_fkji4-0\">\n\t\t\t<input type=\"checkbox\" name=\"item_meta[22][]\" id=\"field_fkji4-0\" value=\"Automatisation industrielle\"  data-invmsg=\"Utilisation pr\u00e9vue est non valide\"   \/> Automatisation industrielle<\/label><\/div>\n\t\t<div class=\"frm_checkbox\" id=\"frm_checkbox_22-1\">\t\t\t<label  for=\"field_fkji4-1\">\n\t\t\t<input type=\"checkbox\" name=\"item_meta[22][]\" id=\"field_fkji4-1\" value=\"Prototype\"  data-invmsg=\"Utilisation pr\u00e9vue est non valide\"   \/> Prototype<\/label><\/div>\n\t\t<div class=\"frm_checkbox\" id=\"frm_checkbox_22-2\">\t\t\t<label  for=\"field_fkji4-2\">\n\t\t\t<input type=\"checkbox\" name=\"item_meta[22][]\" id=\"field_fkji4-2\" value=\"Projets DIY\"  data-invmsg=\"Utilisation pr\u00e9vue est non valide\"   \/> Projets DIY<\/label><\/div>\n\t\t<div class=\"frm_checkbox\" id=\"frm_checkbox_22-3\">\t\t\t<label  for=\"field_fkji4-3\">\n\t\t\t<input type=\"checkbox\" name=\"item_meta[22][]\" id=\"field_fkji4-3\" value=\"Autre\"  data-invmsg=\"Utilisation pr\u00e9vue est non valide\"   \/> Autre<\/label><\/div>\n<\/div>\n    \n    \n<\/div>\n<div id=\"frm_field_24_container\" class=\"frm_form_field form-field  frm_top_container frm6 frm_first\">\n    <label for=\"field_gjm95\" id=\"field_gjm95_label\" class=\"frm_primary_label\">Date pr\u00e9vue pour l'achat\n        <span class=\"frm_required\" aria-hidden=\"true\"><\/span>\n    <\/label>\n    <input type=\"text\" id=\"field_gjm95\" name=\"item_meta[24]\" value=\"\"  data-invmsg=\"texte est non valide\" aria-invalid=\"false\"  \/>\n    \n    \n<\/div>\n<div id=\"frm_field_23_container\" class=\"frm_form_field form-field  frm_top_container frm6\">\n    <label for=\"field_3acut\" id=\"field_3acut_label\" class=\"frm_primary_label\">Pr\u00e9cisez ici si autre utilisation pr\u00e9vue\n        <span class=\"frm_required\" aria-hidden=\"true\"><\/span>\n    <\/label>\n    <input type=\"text\" id=\"field_3acut\" name=\"item_meta[23]\" value=\"\"  data-invmsg=\"texte est non valide\" aria-invalid=\"false\"  \/>\n    \n    \n<\/div>\n<div id=\"frm_field_25_container\" class=\"frm_form_field form-field  frm_top_container\">\n    <label for=\"field_drgyp\" id=\"field_drgyp_label\" class=\"frm_primary_label\">Avez-vous des exigences sp\u00e9cifiques ou des questions techniques concernant le Controllino Mega ?\n        <span class=\"frm_required\" aria-hidden=\"true\"><\/span>\n    <\/label>\n    <textarea name=\"item_meta[25]\" id=\"field_drgyp\" rows=\"3\"  data-invmsg=\"Avez-vous des exigences sp\u00e9cifiques ou des questions techniques concernant le Controllino Mega ? est non valide\" aria-invalid=\"false\"  ><\/textarea>\n    \n    \n<\/div>\n<div id=\"frm_field_26_container\" class=\"frm_form_field  frm_html_container form-field\">\n<h2>Informations Compl\u00e9mentaires<\/h2>\n<\/div>\n<div id=\"frm_field_28_container\" class=\"frm_form_field form-field  frm_top_container vertical_radio\">\n    <div  id=\"field_cpa09_label\" class=\"frm_primary_label\">Comment avez-vous entendu parler de notre entreprise ?\n        <span class=\"frm_required\" aria-hidden=\"true\"><\/span>\n    <\/div>\n    <div class=\"frm_opt_container\" aria-labelledby=\"field_cpa09_label\" role=\"group\">\t\t<div class=\"frm_checkbox\" id=\"frm_checkbox_28-0\">\t\t\t<label  for=\"field_cpa09-0\">\n\t\t\t<input type=\"checkbox\" name=\"item_meta[28][]\" id=\"field_cpa09-0\" value=\"R\u00e9f\u00e9rence personnelle\"  data-invmsg=\"Comment avez-vous entendu parler de notre entreprise ? est non valide\"   \/> R\u00e9f\u00e9rence personnelle<\/label><\/div>\n\t\t<div class=\"frm_checkbox\" id=\"frm_checkbox_28-1\">\t\t\t<label  for=\"field_cpa09-1\">\n\t\t\t<input type=\"checkbox\" name=\"item_meta[28][]\" id=\"field_cpa09-1\" value=\"Recherche en ligne\"  data-invmsg=\"Comment avez-vous entendu parler de notre entreprise ? est non valide\"   \/> Recherche en ligne<\/label><\/div>\n\t\t<div class=\"frm_checkbox\" id=\"frm_checkbox_28-2\">\t\t\t<label  for=\"field_cpa09-2\">\n\t\t\t<input type=\"checkbox\" name=\"item_meta[28][]\" id=\"field_cpa09-2\" value=\"R\u00e9seaux sociaux\"  data-invmsg=\"Comment avez-vous entendu parler de notre entreprise ? est non valide\"   \/> R\u00e9seaux sociaux<\/label><\/div>\n\t\t<div class=\"frm_checkbox\" id=\"frm_checkbox_28-3\">\t\t\t<label  for=\"field_cpa09-3\">\n\t\t\t<input type=\"checkbox\" name=\"item_meta[28][]\" id=\"field_cpa09-3\" value=\"Autre\"  data-invmsg=\"Comment avez-vous entendu parler de notre entreprise ? est non valide\"   \/> Autre<\/label><\/div>\n<\/div>\n    \n    \n<\/div>\n<div id=\"frm_field_29_container\" class=\"frm_form_field form-field  frm_top_container\">\n    <label for=\"field_nxy7z\" id=\"field_nxy7z_label\" class=\"frm_primary_label\">Pr\u00e9cisez ici si vous avez connu notre entreprise par un autre moyen\n        <span class=\"frm_required\" aria-hidden=\"true\"><\/span>\n    <\/label>\n    <input type=\"text\" id=\"field_nxy7z\" name=\"item_meta[29]\" value=\"\"  data-invmsg=\"texte est non valide\" aria-invalid=\"false\"  \/>\n    \n    \n<\/div>\n<div id=\"frm_field_30_container\" class=\"frm_form_field form-field  frm_top_container\">\n    <label for=\"field_a6ipa\" id=\"field_a6ipa_label\" class=\"frm_primary_label\">Des informations suppl\u00e9mentaires que vous souhaitez partager ?\n        <span class=\"frm_required\" aria-hidden=\"true\"><\/span>\n    <\/label>\n    <textarea name=\"item_meta[30]\" id=\"field_a6ipa\" rows=\"5\"  data-invmsg=\"Des informations suppl\u00e9mentaires que vous souhaitez partager ? est non valide\" aria-invalid=\"false\"  ><\/textarea>\n    \n    \n<\/div>\n\t<input type=\"hidden\" name=\"item_key\" value=\"\" \/>\n\t\t\t<div id=\"frm_field_33_container\">\n\t\t\t<label for=\"field_hzp92\" >\n\t\t\t\tSi vous \u00eates un humain, ne remplissez pas ce champ.\t\t\t<\/label>\n\t\t\t<input  id=\"field_hzp92\" type=\"text\" class=\"frm_form_field form-field frm_verify\" name=\"item_meta[33]\" value=\"\"  \/>\n\t\t<\/div>\n\t\t<input name=\"frm_state\" type=\"hidden\" value=\"tDCVw\/jctps+oBofKt819z2ERWXTBiI42Y+2\/QPbR4U=\" \/><div class=\"frm_submit frm_flex\">\n<button class=\"frm_button_submit\" type=\"submit\"  >Envoyer<\/button>\n\n\n\n<\/div><\/div>\n<\/fieldset>\n<\/div>\n\n<\/form>\n<\/div>\n\t\t\t\t\t\t\t\t<\/div>\n\t\t\t\t<\/div>\n\t\t\t\t\t<\/div>\n\t\t<\/div>\n\t\t\t\t\t<\/div>\n\t\t<\/section>\n\t\t\t\t<\/div>\n\t\t","protected":false},"excerpt":{"rendered":"","protected":false},"author":1,"featured_media":0,"parent":0,"menu_order":0,"comment_status":"closed","ping_status":"closed","template":"","meta":{"site-sidebar-layout":"default","site-content-layout":"","ast-site-content-layout":"","site-content-style":"default","site-sidebar-style":"default","ast-global-header-display":"","ast-banner-title-visibility":"","ast-main-header-display":"","ast-hfb-above-header-display":"","ast-hfb-below-header-display":"","ast-hfb-mobile-header-display":"","site-post-title":"","ast-breadcrumbs-content":"","ast-featured-img":"","footer-sml-layout":"","theme-transparent-header-meta":"","adv-header-id-meta":"","stick-header-meta":"","header-above-stick-meta":"","header-main-stick-meta":"","header-below-stick-meta":"","astra-migrate-meta-layouts":"default","ast-page-background-enabled":"default","ast-page-background-meta":{"desktop":{"background-color":"var(--ast-global-color-4)","background-image":"","background-repeat":"repeat","background-position":"center center","background-size":"auto","background-attachment":"scroll","background-type":"","background-media":"","overlay-type":"","overlay-color":"","overlay-opacity":"","overlay-gradient":""},"tablet":{"background-color":"","background-image":"","background-repeat":"repeat","background-position":"center center","background-size":"auto","background-attachment":"scroll","background-type":"","background-media":"","overlay-type":"","overlay-color":"","overlay-opacity":"","overlay-gradient":""},"mobile":{"background-color":"","background-image":"","background-repeat":"repeat","background-position":"center center","background-size":"auto","background-attachment":"scroll","background-type":"","background-media":"","overlay-type":"","overlay-color":"","overlay-opacity":"","overlay-gradient":""}},"ast-content-background-meta":{"desktop":{"background-color":"var(--ast-global-color-5)","background-image":"","background-repeat":"repeat","background-position":"center center","background-size":"auto","background-attachment":"scroll","background-type":"","background-media":"","overlay-type":"","overlay-color":"","overlay-opacity":"","overlay-gradient":""},"tablet":{"background-color":"var(--ast-global-color-5)","background-image":"","background-repeat":"repeat","background-position":"center center","background-size":"auto","background-attachment":"scroll","background-type":"","background-media":"","overlay-type":"","overlay-color":"","overlay-opacity":"","overlay-gradient":""},"mobile":{"background-color":"var(--ast-global-color-5)","background-image":"","background-repeat":"repeat","background-position":"center center","background-size":"auto","background-attachment":"scroll","background-type":"","background-media":"","overlay-type":"","overlay-color":"","overlay-opacity":"","overlay-gradient":""}},"footnotes":""},"class_list":["post-958","page","type-page","status-publish","hentry"],"yoast_head":"<!-- This site is optimized with the Yoast SEO plugin v27.6 - https:\/\/yoast.com\/product\/yoast-seo-wordpress\/ -->\n<title>Formulaire de renseignements - Robotis\u00e2mes Pro<\/title>\n<meta name=\"robots\" content=\"index, follow, max-snippet:-1, max-image-preview:large, max-video-preview:-1\" \/>\n<link rel=\"canonical\" href=\"https:\/\/robotisames.com\/pro\/formulaire-de-renseignements\" \/>\n<meta property=\"og:locale\" content=\"fr_FR\" \/>\n<meta property=\"og:type\" content=\"article\" \/>\n<meta property=\"og:title\" content=\"Formulaire de renseignements - Robotis\u00e2mes Pro\" \/>\n<meta property=\"og:url\" content=\"https:\/\/robotisames.com\/pro\/formulaire-de-renseignements\" \/>\n<meta property=\"og:site_name\" content=\"Robotis\u00e2mes Pro\" \/>\n<meta property=\"article:modified_time\" content=\"2024-01-03T21:00:49+00:00\" \/>\n<meta name=\"twitter:card\" content=\"summary_large_image\" \/>\n<meta name=\"twitter:label1\" content=\"Dur\u00e9e de lecture estim\u00e9e\" \/>\n\t<meta name=\"twitter:data1\" content=\"1 minute\" \/>\n<script type=\"application\/ld+json\" class=\"yoast-schema-graph\">{\"@context\":\"https:\\\/\\\/schema.org\",\"@graph\":[{\"@type\":\"WebPage\",\"@id\":\"https:\\\/\\\/robotisames.com\\\/pro\\\/formulaire-de-renseignements\",\"url\":\"https:\\\/\\\/robotisames.com\\\/pro\\\/formulaire-de-renseignements\",\"name\":\"Formulaire de renseignements - Robotis\u00e2mes Pro\",\"isPartOf\":{\"@id\":\"https:\\\/\\\/robotisames.com\\\/pro\\\/#website\"},\"datePublished\":\"2024-01-03T21:00:01+00:00\",\"dateModified\":\"2024-01-03T21:00:49+00:00\",\"breadcrumb\":{\"@id\":\"https:\\\/\\\/robotisames.com\\\/pro\\\/formulaire-de-renseignements#breadcrumb\"},\"inLanguage\":\"fr-FR\",\"potentialAction\":[{\"@type\":\"ReadAction\",\"target\":[\"https:\\\/\\\/robotisames.com\\\/pro\\\/formulaire-de-renseignements\"]}]},{\"@type\":\"BreadcrumbList\",\"@id\":\"https:\\\/\\\/robotisames.com\\\/pro\\\/formulaire-de-renseignements#breadcrumb\",\"itemListElement\":[{\"@type\":\"ListItem\",\"position\":1,\"name\":\"Accueil\",\"item\":\"https:\\\/\\\/robotisames.com\\\/pro\\\/\"},{\"@type\":\"ListItem\",\"position\":2,\"name\":\"Formulaire de renseignements\"}]},{\"@type\":\"WebSite\",\"@id\":\"https:\\\/\\\/robotisames.com\\\/pro\\\/#website\",\"url\":\"https:\\\/\\\/robotisames.com\\\/pro\\\/\",\"name\":\"Robotis\u00e2mes Pro\",\"description\":\"Distributeur officiel Industrial Shields au Maroc\",\"publisher\":{\"@id\":\"https:\\\/\\\/robotisames.com\\\/pro\\\/#organization\"},\"potentialAction\":[{\"@type\":\"SearchAction\",\"target\":{\"@type\":\"EntryPoint\",\"urlTemplate\":\"https:\\\/\\\/robotisames.com\\\/pro\\\/?s={search_term_string}\"},\"query-input\":{\"@type\":\"PropertyValueSpecification\",\"valueRequired\":true,\"valueName\":\"search_term_string\"}}],\"inLanguage\":\"fr-FR\"},{\"@type\":\"Organization\",\"@id\":\"https:\\\/\\\/robotisames.com\\\/pro\\\/#organization\",\"name\":\"Robotis\u00e2mes Pro\",\"url\":\"https:\\\/\\\/robotisames.com\\\/pro\\\/\",\"logo\":{\"@type\":\"ImageObject\",\"inLanguage\":\"fr-FR\",\"@id\":\"https:\\\/\\\/robotisames.com\\\/pro\\\/#\\\/schema\\\/logo\\\/image\\\/\",\"url\":\"https:\\\/\\\/robotisames.com\\\/pro\\\/wp-content\\\/uploads\\\/2023\\\/02\\\/logo-robotisames-pro.png\",\"contentUrl\":\"https:\\\/\\\/robotisames.com\\\/pro\\\/wp-content\\\/uploads\\\/2023\\\/02\\\/logo-robotisames-pro.png\",\"width\":2172,\"height\":330,\"caption\":\"Robotis\u00e2mes Pro\"},\"image\":{\"@id\":\"https:\\\/\\\/robotisames.com\\\/pro\\\/#\\\/schema\\\/logo\\\/image\\\/\"}}]}<\/script>\n<!-- \/ Yoast SEO plugin. -->","yoast_head_json":{"title":"Formulaire de renseignements - Robotis\u00e2mes Pro","robots":{"index":"index","follow":"follow","max-snippet":"max-snippet:-1","max-image-preview":"max-image-preview:large","max-video-preview":"max-video-preview:-1"},"canonical":"https:\/\/robotisames.com\/pro\/formulaire-de-renseignements","og_locale":"fr_FR","og_type":"article","og_title":"Formulaire de renseignements - Robotis\u00e2mes Pro","og_url":"https:\/\/robotisames.com\/pro\/formulaire-de-renseignements","og_site_name":"Robotis\u00e2mes Pro","article_modified_time":"2024-01-03T21:00:49+00:00","twitter_card":"summary_large_image","twitter_misc":{"Dur\u00e9e de lecture estim\u00e9e":"1 minute"},"schema":{"@context":"https:\/\/schema.org","@graph":[{"@type":"WebPage","@id":"https:\/\/robotisames.com\/pro\/formulaire-de-renseignements","url":"https:\/\/robotisames.com\/pro\/formulaire-de-renseignements","name":"Formulaire de renseignements - Robotis\u00e2mes Pro","isPartOf":{"@id":"https:\/\/robotisames.com\/pro\/#website"},"datePublished":"2024-01-03T21:00:01+00:00","dateModified":"2024-01-03T21:00:49+00:00","breadcrumb":{"@id":"https:\/\/robotisames.com\/pro\/formulaire-de-renseignements#breadcrumb"},"inLanguage":"fr-FR","potentialAction":[{"@type":"ReadAction","target":["https:\/\/robotisames.com\/pro\/formulaire-de-renseignements"]}]},{"@type":"BreadcrumbList","@id":"https:\/\/robotisames.com\/pro\/formulaire-de-renseignements#breadcrumb","itemListElement":[{"@type":"ListItem","position":1,"name":"Accueil","item":"https:\/\/robotisames.com\/pro\/"},{"@type":"ListItem","position":2,"name":"Formulaire de renseignements"}]},{"@type":"WebSite","@id":"https:\/\/robotisames.com\/pro\/#website","url":"https:\/\/robotisames.com\/pro\/","name":"Robotis\u00e2mes Pro","description":"Distributeur officiel Industrial Shields au Maroc","publisher":{"@id":"https:\/\/robotisames.com\/pro\/#organization"},"potentialAction":[{"@type":"SearchAction","target":{"@type":"EntryPoint","urlTemplate":"https:\/\/robotisames.com\/pro\/?s={search_term_string}"},"query-input":{"@type":"PropertyValueSpecification","valueRequired":true,"valueName":"search_term_string"}}],"inLanguage":"fr-FR"},{"@type":"Organization","@id":"https:\/\/robotisames.com\/pro\/#organization","name":"Robotis\u00e2mes Pro","url":"https:\/\/robotisames.com\/pro\/","logo":{"@type":"ImageObject","inLanguage":"fr-FR","@id":"https:\/\/robotisames.com\/pro\/#\/schema\/logo\/image\/","url":"https:\/\/robotisames.com\/pro\/wp-content\/uploads\/2023\/02\/logo-robotisames-pro.png","contentUrl":"https:\/\/robotisames.com\/pro\/wp-content\/uploads\/2023\/02\/logo-robotisames-pro.png","width":2172,"height":330,"caption":"Robotis\u00e2mes Pro"},"image":{"@id":"https:\/\/robotisames.com\/pro\/#\/schema\/logo\/image\/"}}]}},"_links":{"self":[{"href":"https:\/\/robotisames.com\/pro\/wp-json\/wp\/v2\/pages\/958","targetHints":{"allow":["GET"]}}],"collection":[{"href":"https:\/\/robotisames.com\/pro\/wp-json\/wp\/v2\/pages"}],"about":[{"href":"https:\/\/robotisames.com\/pro\/wp-json\/wp\/v2\/types\/page"}],"author":[{"embeddable":true,"href":"https:\/\/robotisames.com\/pro\/wp-json\/wp\/v2\/users\/1"}],"replies":[{"embeddable":true,"href":"https:\/\/robotisames.com\/pro\/wp-json\/wp\/v2\/comments?post=958"}],"version-history":[{"count":3,"href":"https:\/\/robotisames.com\/pro\/wp-json\/wp\/v2\/pages\/958\/revisions"}],"predecessor-version":[{"id":961,"href":"https:\/\/robotisames.com\/pro\/wp-json\/wp\/v2\/pages\/958\/revisions\/961"}],"wp:attachment":[{"href":"https:\/\/robotisames.com\/pro\/wp-json\/wp\/v2\/media?parent=958"}],"curies":[{"name":"wp","href":"https:\/\/api.w.org\/{rel}","templated":true}]}}