{"id":831,"date":"2023-09-28T17:23:52","date_gmt":"2023-09-28T15:23:52","guid":{"rendered":"https:\/\/robotisames.com\/pro\/?page_id=831"},"modified":"2023-09-28T17:38:32","modified_gmt":"2023-09-28T15:38:32","slug":"repoussez-limites-controllino","status":"publish","type":"page","link":"https:\/\/robotisames.com\/pro\/repoussez-limites-controllino","title":{"rendered":"Repoussez les limites"},"content":{"rendered":"\t\t<div data-elementor-type=\"wp-page\" data-elementor-id=\"831\" class=\"elementor elementor-831\">\n\t\t\t\t\t\t<section class=\"elementor-section elementor-top-section elementor-element elementor-element-b43c64e elementor-section-boxed elementor-section-height-default elementor-section-height-default wpr-particle-no wpr-jarallax-no wpr-parallax-no wpr-sticky-section-no wpr-equal-height-no\" data-id=\"b43c64e\" data-element_type=\"section\" data-e-type=\"section\">\n\t\t\t\t\t\t<div class=\"elementor-container elementor-column-gap-default\">\n\t\t\t\t\t<div class=\"elementor-column elementor-col-50 elementor-top-column elementor-element elementor-element-a2a5185\" data-id=\"a2a5185\" data-element_type=\"column\" data-e-type=\"column\" data-settings=\"{&quot;background_background&quot;:&quot;classic&quot;}\">\n\t\t\t<div class=\"elementor-widget-wrap elementor-element-populated\">\n\t\t\t\t\t\t<div class=\"elementor-element elementor-element-1d7a002 elementor-widget elementor-widget-heading\" data-id=\"1d7a002\" data-element_type=\"widget\" data-e-type=\"widget\" data-widget_type=\"heading.default\">\n\t\t\t\t<div class=\"elementor-widget-container\">\n\t\t\t\t\t<h2 class=\"elementor-heading-title elementor-size-default\">REPOUSSEZ LES LIMITES<\/h2>\t\t\t\t<\/div>\n\t\t\t\t<\/div>\n\t\t\t\t\t<\/div>\n\t\t<\/div>\n\t\t\t\t<div class=\"elementor-column elementor-col-50 elementor-top-column elementor-element elementor-element-d73a3bc\" data-id=\"d73a3bc\" data-element_type=\"column\" data-e-type=\"column\">\n\t\t\t<div class=\"elementor-widget-wrap\">\n\t\t\t\t\t\t\t<\/div>\n\t\t<\/div>\n\t\t\t\t\t<\/div>\n\t\t<\/section>\n\t\t\t\t<section class=\"elementor-section elementor-top-section elementor-element elementor-element-f04cae8 elementor-section-boxed elementor-section-height-default elementor-section-height-default wpr-particle-no wpr-jarallax-no wpr-parallax-no wpr-sticky-section-no wpr-equal-height-no\" data-id=\"f04cae8\" data-element_type=\"section\" data-e-type=\"section\">\n\t\t\t\t\t\t<div class=\"elementor-container elementor-column-gap-default\">\n\t\t\t\t\t<div class=\"elementor-column elementor-col-100 elementor-top-column elementor-element elementor-element-1d4eefd\" data-id=\"1d4eefd\" data-element_type=\"column\" data-e-type=\"column\">\n\t\t\t<div class=\"elementor-widget-wrap elementor-element-populated\">\n\t\t\t\t\t\t<div class=\"elementor-element elementor-element-31a9f4e elementor-widget elementor-widget-heading\" data-id=\"31a9f4e\" data-element_type=\"widget\" data-e-type=\"widget\" data-widget_type=\"heading.default\">\n\t\t\t\t<div class=\"elementor-widget-container\">\n\t\t\t\t\t<h2 class=\"elementor-heading-title elementor-size-default\">CONTROLLINO VOUS NOUS LE POUVOIR DU CONTR\u00d4LE TOTAL<\/h2>\t\t\t\t<\/div>\n\t\t\t\t<\/div>\n\t\t\t\t<div class=\"elementor-element elementor-element-d23f851 elementor-widget elementor-widget-text-editor\" data-id=\"d23f851\" data-element_type=\"widget\" data-e-type=\"widget\" data-widget_type=\"text-editor.default\">\n\t\t\t\t<div class=\"elementor-widget-container\">\n\t\t\t\t\t\t\t\t\t<p>L&rsquo;API r\u00e9volutionnaire CONTROLLINO vous donne le pouvoir de repousser les limites du possible. Avec une vaste gamme d\u2019entr\u00e9es et de sorties, vous pouvez amener vos projets vers de nouveaux sommets et une nouvelle complexit\u00e9.\u00a0<\/p>\t\t\t\t\t\t\t\t<\/div>\n\t\t\t\t<\/div>\n\t\t\t\t<div class=\"elementor-element elementor-element-3fe349c elementor-align-center elementor-widget elementor-widget-button\" data-id=\"3fe349c\" data-element_type=\"widget\" data-e-type=\"widget\" data-widget_type=\"button.default\">\n\t\t\t\t<div class=\"elementor-widget-container\">\n\t\t\t\t\t\t\t\t\t<div class=\"elementor-button-wrapper\">\n\t\t\t\t\t<a class=\"elementor-button elementor-button-link elementor-size-lg\" href=\"https:\/\/robotisames.com\/pro\/automates-programmables\">\n\t\t\t\t\t\t<span class=\"elementor-button-content-wrapper\">\n\t\t\t\t\t\t\t\t\t<span class=\"elementor-button-text\">Obtenez le v\u00f4tre maintenant !<\/span>\n\t\t\t\t\t<\/span>\n\t\t\t\t\t<\/a>\n\t\t\t\t<\/div>\n\t\t\t\t\t\t\t\t<\/div>\n\t\t\t\t<\/div>\n\t\t\t\t\t<\/div>\n\t\t<\/div>\n\t\t\t\t\t<\/div>\n\t\t<\/section>\n\t\t\t\t<section class=\"elementor-section elementor-top-section elementor-element elementor-element-103b256 elementor-section-boxed elementor-section-height-default elementor-section-height-default wpr-particle-no wpr-jarallax-no wpr-parallax-no wpr-sticky-section-no wpr-equal-height-no\" data-id=\"103b256\" data-element_type=\"section\" data-e-type=\"section\">\n\t\t\t\t\t\t<div class=\"elementor-container elementor-column-gap-wide\">\n\t\t\t\t\t<div class=\"elementor-column elementor-col-50 elementor-top-column elementor-element elementor-element-88e7566\" data-id=\"88e7566\" data-element_type=\"column\" data-e-type=\"column\" data-settings=\"{&quot;background_background&quot;:&quot;classic&quot;}\">\n\t\t\t<div class=\"elementor-widget-wrap elementor-element-populated\">\n\t\t\t\t\t<div class=\"elementor-background-overlay\"><\/div>\n\t\t\t\t\t\t<div class=\"elementor-element elementor-element-17ac371 elementor-widget elementor-widget-heading\" data-id=\"17ac371\" data-element_type=\"widget\" data-e-type=\"widget\" data-widget_type=\"heading.default\">\n\t\t\t\t<div class=\"elementor-widget-container\">\n\t\t\t\t\t<h2 class=\"elementor-heading-title elementor-size-default\">CONTR\u00d4LE SANS LIMITES<\/h2>\t\t\t\t<\/div>\n\t\t\t\t<\/div>\n\t\t\t\t<div class=\"elementor-element elementor-element-e991aee elementor-widget elementor-widget-text-editor\" data-id=\"e991aee\" data-element_type=\"widget\" data-e-type=\"widget\" data-widget_type=\"text-editor.default\">\n\t\t\t\t<div class=\"elementor-widget-container\">\n\t\t\t\t\t\t\t\t\t<p>Commandez jusqu&rsquo;\u00e0<\/p>\t\t\t\t\t\t\t\t<\/div>\n\t\t\t\t<\/div>\n\t\t\t\t<div class=\"elementor-element elementor-element-b7dbee9 elementor-widget elementor-widget-heading\" data-id=\"b7dbee9\" data-element_type=\"widget\" data-e-type=\"widget\" data-widget_type=\"heading.default\">\n\t\t\t\t<div class=\"elementor-widget-container\">\n\t\t\t\t\t<h1 class=\"elementor-heading-title elementor-size-xxl\">16<\/h1>\t\t\t\t<\/div>\n\t\t\t\t<\/div>\n\t\t\t\t<div class=\"elementor-element elementor-element-e3b9c77 elementor-widget elementor-widget-text-editor\" data-id=\"e3b9c77\" data-element_type=\"widget\" data-e-type=\"widget\" data-widget_type=\"text-editor.default\">\n\t\t\t\t<div class=\"elementor-widget-container\">\n\t\t\t\t\t\t\t\t\t<p>relais prenant en charge jusqu&rsquo;\u00e0<br \/><span style=\"font-style: inherit; font-weight: inherit; color: var( --e-global-color-text ); font-family: var( --e-global-typography-text-font-family ), Sans-serif;\">16A et 250V<\/span><\/p><p><span style=\"font-style: inherit; font-weight: inherit; color: var( --e-global-color-text ); font-family: var( --e-global-typography-text-font-family ), Sans-serif;\">\u00a0<\/span><\/p><p><span style=\"font-style: inherit; font-weight: inherit; color: var( --e-global-color-text ); font-family: var( --e-global-typography-text-font-family ), Sans-serif;\">\u00a0<\/span><\/p><p><span style=\"font-style: inherit; font-weight: inherit; color: var( --e-global-color-text ); font-family: var( --e-global-typography-text-font-family ), Sans-serif;\">\u00a0<\/span><\/p><p><span style=\"font-style: inherit; font-weight: inherit; color: var( --e-global-color-text ); font-family: var( --e-global-typography-text-font-family ), Sans-serif;\">\u00a0<\/span><\/p><p><span style=\"font-style: inherit; font-weight: inherit; color: var( --e-global-color-text ); font-family: var( --e-global-typography-text-font-family ), Sans-serif;\">\u00a0<\/span><\/p><p>\u00a0<\/p>\t\t\t\t\t\t\t\t<\/div>\n\t\t\t\t<\/div>\n\t\t\t\t\t<\/div>\n\t\t<\/div>\n\t\t\t\t<div class=\"elementor-column elementor-col-50 elementor-top-column elementor-element elementor-element-cf0ea33\" data-id=\"cf0ea33\" data-element_type=\"column\" data-e-type=\"column\" data-settings=\"{&quot;background_background&quot;:&quot;classic&quot;}\">\n\t\t\t<div class=\"elementor-widget-wrap elementor-element-populated\">\n\t\t\t\t\t<div class=\"elementor-background-overlay\"><\/div>\n\t\t\t\t\t\t<div class=\"elementor-element elementor-element-c8cca7c elementor-widget elementor-widget-heading\" data-id=\"c8cca7c\" data-element_type=\"widget\" data-e-type=\"widget\" data-widget_type=\"heading.default\">\n\t\t\t\t<div class=\"elementor-widget-container\">\n\t\t\t\t\t<h2 class=\"elementor-heading-title elementor-size-default\">CONNECTIVIT\u00c9 SANS FIN<\/h2>\t\t\t\t<\/div>\n\t\t\t\t<\/div>\n\t\t\t\t<div class=\"elementor-element elementor-element-d35fada elementor-widget elementor-widget-text-editor\" data-id=\"d35fada\" data-element_type=\"widget\" data-e-type=\"widget\" data-widget_type=\"text-editor.default\">\n\t\t\t\t<div class=\"elementor-widget-container\">\n\t\t\t\t\t\t\t\t\t<p><span style=\"color: #000000;\">Atteignez plus de<\/span><\/p>\t\t\t\t\t\t\t\t<\/div>\n\t\t\t\t<\/div>\n\t\t\t\t<div class=\"elementor-element elementor-element-289caa6 elementor-widget elementor-widget-heading\" data-id=\"289caa6\" data-element_type=\"widget\" data-e-type=\"widget\" data-widget_type=\"heading.default\">\n\t\t\t\t<div class=\"elementor-widget-container\">\n\t\t\t\t\t<h1 class=\"elementor-heading-title elementor-size-xxl\">1200<\/h1>\t\t\t\t<\/div>\n\t\t\t\t<\/div>\n\t\t\t\t<div class=\"elementor-element elementor-element-676a213 elementor-widget elementor-widget-text-editor\" data-id=\"676a213\" data-element_type=\"widget\" data-e-type=\"widget\" data-widget_type=\"text-editor.default\">\n\t\t\t\t<div class=\"elementor-widget-container\">\n\t\t\t\t\t\t\t\t\t<p><span style=\"color: #000000;\">m\u00e8tres <br \/>avec l&rsquo;interface RS485<\/span><\/p>\t\t\t\t\t\t\t\t<\/div>\n\t\t\t\t<\/div>\n\t\t\t\t\t<\/div>\n\t\t<\/div>\n\t\t\t\t\t<\/div>\n\t\t<\/section>\n\t\t\t\t<\/div>\n\t\t","protected":false},"excerpt":{"rendered":"<p>REPOUSSEZ LES LIMITES CONTROLLINO VOUS NOUS LE POUVOIR DU CONTR\u00d4LE TOTAL L&rsquo;API r\u00e9volutionnaire CONTROLLINO vous donne le pouvoir de repousser les limites du possible. Avec une vaste gamme d\u2019entr\u00e9es et de sorties, vous pouvez amener vos projets vers de nouveaux sommets et une nouvelle complexit\u00e9.\u00a0 Obtenez le v\u00f4tre maintenant ! CONTR\u00d4LE SANS LIMITES Commandez jusqu&rsquo;\u00e0 16 relais prenant en charge jusqu&rsquo;\u00e016A et 250V \u00a0 \u00a0 \u00a0 \u00a0 \u00a0 \u00a0 CONNECTIVIT\u00c9 SANS FIN Atteignez plus de 1200 m\u00e8tres avec l&rsquo;interface RS485<\/p>\n","protected":false},"author":1,"featured_media":0,"parent":0,"menu_order":0,"comment_status":"closed","ping_status":"closed","template":"","meta":{"site-sidebar-layout":"no-sidebar","site-content-layout":"page-builder","ast-site-content-layout":"full-width-container","site-content-style":"default","site-sidebar-style":"default","ast-global-header-display":"","ast-banner-title-visibility":"","ast-main-header-display":"","ast-hfb-above-header-display":"","ast-hfb-below-header-display":"","ast-hfb-mobile-header-display":"","site-post-title":"disabled","ast-breadcrumbs-content":"","ast-featured-img":"disabled","footer-sml-layout":"","theme-transparent-header-meta":"","adv-header-id-meta":"","stick-header-meta":"","header-above-stick-meta":"","header-main-stick-meta":"","header-below-stick-meta":"","astra-migrate-meta-layouts":"set","ast-page-background-enabled":"default","ast-page-background-meta":{"desktop":{"background-color":"var(--ast-global-color-4)","background-image":"","background-repeat":"repeat","background-position":"center center","background-size":"auto","background-attachment":"scroll","background-type":"","background-media":"","overlay-type":"","overlay-color":"","overlay-opacity":"","overlay-gradient":""},"tablet":{"background-color":"","background-image":"","background-repeat":"repeat","background-position":"center center","background-size":"auto","background-attachment":"scroll","background-type":"","background-media":"","overlay-type":"","overlay-color":"","overlay-opacity":"","overlay-gradient":""},"mobile":{"background-color":"","background-image":"","background-repeat":"repeat","background-position":"center center","background-size":"auto","background-attachment":"scroll","background-type":"","background-media":"","overlay-type":"","overlay-color":"","overlay-opacity":"","overlay-gradient":""}},"ast-content-background-meta":{"desktop":{"background-color":"var(--ast-global-color-5)","background-image":"","background-repeat":"repeat","background-position":"center center","background-size":"auto","background-attachment":"scroll","background-type":"","background-media":"","overlay-type":"","overlay-color":"","overlay-opacity":"","overlay-gradient":""},"tablet":{"background-color":"var(--ast-global-color-5)","background-image":"","background-repeat":"repeat","background-position":"center center","background-size":"auto","background-attachment":"scroll","background-type":"","background-media":"","overlay-type":"","overlay-color":"","overlay-opacity":"","overlay-gradient":""},"mobile":{"background-color":"var(--ast-global-color-5)","background-image":"","background-repeat":"repeat","background-position":"center center","background-size":"auto","background-attachment":"scroll","background-type":"","background-media":"","overlay-type":"","overlay-color":"","overlay-opacity":"","overlay-gradient":""}},"footnotes":""},"class_list":["post-831","page","type-page","status-publish","hentry"],"yoast_head":"<!-- This site is optimized with the Yoast SEO plugin v27.4 - https:\/\/yoast.com\/product\/yoast-seo-wordpress\/ -->\n<title>Repoussez les limites - Robotis\u00e2mes Pro<\/title>\n<meta name=\"robots\" content=\"index, follow, max-snippet:-1, max-image-preview:large, max-video-preview:-1\" \/>\n<link rel=\"canonical\" href=\"https:\/\/robotisames.com\/pro\/repoussez-limites-controllino\" \/>\n<meta property=\"og:locale\" content=\"fr_FR\" \/>\n<meta property=\"og:type\" content=\"article\" \/>\n<meta property=\"og:title\" content=\"Repoussez les limites - Robotis\u00e2mes Pro\" \/>\n<meta property=\"og:description\" content=\"REPOUSSEZ LES LIMITES CONTROLLINO VOUS NOUS LE POUVOIR DU CONTR\u00d4LE TOTAL L&rsquo;API r\u00e9volutionnaire CONTROLLINO vous donne le pouvoir de repousser les limites du possible. Avec une vaste gamme d\u2019entr\u00e9es et de sorties, vous pouvez amener vos projets vers de nouveaux sommets et une nouvelle complexit\u00e9.\u00a0 Obtenez le v\u00f4tre maintenant ! CONTR\u00d4LE SANS LIMITES Commandez jusqu&rsquo;\u00e0 16 relais prenant en charge jusqu&rsquo;\u00e016A et 250V \u00a0 \u00a0 \u00a0 \u00a0 \u00a0 \u00a0 CONNECTIVIT\u00c9 SANS FIN Atteignez plus de 1200 m\u00e8tres avec l&rsquo;interface RS485\" \/>\n<meta property=\"og:url\" content=\"https:\/\/robotisames.com\/pro\/repoussez-limites-controllino\" \/>\n<meta property=\"og:site_name\" content=\"Robotis\u00e2mes Pro\" \/>\n<meta property=\"article:modified_time\" content=\"2023-09-28T15:38:32+00:00\" \/>\n<meta name=\"twitter:card\" content=\"summary_large_image\" \/>\n<meta name=\"twitter:label1\" content=\"Dur\u00e9e de lecture estim\u00e9e\" \/>\n\t<meta name=\"twitter:data1\" content=\"1 minute\" \/>\n<script type=\"application\/ld+json\" class=\"yoast-schema-graph\">{\"@context\":\"https:\\\/\\\/schema.org\",\"@graph\":[{\"@type\":\"WebPage\",\"@id\":\"https:\\\/\\\/robotisames.com\\\/pro\\\/repoussez-limites-controllino\",\"url\":\"https:\\\/\\\/robotisames.com\\\/pro\\\/repoussez-limites-controllino\",\"name\":\"Repoussez les limites - Robotis\u00e2mes Pro\",\"isPartOf\":{\"@id\":\"https:\\\/\\\/robotisames.com\\\/pro\\\/#website\"},\"datePublished\":\"2023-09-28T15:23:52+00:00\",\"dateModified\":\"2023-09-28T15:38:32+00:00\",\"breadcrumb\":{\"@id\":\"https:\\\/\\\/robotisames.com\\\/pro\\\/repoussez-limites-controllino#breadcrumb\"},\"inLanguage\":\"fr-FR\",\"potentialAction\":[{\"@type\":\"ReadAction\",\"target\":[\"https:\\\/\\\/robotisames.com\\\/pro\\\/repoussez-limites-controllino\"]}]},{\"@type\":\"BreadcrumbList\",\"@id\":\"https:\\\/\\\/robotisames.com\\\/pro\\\/repoussez-limites-controllino#breadcrumb\",\"itemListElement\":[{\"@type\":\"ListItem\",\"position\":1,\"name\":\"Accueil\",\"item\":\"https:\\\/\\\/robotisames.com\\\/pro\\\/\"},{\"@type\":\"ListItem\",\"position\":2,\"name\":\"Repoussez les limites\"}]},{\"@type\":\"WebSite\",\"@id\":\"https:\\\/\\\/robotisames.com\\\/pro\\\/#website\",\"url\":\"https:\\\/\\\/robotisames.com\\\/pro\\\/\",\"name\":\"Robotis\u00e2mes Pro\",\"description\":\"Distributeur officiel Industrial Shields au Maroc\",\"publisher\":{\"@id\":\"https:\\\/\\\/robotisames.com\\\/pro\\\/#organization\"},\"potentialAction\":[{\"@type\":\"SearchAction\",\"target\":{\"@type\":\"EntryPoint\",\"urlTemplate\":\"https:\\\/\\\/robotisames.com\\\/pro\\\/?s={search_term_string}\"},\"query-input\":{\"@type\":\"PropertyValueSpecification\",\"valueRequired\":true,\"valueName\":\"search_term_string\"}}],\"inLanguage\":\"fr-FR\"},{\"@type\":\"Organization\",\"@id\":\"https:\\\/\\\/robotisames.com\\\/pro\\\/#organization\",\"name\":\"Robotis\u00e2mes Pro\",\"url\":\"https:\\\/\\\/robotisames.com\\\/pro\\\/\",\"logo\":{\"@type\":\"ImageObject\",\"inLanguage\":\"fr-FR\",\"@id\":\"https:\\\/\\\/robotisames.com\\\/pro\\\/#\\\/schema\\\/logo\\\/image\\\/\",\"url\":\"https:\\\/\\\/robotisames.com\\\/pro\\\/wp-content\\\/uploads\\\/2023\\\/02\\\/logo-robotisames-pro.png\",\"contentUrl\":\"https:\\\/\\\/robotisames.com\\\/pro\\\/wp-content\\\/uploads\\\/2023\\\/02\\\/logo-robotisames-pro.png\",\"width\":2172,\"height\":330,\"caption\":\"Robotis\u00e2mes Pro\"},\"image\":{\"@id\":\"https:\\\/\\\/robotisames.com\\\/pro\\\/#\\\/schema\\\/logo\\\/image\\\/\"}}]}<\/script>\n<!-- \/ Yoast SEO plugin. -->","yoast_head_json":{"title":"Repoussez les limites - Robotis\u00e2mes Pro","robots":{"index":"index","follow":"follow","max-snippet":"max-snippet:-1","max-image-preview":"max-image-preview:large","max-video-preview":"max-video-preview:-1"},"canonical":"https:\/\/robotisames.com\/pro\/repoussez-limites-controllino","og_locale":"fr_FR","og_type":"article","og_title":"Repoussez les limites - Robotis\u00e2mes Pro","og_description":"REPOUSSEZ LES LIMITES CONTROLLINO VOUS NOUS LE POUVOIR DU CONTR\u00d4LE TOTAL L&rsquo;API r\u00e9volutionnaire CONTROLLINO vous donne le pouvoir de repousser les limites du possible. Avec une vaste gamme d\u2019entr\u00e9es et de sorties, vous pouvez amener vos projets vers de nouveaux sommets et une nouvelle complexit\u00e9.\u00a0 Obtenez le v\u00f4tre maintenant ! CONTR\u00d4LE SANS LIMITES Commandez jusqu&rsquo;\u00e0 16 relais prenant en charge jusqu&rsquo;\u00e016A et 250V \u00a0 \u00a0 \u00a0 \u00a0 \u00a0 \u00a0 CONNECTIVIT\u00c9 SANS FIN Atteignez plus de 1200 m\u00e8tres avec l&rsquo;interface RS485","og_url":"https:\/\/robotisames.com\/pro\/repoussez-limites-controllino","og_site_name":"Robotis\u00e2mes Pro","article_modified_time":"2023-09-28T15:38:32+00:00","twitter_card":"summary_large_image","twitter_misc":{"Dur\u00e9e de lecture estim\u00e9e":"1 minute"},"schema":{"@context":"https:\/\/schema.org","@graph":[{"@type":"WebPage","@id":"https:\/\/robotisames.com\/pro\/repoussez-limites-controllino","url":"https:\/\/robotisames.com\/pro\/repoussez-limites-controllino","name":"Repoussez les limites - Robotis\u00e2mes Pro","isPartOf":{"@id":"https:\/\/robotisames.com\/pro\/#website"},"datePublished":"2023-09-28T15:23:52+00:00","dateModified":"2023-09-28T15:38:32+00:00","breadcrumb":{"@id":"https:\/\/robotisames.com\/pro\/repoussez-limites-controllino#breadcrumb"},"inLanguage":"fr-FR","potentialAction":[{"@type":"ReadAction","target":["https:\/\/robotisames.com\/pro\/repoussez-limites-controllino"]}]},{"@type":"BreadcrumbList","@id":"https:\/\/robotisames.com\/pro\/repoussez-limites-controllino#breadcrumb","itemListElement":[{"@type":"ListItem","position":1,"name":"Accueil","item":"https:\/\/robotisames.com\/pro\/"},{"@type":"ListItem","position":2,"name":"Repoussez les limites"}]},{"@type":"WebSite","@id":"https:\/\/robotisames.com\/pro\/#website","url":"https:\/\/robotisames.com\/pro\/","name":"Robotis\u00e2mes Pro","description":"Distributeur officiel Industrial Shields au Maroc","publisher":{"@id":"https:\/\/robotisames.com\/pro\/#organization"},"potentialAction":[{"@type":"SearchAction","target":{"@type":"EntryPoint","urlTemplate":"https:\/\/robotisames.com\/pro\/?s={search_term_string}"},"query-input":{"@type":"PropertyValueSpecification","valueRequired":true,"valueName":"search_term_string"}}],"inLanguage":"fr-FR"},{"@type":"Organization","@id":"https:\/\/robotisames.com\/pro\/#organization","name":"Robotis\u00e2mes Pro","url":"https:\/\/robotisames.com\/pro\/","logo":{"@type":"ImageObject","inLanguage":"fr-FR","@id":"https:\/\/robotisames.com\/pro\/#\/schema\/logo\/image\/","url":"https:\/\/robotisames.com\/pro\/wp-content\/uploads\/2023\/02\/logo-robotisames-pro.png","contentUrl":"https:\/\/robotisames.com\/pro\/wp-content\/uploads\/2023\/02\/logo-robotisames-pro.png","width":2172,"height":330,"caption":"Robotis\u00e2mes Pro"},"image":{"@id":"https:\/\/robotisames.com\/pro\/#\/schema\/logo\/image\/"}}]}},"_links":{"self":[{"href":"https:\/\/robotisames.com\/pro\/wp-json\/wp\/v2\/pages\/831","targetHints":{"allow":["GET"]}}],"collection":[{"href":"https:\/\/robotisames.com\/pro\/wp-json\/wp\/v2\/pages"}],"about":[{"href":"https:\/\/robotisames.com\/pro\/wp-json\/wp\/v2\/types\/page"}],"author":[{"embeddable":true,"href":"https:\/\/robotisames.com\/pro\/wp-json\/wp\/v2\/users\/1"}],"replies":[{"embeddable":true,"href":"https:\/\/robotisames.com\/pro\/wp-json\/wp\/v2\/comments?post=831"}],"version-history":[{"count":26,"href":"https:\/\/robotisames.com\/pro\/wp-json\/wp\/v2\/pages\/831\/revisions"}],"predecessor-version":[{"id":858,"href":"https:\/\/robotisames.com\/pro\/wp-json\/wp\/v2\/pages\/831\/revisions\/858"}],"wp:attachment":[{"href":"https:\/\/robotisames.com\/pro\/wp-json\/wp\/v2\/media?parent=831"}],"curies":[{"name":"wp","href":"https:\/\/api.w.org\/{rel}","templated":true}]}}